{"id":1260,"date":"2025-11-07T01:46:05","date_gmt":"2025-11-07T00:46:05","guid":{"rendered":"https:\/\/cu4trobikes.es\/?page_id=1260"},"modified":"2026-02-20T12:21:41","modified_gmt":"2026-02-20T11:21:41","slug":"web_scr_aco_doble_anticipo","status":"publish","type":"page","link":"https:\/\/cu4trobikes.es\/index.php\/web_scr_aco_doble_anticipo\/","title":{"rendered":"web_SCR_Aco_doble_anticipo"},"content":{"rendered":"\n<div class=\"wp-block-uagb-container uagb-block-a2eade89 alignfull uagb-is-root-container\"><div class=\"uagb-container-inner-blocks-wrap\">\n<p>Formulario de reservaci\u00f3n: La Sant Cugat Ride 2026<br>Acompa\u00f1ante en habitaci\u00f3n doble.<br>Anticipo del 50%: 1.520,00 \u20ac<\/p>\n<\/div><\/div>\n\n\n<style id=\"wpforms-css-vars-1256-block-ce412902-d2ba-420c-a1db-610869290d6d\">\n\t\t\t\t#wpforms-1256.wpforms-block-ce412902-d2ba-420c-a1db-610869290d6d {\n\t\t\t\t--wpforms-field-size-input-height: 43px;\n--wpforms-field-size-input-spacing: 15px;\n--wpforms-field-size-font-size: 16px;\n--wpforms-field-size-line-height: 19px;\n--wpforms-field-size-padding-h: 14px;\n--wpforms-field-size-checkbox-size: 16px;\n--wpforms-field-size-sublabel-spacing: 5px;\n--wpforms-field-size-icon-size: 1;\n--wpforms-label-size-font-size: 16px;\n--wpforms-label-size-line-height: 19px;\n--wpforms-label-size-sublabel-font-size: 14px;\n--wpforms-label-size-sublabel-line-height: 17px;\n--wpforms-button-size-font-size: 17px;\n--wpforms-button-size-height: 41px;\n--wpforms-button-size-padding-h: 15px;\n--wpforms-button-size-margin-top: 10px;\n--wpforms-container-shadow-size-box-shadow: none;\n\t\t\t}\n\t\t\t<\/style><div class=\"wpforms-container wpforms-container-full wpforms-block wpforms-block-ce412902-d2ba-420c-a1db-610869290d6d wpforms-render-modern\" id=\"wpforms-1256\"><form id=\"wpforms-form-1256\" class=\"wpforms-validate wpforms-form wpforms-ajax-form\" data-formid=\"1256\" method=\"post\" enctype=\"multipart\/form-data\" action=\"\/index.php\/wp-json\/wp\/v2\/pages\/1260\" data-token=\"8b3b145c7f80b32385b58a19c7eacbf6\" data-token-time=\"1777203830\"><noscript class=\"wpforms-error-noscript\">Por favor, activa JavaScript en tu navegador para completar este formulario.<\/noscript><div id=\"wpforms-error-noscript\" style=\"display: none;\">Por favor, activa JavaScript en tu navegador para completar este formulario.<\/div><div class=\"wpforms-field-container\"><div id=\"wpforms-1256-field_3-container\" class=\"wpforms-field wpforms-field-name\" data-field-id=\"3\"><fieldset><legend class=\"wpforms-field-label\">Nombre <span class=\"wpforms-required-label\" aria-hidden=\"true\">*<\/span><\/legend><div class=\"wpforms-field-row wpforms-field-medium\"><div class=\"wpforms-field-row-block wpforms-first wpforms-one-half\"><input type=\"text\" id=\"wpforms-1256-field_3\" class=\"wpforms-field-name-first wpforms-field-required\" name=\"wpforms[fields][3][first]\" aria-errormessage=\"wpforms-1256-field_3-error\" required><label for=\"wpforms-1256-field_3\" class=\"wpforms-field-sublabel after\">Nombre<\/label><\/div><div class=\"wpforms-field-row-block wpforms-one-half\"><input type=\"text\" id=\"wpforms-1256-field_3-last\" class=\"wpforms-field-name-last wpforms-field-required\" name=\"wpforms[fields][3][last]\" aria-errormessage=\"wpforms-1256-field_3-last-error\" required><label for=\"wpforms-1256-field_3-last\" class=\"wpforms-field-sublabel after\">Apellidos<\/label><\/div><\/div><\/fieldset><\/div><div id=\"wpforms-1256-field_4-container\" class=\"wpforms-field wpforms-field-email\" data-field-id=\"4\"><label class=\"wpforms-field-label\" for=\"wpforms-1256-field_4\">Correo electr\u00f3nico <span class=\"wpforms-required-label\" aria-hidden=\"true\">*<\/span><\/label><input type=\"email\" id=\"wpforms-1256-field_4\" class=\"wpforms-field-medium wpforms-field-required\" name=\"wpforms[fields][4]\" spellcheck=\"false\" aria-errormessage=\"wpforms-1256-field_4-error\" required><\/div><div id=\"wpforms-1256-field_5-container\" class=\"wpforms-field wpforms-field-phone\" data-field-id=\"5\"><label class=\"wpforms-field-label\" for=\"wpforms-1256-field_5\">Tel\u00e9fono <span class=\"wpforms-required-label\" aria-hidden=\"true\">*<\/span><\/label><input type=\"tel\" id=\"wpforms-1256-field_5\" class=\"wpforms-field-medium wpforms-field-required\" data-rule-int-phone-field=\"true\" name=\"wpforms[fields][5]\" placeholder=\"+c\u00f3digo pais - tel\u00e9fono m\u00f3vil\" aria-label=\"Tel\u00e9fono\" aria-errormessage=\"wpforms-1256-field_5-error\" required><\/div><div id=\"wpforms-1256-field_6-container\" class=\"wpforms-field wpforms-field-text\" data-field-id=\"6\"><label class=\"wpforms-field-label\" for=\"wpforms-1256-field_6\">Pa\u00eds <span class=\"wpforms-required-label\" aria-hidden=\"true\">*<\/span><\/label><input type=\"text\" id=\"wpforms-1256-field_6\" class=\"wpforms-field-medium wpforms-field-required\" name=\"wpforms[fields][6]\" aria-errormessage=\"wpforms-1256-field_6-error\" required><\/div><div id=\"wpforms-1256-field_7-container\" class=\"wpforms-field wpforms-field-date-time\" data-field-id=\"7\"><fieldset><legend class=\"wpforms-field-label\">Fecha de nacimiento <span class=\"wpforms-required-label\" aria-hidden=\"true\">*<\/span><\/legend><div class=\"wpforms-field-date-dropdown-wrap wpforms-field-medium\"><select name=\"wpforms[fields][7][date][d]\" id=\"wpforms-1256-field_7-day\" class=\"wpforms-field-date-time-date-day wpforms-field-required\" aria-label=\"D\u00eda\"  required><option value=\"\" class=\"placeholder\" selected disabled>DD<\/option><option value=\"1\" >1<\/option><option value=\"2\" >2<\/option><option value=\"3\" >3<\/option><option value=\"4\" >4<\/option><option value=\"5\" >5<\/option><option value=\"6\" >6<\/option><option value=\"7\" >7<\/option><option value=\"8\" >8<\/option><option value=\"9\" >9<\/option><option value=\"10\" >10<\/option><option value=\"11\" >11<\/option><option value=\"12\" >12<\/option><option value=\"13\" >13<\/option><option value=\"14\" >14<\/option><option value=\"15\" >15<\/option><option value=\"16\" >16<\/option><option value=\"17\" >17<\/option><option value=\"18\" >18<\/option><option value=\"19\" >19<\/option><option value=\"20\" >20<\/option><option value=\"21\" >21<\/option><option value=\"22\" >22<\/option><option value=\"23\" >23<\/option><option value=\"24\" >24<\/option><option value=\"25\" >25<\/option><option value=\"26\" >26<\/option><option value=\"27\" >27<\/option><option value=\"28\" >28<\/option><option value=\"29\" >29<\/option><option value=\"30\" >30<\/option><option value=\"31\" >31<\/option><\/select><select name=\"wpforms[fields][7][date][m]\" id=\"wpforms-1256-field_7-month\" class=\"wpforms-field-date-time-date-month wpforms-field-required\" aria-label=\"Mes\"  required><option value=\"\" class=\"placeholder\" selected disabled>MM<\/option><option value=\"1\" >1<\/option><option value=\"2\" >2<\/option><option value=\"3\" >3<\/option><option value=\"4\" >4<\/option><option value=\"5\" >5<\/option><option value=\"6\" >6<\/option><option value=\"7\" >7<\/option><option value=\"8\" >8<\/option><option value=\"9\" >9<\/option><option value=\"10\" >10<\/option><option value=\"11\" >11<\/option><option value=\"12\" >12<\/option><\/select><select name=\"wpforms[fields][7][date][y]\" id=\"wpforms-1256-field_7-year\" class=\"wpforms-field-date-time-date-year wpforms-field-required\" aria-label=\"A\u00f1o\"  required><option value=\"\" class=\"placeholder\" selected disabled>AAAA<\/option><option value=\"2027\" >2027<\/option><option value=\"2026\" >2026<\/option><option value=\"2025\" >2025<\/option><option value=\"2024\" >2024<\/option><option value=\"2023\" >2023<\/option><option value=\"2022\" >2022<\/option><option value=\"2021\" >2021<\/option><option value=\"2020\" >2020<\/option><option value=\"2019\" >2019<\/option><option value=\"2018\" >2018<\/option><option value=\"2017\" >2017<\/option><option value=\"2016\" >2016<\/option><option value=\"2015\" >2015<\/option><option value=\"2014\" >2014<\/option><option value=\"2013\" >2013<\/option><option value=\"2012\" >2012<\/option><option value=\"2011\" >2011<\/option><option value=\"2010\" >2010<\/option><option value=\"2009\" >2009<\/option><option value=\"2008\" >2008<\/option><option value=\"2007\" >2007<\/option><option value=\"2006\" >2006<\/option><option value=\"2005\" >2005<\/option><option value=\"2004\" >2004<\/option><option value=\"2003\" >2003<\/option><option value=\"2002\" >2002<\/option><option value=\"2001\" >2001<\/option><option value=\"2000\" >2000<\/option><option value=\"1999\" >1999<\/option><option value=\"1998\" >1998<\/option><option value=\"1997\" >1997<\/option><option value=\"1996\" >1996<\/option><option value=\"1995\" >1995<\/option><option value=\"1994\" >1994<\/option><option value=\"1993\" >1993<\/option><option value=\"1992\" >1992<\/option><option value=\"1991\" >1991<\/option><option value=\"1990\" >1990<\/option><option value=\"1989\" >1989<\/option><option value=\"1988\" >1988<\/option><option value=\"1987\" >1987<\/option><option value=\"1986\" >1986<\/option><option value=\"1985\" >1985<\/option><option value=\"1984\" >1984<\/option><option value=\"1983\" >1983<\/option><option value=\"1982\" >1982<\/option><option value=\"1981\" >1981<\/option><option value=\"1980\" >1980<\/option><option value=\"1979\" >1979<\/option><option value=\"1978\" >1978<\/option><option value=\"1977\" >1977<\/option><option value=\"1976\" >1976<\/option><option value=\"1975\" >1975<\/option><option value=\"1974\" >1974<\/option><option value=\"1973\" >1973<\/option><option value=\"1972\" >1972<\/option><option value=\"1971\" >1971<\/option><option value=\"1970\" >1970<\/option><option value=\"1969\" >1969<\/option><option value=\"1968\" >1968<\/option><option value=\"1967\" >1967<\/option><option value=\"1966\" >1966<\/option><option value=\"1965\" >1965<\/option><option value=\"1964\" >1964<\/option><option value=\"1963\" >1963<\/option><option value=\"1962\" >1962<\/option><option value=\"1961\" >1961<\/option><option value=\"1960\" >1960<\/option><option value=\"1959\" >1959<\/option><option value=\"1958\" >1958<\/option><option value=\"1957\" >1957<\/option><option value=\"1956\" >1956<\/option><option value=\"1955\" >1955<\/option><option value=\"1954\" >1954<\/option><option value=\"1953\" >1953<\/option><option value=\"1952\" >1952<\/option><option value=\"1951\" >1951<\/option><option value=\"1950\" >1950<\/option><option value=\"1949\" >1949<\/option><option value=\"1948\" >1948<\/option><option value=\"1947\" >1947<\/option><option value=\"1946\" >1946<\/option><option value=\"1945\" >1945<\/option><option value=\"1944\" >1944<\/option><option value=\"1943\" >1943<\/option><option value=\"1942\" >1942<\/option><option value=\"1941\" >1941<\/option><option value=\"1940\" >1940<\/option><option value=\"1939\" >1939<\/option><option value=\"1938\" >1938<\/option><option value=\"1937\" >1937<\/option><option value=\"1936\" >1936<\/option><option value=\"1935\" >1935<\/option><option value=\"1934\" >1934<\/option><option value=\"1933\" >1933<\/option><option value=\"1932\" >1932<\/option><option value=\"1931\" >1931<\/option><option value=\"1930\" >1930<\/option><option value=\"1929\" >1929<\/option><option value=\"1928\" >1928<\/option><option value=\"1927\" >1927<\/option><option value=\"1926\" >1926<\/option><option value=\"1925\" >1925<\/option><option value=\"1924\" >1924<\/option><option value=\"1923\" >1923<\/option><option value=\"1922\" >1922<\/option><option value=\"1921\" >1921<\/option><option value=\"1920\" >1920<\/option><\/select><\/div><\/fieldset><\/div><div id=\"wpforms-1256-field_8-container\" class=\"wpforms-field wpforms-field-number\" data-field-id=\"8\"><label class=\"wpforms-field-label\" for=\"wpforms-1256-field_8\">Edad <span class=\"wpforms-required-label\" aria-hidden=\"true\">*<\/span><\/label><input type=\"number\" id=\"wpforms-1256-field_8\" class=\"wpforms-field-medium wpforms-field-required\" name=\"wpforms[fields][8]\" step=\"any\" aria-errormessage=\"wpforms-1256-field_8-error\" required><\/div><div id=\"wpforms-1256-field_9-container\" class=\"wpforms-field wpforms-field-radio\" data-field-id=\"9\"><fieldset><legend class=\"wpforms-field-label\">G\u00e9nero <span class=\"wpforms-required-label\" aria-hidden=\"true\">*<\/span><\/legend><ul id=\"wpforms-1256-field_9\" class=\"wpforms-field-required\"><li class=\"choice-1 depth-1\"><input type=\"radio\" id=\"wpforms-1256-field_9_1\" name=\"wpforms[fields][9]\" value=\"Mujer\" aria-errormessage=\"wpforms-1256-field_9_1-error\" required ><label class=\"wpforms-field-label-inline\" for=\"wpforms-1256-field_9_1\">Mujer<\/label><\/li><li class=\"choice-2 depth-1\"><input type=\"radio\" id=\"wpforms-1256-field_9_2\" name=\"wpforms[fields][9]\" value=\"Hombre\" aria-errormessage=\"wpforms-1256-field_9_2-error\" required ><label class=\"wpforms-field-label-inline\" for=\"wpforms-1256-field_9_2\">Hombre<\/label><\/li><\/ul><\/fieldset><\/div><div id=\"wpforms-1256-field_10-container\" class=\"wpforms-field wpforms-field-text\" data-field-id=\"10\"><label class=\"wpforms-field-label\" for=\"wpforms-1256-field_10\">Nombre de acompa\u00f1ante de habitaci\u00f3n (De no designarlo, lo asignar\u00e1 la organizaci\u00f3n)<\/label><input type=\"text\" id=\"wpforms-1256-field_10\" class=\"wpforms-field-medium\" name=\"wpforms[fields][10]\" aria-errormessage=\"wpforms-1256-field_10-error\" ><\/div><div id=\"wpforms-1256-field_11-container\" class=\"wpforms-field wpforms-field-select wpforms-field-select-style-classic\" data-field-id=\"11\"><label class=\"wpforms-field-label\" for=\"wpforms-1256-field_11\">Talla de playera <span class=\"wpforms-required-label\" aria-hidden=\"true\">*<\/span><\/label><select id=\"wpforms-1256-field_11\" class=\"wpforms-field-medium wpforms-field-required\" name=\"wpforms[fields][11]\" required=\"required\"><option value=\"\" class=\"placeholder\" disabled  selected='selected'>&#8212; Selecciona la opci\u00f3n &#8212;<\/option><option value=\"XS\"  class=\"choice-1 depth-1\"  >XS<\/option><option value=\"S\"  class=\"choice-2 depth-1\"  >S<\/option><option value=\"M\"  class=\"choice-3 depth-1\"  >M<\/option><option value=\"L\"  class=\"choice-4 depth-1\"  >L<\/option><option value=\"XXL\"  class=\"choice-5 depth-1\"  >XXL<\/option><option value=\"3XL\"  class=\"choice-6 depth-1\"  >3XL<\/option><option value=\"4XL\"  class=\"choice-7 depth-1\"  >4XL<\/option><\/select><\/div><div id=\"wpforms-1256-field_12-container\" class=\"wpforms-field wpforms-field-text\" data-field-id=\"12\"><label class=\"wpforms-field-label\" for=\"wpforms-1256-field_12\">Alergias<\/label><input type=\"text\" id=\"wpforms-1256-field_12\" class=\"wpforms-field-medium\" name=\"wpforms[fields][12]\" aria-errormessage=\"wpforms-1256-field_12-error\" ><\/div><div id=\"wpforms-1256-field_13-container\" class=\"wpforms-field wpforms-field-text\" data-field-id=\"13\"><label class=\"wpforms-field-label\" for=\"wpforms-1256-field_13\">Tipo de sangre <span class=\"wpforms-required-label\" aria-hidden=\"true\">*<\/span><\/label><input type=\"text\" id=\"wpforms-1256-field_13\" class=\"wpforms-field-small wpforms-field-required\" name=\"wpforms[fields][13]\" aria-errormessage=\"wpforms-1256-field_13-error\" required><\/div>\t\t<div id=\"wpforms-1256-field_1-container\"\n\t\t\tclass=\"wpforms-field wpforms-field-text\"\n\t\t\tdata-field-type=\"text\"\n\t\t\tdata-field-id=\"1\"\n\t\t\t>\n\t\t\t<label class=\"wpforms-field-label\" for=\"wpforms-1256-field_1\" >seguro Tipo Nombre<\/label>\n\t\t\t<input type=\"text\" id=\"wpforms-1256-field_1\" class=\"wpforms-field-medium\" name=\"wpforms[fields][1]\" >\n\t\t<\/div>\n\t\t<div id=\"wpforms-1256-field_14-container\" class=\"wpforms-field wpforms-field-text\" data-field-id=\"14\"><label class=\"wpforms-field-label\" for=\"wpforms-1256-field_14\">Nombre de la aseguradora <span class=\"wpforms-required-label\" aria-hidden=\"true\">*<\/span><\/label><input type=\"text\" id=\"wpforms-1256-field_14\" class=\"wpforms-field-medium wpforms-field-required\" name=\"wpforms[fields][14]\" aria-errormessage=\"wpforms-1256-field_14-error\" required><\/div><div id=\"wpforms-1256-field_15-container\" class=\"wpforms-field wpforms-field-text\" data-field-id=\"15\"><label class=\"wpforms-field-label\" for=\"wpforms-1256-field_15\">N\u00famero p\u00f3liza de seguro de gastos m\u00e9dicos <span class=\"wpforms-required-label\" aria-hidden=\"true\">*<\/span><\/label><input type=\"text\" id=\"wpforms-1256-field_15\" class=\"wpforms-field-medium wpforms-field-required\" name=\"wpforms[fields][15]\" aria-errormessage=\"wpforms-1256-field_15-error\" required><\/div><div id=\"wpforms-1256-field_19-container\" class=\"wpforms-field wpforms-field-radio\" data-field-id=\"19\"><fieldset><legend class=\"wpforms-field-label\">Preferencia alimentaria<\/legend><ul id=\"wpforms-1256-field_19\"><li class=\"choice-1 depth-1 wpforms-selected\"><input type=\"radio\" id=\"wpforms-1256-field_19_1\" name=\"wpforms[fields][19]\" value=\"Men\u00fa est\u00e1ndar\" aria-errormessage=\"wpforms-1256-field_19_1-error\"   checked='checked'><label class=\"wpforms-field-label-inline\" for=\"wpforms-1256-field_19_1\">Men\u00fa est\u00e1ndar<\/label><\/li><li class=\"choice-2 depth-1\"><input type=\"radio\" id=\"wpforms-1256-field_19_2\" name=\"wpforms[fields][19]\" value=\"Men\u00fa vegetariano\" aria-errormessage=\"wpforms-1256-field_19_2-error\"  ><label class=\"wpforms-field-label-inline\" for=\"wpforms-1256-field_19_2\">Men\u00fa vegetariano<\/label><\/li><li class=\"choice-3 depth-1\"><input type=\"radio\" id=\"wpforms-1256-field_19_3\" name=\"wpforms[fields][19]\" value=\"Men\u00fa vegano\" aria-errormessage=\"wpforms-1256-field_19_3-error\"  ><label class=\"wpforms-field-label-inline\" for=\"wpforms-1256-field_19_3\">Men\u00fa vegano<\/label><\/li><\/ul><\/fieldset><\/div><div id=\"wpforms-1256-field_17-container\" class=\"wpforms-field wpforms-field-textarea\" data-field-id=\"17\"><label class=\"wpforms-field-label\" for=\"wpforms-1256-field_17\">Comentarios e informaci\u00f3n adicional<\/label><textarea id=\"wpforms-1256-field_17\" class=\"wpforms-field-medium\" name=\"wpforms[fields][17]\" aria-errormessage=\"wpforms-1256-field_17-error\" ><\/textarea><\/div><div id=\"wpforms-1256-field_18-container\" class=\"wpforms-field wpforms-field-checkbox\" data-field-id=\"18\"><fieldset><legend class=\"wpforms-field-label\">REGLAMENTO <span class=\"wpforms-required-label\" aria-hidden=\"true\">*<\/span><\/legend><ul id=\"wpforms-1256-field_18\" class=\"wpforms-field-required\"><li class=\"choice-1 depth-1\"><input type=\"checkbox\" id=\"wpforms-1256-field_18_1\" name=\"wpforms[fields][18][]\" value=\"He le\u00eddo y acepto los t\u00e9rminos y condiciones del REGLAMENTO del evento\" aria-errormessage=\"wpforms-1256-field_18_1-error\" required ><label class=\"wpforms-field-label-inline\" for=\"wpforms-1256-field_18_1\">He le\u00eddo y acepto los t\u00e9rminos y condiciones del REGLAMENTO del evento<\/label><\/li><\/ul><\/fieldset><\/div><script>\n\t\t\t\t( function() {\n\t\t\t\t\tconst style = document.createElement( 'style' );\n\t\t\t\t\tstyle.appendChild( document.createTextNode( '#wpforms-1256-field_1-container { position: absolute !important; overflow: hidden !important; display: inline !important; height: 1px !important; width: 1px !important; z-index: -1000 !important; padding: 0 !important; } #wpforms-1256-field_1-container input { visibility: hidden; } #wpforms-conversational-form-page #wpforms-1256-field_1-container label { counter-increment: none; }' ) );\n\t\t\t\t\tdocument.head.appendChild( style );\n\t\t\t\t\tdocument.currentScript?.remove();\n\t\t\t\t} )();\n\t\t\t<\/script><\/div><!-- .wpforms-field-container --><div class=\"wpforms-submit-container\" ><input type=\"hidden\" name=\"wpforms[id]\" value=\"1256\"><input type=\"hidden\" name=\"page_title\" value=\"\"><input type=\"hidden\" name=\"page_url\" value=\"https:\/\/cu4trobikes.es\/index.php\/wp-json\/wp\/v2\/pages\/1260\"><input type=\"hidden\" name=\"url_referer\" value=\"\"><button type=\"submit\" name=\"wpforms[submit]\" id=\"wpforms-submit-1256\" class=\"wpforms-submit\" data-alt-text=\"Enviando...\" data-submit-text=\"Enviar\" aria-live=\"assertive\" value=\"wpforms-submit\">Enviar<\/button><img loading=\"lazy\" decoding=\"async\" src=\"https:\/\/cu4trobikes.es\/wp-content\/plugins\/wpforms\/assets\/images\/submit-spin.svg\" class=\"wpforms-submit-spinner\" style=\"display: none;\" width=\"26\" height=\"26\" alt=\"Cargando\"><\/div><\/form><\/div>  <!-- .wpforms-container -->","protected":false},"excerpt":{"rendered":"<p>Formulario de reservaci\u00f3n: La Sant Cugat Ride 2026Acompa\u00f1ante en habitaci\u00f3n doble.Anticipo del 50%: 1.520,00 \u20ac<\/p>\n","protected":false},"author":1,"featured_media":0,"parent":0,"menu_order":0,"comment_status":"closed","ping_status":"closed","template":"","meta":{"_uag_custom_page_level_css":"","site-sidebar-layout":"default","site-content-layout":"","ast-site-content-layout":"","site-content-style":"default","site-sidebar-style":"default","ast-global-header-display":"","ast-banner-title-visibility":"","ast-main-header-display":"","ast-hfb-above-header-display":"","ast-hfb-below-header-display":"","ast-hfb-mobile-header-display":"","site-post-title":"disabled","ast-breadcrumbs-content":"","ast-featured-img":"","footer-sml-layout":"","theme-transparent-header-meta":"","adv-header-id-meta":"","stick-header-meta":"","header-above-stick-meta":"","header-main-stick-meta":"","header-below-stick-meta":"","astra-migrate-meta-layouts":"","ast-page-background-enabled":"default","ast-page-background-meta":{"desktop":{"background-color":"var(--ast-global-color-4)","background-image":"","background-repeat":"repeat","background-position":"center center","background-size":"auto","background-attachment":"scroll","background-type":"","background-media":"","overlay-type":"","overlay-color":"","overlay-gradient":""},"tablet":{"background-color":"","background-image":"","background-repeat":"repeat","background-position":"center center","background-size":"auto","background-attachment":"scroll","background-type":"","background-media":"","overlay-type":"","overlay-color":"","overlay-gradient":""},"mobile":{"background-color":"","background-image":"","background-repeat":"repeat","background-position":"center center","background-size":"auto","background-attachment":"scroll","background-type":"","background-media":"","overlay-type":"","overlay-color":"","overlay-gradient":""}},"ast-content-background-meta":{"desktop":{"background-color":"var(--ast-global-color-5)","background-image":"","background-repeat":"repeat","background-position":"center center","background-size":"auto","background-attachment":"scroll","background-type":"","background-media":"","overlay-type":"","overlay-color":"","overlay-gradient":""},"tablet":{"background-color":"var(--ast-global-color-5)","background-image":"","background-repeat":"repeat","background-position":"center center","background-size":"auto","background-attachment":"scroll","background-type":"","background-media":"","overlay-type":"","overlay-color":"","overlay-gradient":""},"mobile":{"background-color":"var(--ast-global-color-5)","background-image":"","background-repeat":"repeat","background-position":"center center","background-size":"auto","background-attachment":"scroll","background-type":"","background-media":"","overlay-type":"","overlay-color":"","overlay-gradient":""}},"footnotes":""},"class_list":["post-1260","page","type-page","status-publish","hentry"],"uagb_featured_image_src":{"full":false,"thumbnail":false,"medium":false,"medium_large":false,"large":false,"1536x1536":false,"2048x2048":false,"woocommerce_thumbnail":false,"woocommerce_single":false,"woocommerce_gallery_thumbnail":false},"uagb_author_info":{"display_name":"hectordh","author_link":"https:\/\/cu4trobikes.es\/index.php\/author\/hectordh\/"},"uagb_comment_info":0,"uagb_excerpt":"Formulario de reservaci\u00f3n: La Sant Cugat Ride 2026Acompa\u00f1ante en habitaci\u00f3n doble.Anticipo del 50%: 1.520,00 \u20ac","_links":{"self":[{"href":"https:\/\/cu4trobikes.es\/index.php\/wp-json\/wp\/v2\/pages\/1260","targetHints":{"allow":["GET"]}}],"collection":[{"href":"https:\/\/cu4trobikes.es\/index.php\/wp-json\/wp\/v2\/pages"}],"about":[{"href":"https:\/\/cu4trobikes.es\/index.php\/wp-json\/wp\/v2\/types\/page"}],"author":[{"embeddable":true,"href":"https:\/\/cu4trobikes.es\/index.php\/wp-json\/wp\/v2\/users\/1"}],"replies":[{"embeddable":true,"href":"https:\/\/cu4trobikes.es\/index.php\/wp-json\/wp\/v2\/comments?post=1260"}],"version-history":[{"count":3,"href":"https:\/\/cu4trobikes.es\/index.php\/wp-json\/wp\/v2\/pages\/1260\/revisions"}],"predecessor-version":[{"id":1550,"href":"https:\/\/cu4trobikes.es\/index.php\/wp-json\/wp\/v2\/pages\/1260\/revisions\/1550"}],"wp:attachment":[{"href":"https:\/\/cu4trobikes.es\/index.php\/wp-json\/wp\/v2\/media?parent=1260"}],"curies":[{"name":"wp","href":"https:\/\/api.w.org\/{rel}","templated":true}]}}