{"id":1290,"date":"2025-11-07T02:35:20","date_gmt":"2025-11-07T01:35:20","guid":{"rendered":"https:\/\/cu4trobikes.es\/?page_id=1290"},"modified":"2026-02-20T12:12:57","modified_gmt":"2026-02-20T11:12:57","slug":"web_scr_ciclistabpropia_individual_total","status":"publish","type":"page","link":"https:\/\/cu4trobikes.es\/index.php\/web_scr_ciclistabpropia_individual_total\/","title":{"rendered":"web_SCR_CiclistaBPropia_individual_total"},"content":{"rendered":"\n<div class=\"wp-block-uagb-container uagb-block-f550329a alignfull uagb-is-root-container\"><div class=\"uagb-container-inner-blocks-wrap\">\n<p>Formulario de reservaci\u00f3n: La Sant Cugat Ride 2026<br>Ciclista con bicicleta propia en habitaci\u00f3n individual.<br>Pago total: 3.986,00 \u20ac<\/p>\n<\/div><\/div>\n\n\n<style id=\"wpforms-css-vars-1283-block-f42439ec-2104-4343-a5bb-949fb8e0d2d5\">\n\t\t\t\t#wpforms-1283.wpforms-block-f42439ec-2104-4343-a5bb-949fb8e0d2d5 {\n\t\t\t\t--wpforms-field-size-input-height: 43px;\n--wpforms-field-size-input-spacing: 15px;\n--wpforms-field-size-font-size: 16px;\n--wpforms-field-size-line-height: 19px;\n--wpforms-field-size-padding-h: 14px;\n--wpforms-field-size-checkbox-size: 16px;\n--wpforms-field-size-sublabel-spacing: 5px;\n--wpforms-field-size-icon-size: 1;\n--wpforms-label-size-font-size: 16px;\n--wpforms-label-size-line-height: 19px;\n--wpforms-label-size-sublabel-font-size: 14px;\n--wpforms-label-size-sublabel-line-height: 17px;\n--wpforms-button-size-font-size: 17px;\n--wpforms-button-size-height: 41px;\n--wpforms-button-size-padding-h: 15px;\n--wpforms-button-size-margin-top: 10px;\n--wpforms-container-shadow-size-box-shadow: none;\n\t\t\t}\n\t\t\t<\/style><div class=\"wpforms-container wpforms-container-full wpforms-block wpforms-block-f42439ec-2104-4343-a5bb-949fb8e0d2d5 wpforms-render-modern\" id=\"wpforms-1283\"><form id=\"wpforms-form-1283\" class=\"wpforms-validate wpforms-form wpforms-ajax-form\" data-formid=\"1283\" method=\"post\" enctype=\"multipart\/form-data\" action=\"\/index.php\/wp-json\/wp\/v2\/pages\/1290\" data-token=\"69dcf05a6703fbac6588e876e4ddcf0d\" data-token-time=\"1777061251\"><noscript class=\"wpforms-error-noscript\">Por favor, activa JavaScript en tu navegador para completar este formulario.<\/noscript><div id=\"wpforms-error-noscript\" style=\"display: none;\">Por favor, activa JavaScript en tu navegador para completar este formulario.<\/div><div class=\"wpforms-field-container\"><div id=\"wpforms-1283-field_3-container\" class=\"wpforms-field wpforms-field-name\" data-field-id=\"3\"><fieldset><legend class=\"wpforms-field-label\">Nombre <span class=\"wpforms-required-label\" aria-hidden=\"true\">*<\/span><\/legend><div class=\"wpforms-field-row wpforms-field-medium\"><div class=\"wpforms-field-row-block wpforms-first wpforms-one-half\"><input type=\"text\" id=\"wpforms-1283-field_3\" class=\"wpforms-field-name-first wpforms-field-required\" name=\"wpforms[fields][3][first]\" aria-errormessage=\"wpforms-1283-field_3-error\" required><label for=\"wpforms-1283-field_3\" class=\"wpforms-field-sublabel after\">Nombre<\/label><\/div><div class=\"wpforms-field-row-block wpforms-one-half\"><input type=\"text\" id=\"wpforms-1283-field_3-last\" class=\"wpforms-field-name-last wpforms-field-required\" name=\"wpforms[fields][3][last]\" aria-errormessage=\"wpforms-1283-field_3-last-error\" required><label for=\"wpforms-1283-field_3-last\" class=\"wpforms-field-sublabel after\">Apellidos<\/label><\/div><\/div><\/fieldset><\/div><div id=\"wpforms-1283-field_4-container\" class=\"wpforms-field wpforms-field-email\" data-field-id=\"4\"><label class=\"wpforms-field-label\" for=\"wpforms-1283-field_4\">Correo electr\u00f3nico <span class=\"wpforms-required-label\" aria-hidden=\"true\">*<\/span><\/label><input type=\"email\" id=\"wpforms-1283-field_4\" class=\"wpforms-field-medium wpforms-field-required\" name=\"wpforms[fields][4]\" spellcheck=\"false\" aria-errormessage=\"wpforms-1283-field_4-error\" required><\/div><div id=\"wpforms-1283-field_5-container\" class=\"wpforms-field wpforms-field-phone\" data-field-id=\"5\"><label class=\"wpforms-field-label\" for=\"wpforms-1283-field_5\">Tel\u00e9fono <span class=\"wpforms-required-label\" aria-hidden=\"true\">*<\/span><\/label><input type=\"tel\" id=\"wpforms-1283-field_5\" class=\"wpforms-field-medium wpforms-field-required\" data-rule-int-phone-field=\"true\" name=\"wpforms[fields][5]\" placeholder=\"+c\u00f3digo pais - tel\u00e9fono m\u00f3vil\" aria-label=\"Tel\u00e9fono\" aria-errormessage=\"wpforms-1283-field_5-error\" required><\/div><div id=\"wpforms-1283-field_6-container\" class=\"wpforms-field wpforms-field-text\" data-field-id=\"6\"><label class=\"wpforms-field-label\" for=\"wpforms-1283-field_6\">Pa\u00eds <span class=\"wpforms-required-label\" aria-hidden=\"true\">*<\/span><\/label><input type=\"text\" id=\"wpforms-1283-field_6\" class=\"wpforms-field-medium wpforms-field-required\" name=\"wpforms[fields][6]\" aria-errormessage=\"wpforms-1283-field_6-error\" required><\/div><div id=\"wpforms-1283-field_7-container\" class=\"wpforms-field wpforms-field-date-time\" data-field-id=\"7\"><fieldset><legend class=\"wpforms-field-label\">Fecha de nacimiento <span class=\"wpforms-required-label\" aria-hidden=\"true\">*<\/span><\/legend><div class=\"wpforms-field-date-dropdown-wrap wpforms-field-medium\"><select name=\"wpforms[fields][7][date][d]\" id=\"wpforms-1283-field_7-day\" class=\"wpforms-field-date-time-date-day wpforms-field-required\" aria-label=\"D\u00eda\"  required><option value=\"\" class=\"placeholder\" selected disabled>DD<\/option><option value=\"1\" >1<\/option><option value=\"2\" >2<\/option><option value=\"3\" >3<\/option><option value=\"4\" >4<\/option><option value=\"5\" >5<\/option><option value=\"6\" >6<\/option><option value=\"7\" >7<\/option><option value=\"8\" >8<\/option><option value=\"9\" >9<\/option><option value=\"10\" >10<\/option><option value=\"11\" >11<\/option><option value=\"12\" >12<\/option><option value=\"13\" >13<\/option><option value=\"14\" >14<\/option><option value=\"15\" >15<\/option><option value=\"16\" >16<\/option><option value=\"17\" >17<\/option><option value=\"18\" >18<\/option><option value=\"19\" >19<\/option><option value=\"20\" >20<\/option><option value=\"21\" >21<\/option><option value=\"22\" >22<\/option><option value=\"23\" >23<\/option><option value=\"24\" >24<\/option><option value=\"25\" >25<\/option><option value=\"26\" >26<\/option><option value=\"27\" >27<\/option><option value=\"28\" >28<\/option><option value=\"29\" >29<\/option><option value=\"30\" >30<\/option><option value=\"31\" >31<\/option><\/select><select name=\"wpforms[fields][7][date][m]\" id=\"wpforms-1283-field_7-month\" class=\"wpforms-field-date-time-date-month wpforms-field-required\" aria-label=\"Mes\"  required><option value=\"\" class=\"placeholder\" selected disabled>MM<\/option><option value=\"1\" >1<\/option><option value=\"2\" >2<\/option><option value=\"3\" >3<\/option><option value=\"4\" >4<\/option><option value=\"5\" >5<\/option><option value=\"6\" >6<\/option><option value=\"7\" >7<\/option><option value=\"8\" >8<\/option><option value=\"9\" >9<\/option><option value=\"10\" >10<\/option><option value=\"11\" >11<\/option><option value=\"12\" >12<\/option><\/select><select name=\"wpforms[fields][7][date][y]\" id=\"wpforms-1283-field_7-year\" class=\"wpforms-field-date-time-date-year wpforms-field-required\" aria-label=\"A\u00f1o\"  required><option value=\"\" class=\"placeholder\" selected disabled>AAAA<\/option><option value=\"2027\" >2027<\/option><option value=\"2026\" >2026<\/option><option value=\"2025\" >2025<\/option><option value=\"2024\" >2024<\/option><option value=\"2023\" >2023<\/option><option value=\"2022\" >2022<\/option><option value=\"2021\" >2021<\/option><option value=\"2020\" >2020<\/option><option value=\"2019\" >2019<\/option><option value=\"2018\" >2018<\/option><option value=\"2017\" >2017<\/option><option value=\"2016\" >2016<\/option><option value=\"2015\" >2015<\/option><option value=\"2014\" >2014<\/option><option value=\"2013\" >2013<\/option><option value=\"2012\" >2012<\/option><option value=\"2011\" >2011<\/option><option value=\"2010\" >2010<\/option><option value=\"2009\" >2009<\/option><option value=\"2008\" >2008<\/option><option value=\"2007\" >2007<\/option><option value=\"2006\" >2006<\/option><option value=\"2005\" >2005<\/option><option value=\"2004\" >2004<\/option><option value=\"2003\" >2003<\/option><option value=\"2002\" >2002<\/option><option value=\"2001\" >2001<\/option><option value=\"2000\" >2000<\/option><option value=\"1999\" >1999<\/option><option value=\"1998\" >1998<\/option><option value=\"1997\" >1997<\/option><option value=\"1996\" >1996<\/option><option value=\"1995\" >1995<\/option><option value=\"1994\" >1994<\/option><option value=\"1993\" >1993<\/option><option value=\"1992\" >1992<\/option><option value=\"1991\" >1991<\/option><option value=\"1990\" >1990<\/option><option value=\"1989\" >1989<\/option><option value=\"1988\" >1988<\/option><option value=\"1987\" >1987<\/option><option value=\"1986\" >1986<\/option><option value=\"1985\" >1985<\/option><option value=\"1984\" >1984<\/option><option value=\"1983\" >1983<\/option><option value=\"1982\" >1982<\/option><option value=\"1981\" >1981<\/option><option value=\"1980\" >1980<\/option><option value=\"1979\" >1979<\/option><option value=\"1978\" >1978<\/option><option value=\"1977\" >1977<\/option><option value=\"1976\" >1976<\/option><option value=\"1975\" >1975<\/option><option value=\"1974\" >1974<\/option><option value=\"1973\" >1973<\/option><option value=\"1972\" >1972<\/option><option value=\"1971\" >1971<\/option><option value=\"1970\" >1970<\/option><option value=\"1969\" >1969<\/option><option value=\"1968\" >1968<\/option><option value=\"1967\" >1967<\/option><option value=\"1966\" >1966<\/option><option value=\"1965\" >1965<\/option><option value=\"1964\" >1964<\/option><option value=\"1963\" >1963<\/option><option value=\"1962\" >1962<\/option><option value=\"1961\" >1961<\/option><option value=\"1960\" >1960<\/option><option value=\"1959\" >1959<\/option><option value=\"1958\" >1958<\/option><option value=\"1957\" >1957<\/option><option value=\"1956\" >1956<\/option><option value=\"1955\" >1955<\/option><option value=\"1954\" >1954<\/option><option value=\"1953\" >1953<\/option><option value=\"1952\" >1952<\/option><option value=\"1951\" >1951<\/option><option value=\"1950\" >1950<\/option><option value=\"1949\" >1949<\/option><option value=\"1948\" >1948<\/option><option value=\"1947\" >1947<\/option><option value=\"1946\" >1946<\/option><option value=\"1945\" >1945<\/option><option value=\"1944\" >1944<\/option><option value=\"1943\" >1943<\/option><option value=\"1942\" >1942<\/option><option value=\"1941\" >1941<\/option><option value=\"1940\" >1940<\/option><option value=\"1939\" >1939<\/option><option value=\"1938\" >1938<\/option><option value=\"1937\" >1937<\/option><option value=\"1936\" >1936<\/option><option value=\"1935\" >1935<\/option><option value=\"1934\" >1934<\/option><option value=\"1933\" >1933<\/option><option value=\"1932\" >1932<\/option><option value=\"1931\" >1931<\/option><option value=\"1930\" >1930<\/option><option value=\"1929\" >1929<\/option><option value=\"1928\" >1928<\/option><option value=\"1927\" >1927<\/option><option value=\"1926\" >1926<\/option><option value=\"1925\" >1925<\/option><option value=\"1924\" >1924<\/option><option value=\"1923\" >1923<\/option><option value=\"1922\" >1922<\/option><option value=\"1921\" >1921<\/option><option value=\"1920\" >1920<\/option><\/select><\/div><\/fieldset><\/div><div id=\"wpforms-1283-field_8-container\" class=\"wpforms-field wpforms-field-number\" data-field-id=\"8\"><label class=\"wpforms-field-label\" for=\"wpforms-1283-field_8\">Edad <span class=\"wpforms-required-label\" aria-hidden=\"true\">*<\/span><\/label><input type=\"number\" id=\"wpforms-1283-field_8\" class=\"wpforms-field-medium wpforms-field-required\" name=\"wpforms[fields][8]\" step=\"any\" aria-errormessage=\"wpforms-1283-field_8-error\" required><\/div><div id=\"wpforms-1283-field_9-container\" class=\"wpforms-field wpforms-field-radio\" data-field-id=\"9\"><fieldset><legend class=\"wpforms-field-label\">G\u00e9nero <span class=\"wpforms-required-label\" aria-hidden=\"true\">*<\/span><\/legend><ul id=\"wpforms-1283-field_9\" class=\"wpforms-field-required\"><li class=\"choice-1 depth-1\"><input type=\"radio\" id=\"wpforms-1283-field_9_1\" name=\"wpforms[fields][9]\" value=\"Mujer\" aria-errormessage=\"wpforms-1283-field_9_1-error\" required ><label class=\"wpforms-field-label-inline\" for=\"wpforms-1283-field_9_1\">Mujer<\/label><\/li><li class=\"choice-2 depth-1\"><input type=\"radio\" id=\"wpforms-1283-field_9_2\" name=\"wpforms[fields][9]\" value=\"Hombre\" aria-errormessage=\"wpforms-1283-field_9_2-error\" required ><label class=\"wpforms-field-label-inline\" for=\"wpforms-1283-field_9_2\">Hombre<\/label><\/li><\/ul><\/fieldset><\/div><div id=\"wpforms-1283-field_19-container\" class=\"wpforms-field wpforms-field-select wpforms-field-select-style-classic\" data-field-id=\"19\"><label class=\"wpforms-field-label\" for=\"wpforms-1283-field_19\">Talla de maillot unisex <span class=\"wpforms-required-label\" aria-hidden=\"true\">*<\/span><\/label><select id=\"wpforms-1283-field_19\" class=\"wpforms-field-medium wpforms-field-required\" name=\"wpforms[fields][19]\" required=\"required\"><option value=\"\" class=\"placeholder\" disabled  selected='selected'>&#8212; Selecciona la opci\u00f3n &#8212;<\/option><option value=\"XS\"  class=\"choice-1 depth-1\"  >XS<\/option><option value=\"S\"  class=\"choice-2 depth-1\"  >S<\/option><option value=\"M\"  class=\"choice-3 depth-1\"  >M<\/option><option value=\"L\"  class=\"choice-4 depth-1\"  >L<\/option><option value=\"XL\"  class=\"choice-5 depth-1\"  >XL<\/option><option value=\"2XL\"  class=\"choice-6 depth-1\"  >2XL<\/option><option value=\"3XL\"  class=\"choice-7 depth-1\"  >3XL<\/option><\/select><\/div><div id=\"wpforms-1283-field_11-container\" class=\"wpforms-field wpforms-field-select wpforms-field-select-style-classic\" data-field-id=\"11\"><label class=\"wpforms-field-label\" for=\"wpforms-1283-field_11\">Talla de playera <span class=\"wpforms-required-label\" aria-hidden=\"true\">*<\/span><\/label><select id=\"wpforms-1283-field_11\" class=\"wpforms-field-medium wpforms-field-required\" name=\"wpforms[fields][11]\" required=\"required\"><option value=\"\" class=\"placeholder\" disabled  selected='selected'>&#8212; Selecciona la opci\u00f3n &#8212;<\/option><option value=\"XS\"  class=\"choice-1 depth-1\"  >XS<\/option><option value=\"S\"  class=\"choice-2 depth-1\"  >S<\/option><option value=\"M\"  class=\"choice-3 depth-1\"  >M<\/option><option value=\"L\"  class=\"choice-4 depth-1\"  >L<\/option><option value=\"XXL\"  class=\"choice-5 depth-1\"  >XXL<\/option><option value=\"3XL\"  class=\"choice-6 depth-1\"  >3XL<\/option><option value=\"4XL\"  class=\"choice-7 depth-1\"  >4XL<\/option><\/select><\/div><div id=\"wpforms-1283-field_20-container\" class=\"wpforms-field wpforms-field-select wpforms-field-select-style-classic\" data-field-id=\"20\"><label class=\"wpforms-field-label\" for=\"wpforms-1283-field_20\">Talla de sandalias  <span class=\"wpforms-required-label\" aria-hidden=\"true\">*<\/span><\/label><select id=\"wpforms-1283-field_20\" class=\"wpforms-field-medium wpforms-field-required\" name=\"wpforms[fields][20]\" required=\"required\"><option value=\"\" class=\"placeholder\" disabled  selected='selected'>&#8212; Selecciona la opci\u00f3n &#8212;<\/option><option value=\"EUR:35 \/ 22.1 - 22.5 cm\"  class=\"choice-1 depth-1\"  >EUR:35 \/ 22.1 &#8211; 22.5 cm<\/option><option value=\"EUR;36 \/ 22.8 - 23.3 cm\"  class=\"choice-2 depth-1\"  >EUR;36 \/ 22.8 &#8211; 23.3 cm<\/option><option value=\"EUR;37 \/ 23.4 - 23.8 cm\"  class=\"choice-3 depth-1\"  >EUR;37 \/ 23.4 &#8211; 23.8 cm<\/option><option value=\"EUR:38 \/ 24.0 - 24.4 cm\"  class=\"choice-4 depth-1\"  >EUR:38 \/ 24.0 &#8211; 24.4 cm<\/option><option value=\"EUR:39 \/ 24.7 - 25.3 cm\"  class=\"choice-5 depth-1\"  >EUR:39 \/ 24.7 &#8211; 25.3 cm<\/option><option value=\"EUR:40 \/ 25.4 - 25.8 cm\"  class=\"choice-6 depth-1\"  >EUR:40 \/ 25.4 &#8211; 25.8 cm<\/option><option value=\"EUR:41 \/ 26.0 - 26.4 cm\"  class=\"choice-7 depth-1\"  >EUR:41 \/ 26.0 &#8211; 26.4 cm<\/option><option value=\"EUR:42 \/ 26.7 - 27.2 cm\"  class=\"choice-8 depth-1\"  >EUR:42 \/ 26.7 &#8211; 27.2 cm<\/option><option value=\"EUR:43 \/ 27.3 - 27.8 cm\"  class=\"choice-9 depth-1\"  >EUR:43 \/ 27.3 &#8211; 27.8 cm<\/option><option value=\"EUR:44 \/ 28.0 - 28.4 cm\"  class=\"choice-10 depth-1\"  >EUR:44 \/ 28.0 &#8211; 28.4 cm<\/option><option value=\"EUR:45 \/ 28.7 - 29.2 cm\"  class=\"choice-11 depth-1\"  >EUR:45 \/ 28.7 &#8211; 29.2 cm<\/option><option value=\"EUR:46 \/ 29.3 - 29.8 cm\"  class=\"choice-12 depth-1\"  >EUR:46 \/ 29.3 &#8211; 29.8 cm<\/option><option value=\"EUR:47 \/ 30.1 - 30.6 cm\"  class=\"choice-13 depth-1\"  >EUR:47 \/ 30.1 &#8211; 30.6 cm<\/option><option value=\"EUR:48 \/ 30.8 - 31.2 cm\"  class=\"choice-14 depth-1\"  >EUR:48 \/ 30.8 &#8211; 31.2 cm<\/option><\/select><\/div><div id=\"wpforms-1283-field_12-container\" class=\"wpforms-field wpforms-field-text\" data-field-id=\"12\"><label class=\"wpforms-field-label\" for=\"wpforms-1283-field_12\">Alergias<\/label><input type=\"text\" id=\"wpforms-1283-field_12\" class=\"wpforms-field-medium\" name=\"wpforms[fields][12]\" aria-errormessage=\"wpforms-1283-field_12-error\" ><\/div><div id=\"wpforms-1283-field_13-container\" class=\"wpforms-field wpforms-field-text\" data-field-id=\"13\"><label class=\"wpforms-field-label\" for=\"wpforms-1283-field_13\">Tipo de sangre <span class=\"wpforms-required-label\" aria-hidden=\"true\">*<\/span><\/label><input type=\"text\" id=\"wpforms-1283-field_13\" class=\"wpforms-field-small wpforms-field-required\" name=\"wpforms[fields][13]\" aria-errormessage=\"wpforms-1283-field_13-error\" required><\/div><div id=\"wpforms-1283-field_14-container\" class=\"wpforms-field wpforms-field-text\" data-field-id=\"14\"><label class=\"wpforms-field-label\" for=\"wpforms-1283-field_14\">Nombre de la aseguradora <span class=\"wpforms-required-label\" aria-hidden=\"true\">*<\/span><\/label><input type=\"text\" id=\"wpforms-1283-field_14\" class=\"wpforms-field-medium wpforms-field-required\" name=\"wpforms[fields][14]\" aria-errormessage=\"wpforms-1283-field_14-error\" required><\/div><div id=\"wpforms-1283-field_15-container\" class=\"wpforms-field wpforms-field-text\" data-field-id=\"15\"><label class=\"wpforms-field-label\" for=\"wpforms-1283-field_15\">N\u00famero p\u00f3liza de seguro de gastos m\u00e9dicos <span class=\"wpforms-required-label\" aria-hidden=\"true\">*<\/span><\/label><input type=\"text\" id=\"wpforms-1283-field_15\" class=\"wpforms-field-medium wpforms-field-required\" name=\"wpforms[fields][15]\" aria-errormessage=\"wpforms-1283-field_15-error\" required><\/div><div id=\"wpforms-1283-field_22-container\" class=\"wpforms-field wpforms-field-radio\" data-field-id=\"22\"><fieldset><legend class=\"wpforms-field-label\">Preferencia alimentaria<\/legend><ul id=\"wpforms-1283-field_22\"><li class=\"choice-1 depth-1 wpforms-selected\"><input type=\"radio\" id=\"wpforms-1283-field_22_1\" name=\"wpforms[fields][22]\" value=\"Men\u00fa est\u00e1ndar\" aria-errormessage=\"wpforms-1283-field_22_1-error\"   checked='checked'><label class=\"wpforms-field-label-inline\" for=\"wpforms-1283-field_22_1\">Men\u00fa est\u00e1ndar<\/label><\/li><li class=\"choice-2 depth-1\"><input type=\"radio\" id=\"wpforms-1283-field_22_2\" name=\"wpforms[fields][22]\" value=\"Men\u00fa vegetariano\" aria-errormessage=\"wpforms-1283-field_22_2-error\"  ><label class=\"wpforms-field-label-inline\" for=\"wpforms-1283-field_22_2\">Men\u00fa vegetariano<\/label><\/li><li class=\"choice-3 depth-1\"><input type=\"radio\" id=\"wpforms-1283-field_22_3\" name=\"wpforms[fields][22]\" value=\"Men\u00fa vegano\" aria-errormessage=\"wpforms-1283-field_22_3-error\"  ><label class=\"wpforms-field-label-inline\" for=\"wpforms-1283-field_22_3\">Men\u00fa vegano<\/label><\/li><\/ul><\/fieldset><\/div><div id=\"wpforms-1283-field_17-container\" class=\"wpforms-field wpforms-field-textarea\" data-field-id=\"17\"><label class=\"wpforms-field-label\" for=\"wpforms-1283-field_17\">Comentarios e informaci\u00f3n adicional<\/label><textarea id=\"wpforms-1283-field_17\" class=\"wpforms-field-medium\" name=\"wpforms[fields][17]\" aria-errormessage=\"wpforms-1283-field_17-error\" ><\/textarea><\/div>\t\t<div id=\"wpforms-1283-field_1-container\"\n\t\t\tclass=\"wpforms-field wpforms-field-text\"\n\t\t\tdata-field-type=\"text\"\n\t\t\tdata-field-id=\"1\"\n\t\t\t>\n\t\t\t<label class=\"wpforms-field-label\" for=\"wpforms-1283-field_1\" >adicional Edad seguro<\/label>\n\t\t\t<input type=\"text\" id=\"wpforms-1283-field_1\" class=\"wpforms-field-medium\" name=\"wpforms[fields][1]\" >\n\t\t<\/div>\n\t\t<div id=\"wpforms-1283-field_18-container\" class=\"wpforms-field wpforms-field-checkbox\" data-field-id=\"18\"><fieldset><legend class=\"wpforms-field-label\">REGLAMENTO <span class=\"wpforms-required-label\" aria-hidden=\"true\">*<\/span><\/legend><ul id=\"wpforms-1283-field_18\" class=\"wpforms-field-required\"><li class=\"choice-1 depth-1\"><input type=\"checkbox\" id=\"wpforms-1283-field_18_1\" name=\"wpforms[fields][18][]\" value=\"He le\u00eddo y acepto los t\u00e9rminos y condiciones del REGLAMENTO del evento\" aria-errormessage=\"wpforms-1283-field_18_1-error\" required ><label class=\"wpforms-field-label-inline\" for=\"wpforms-1283-field_18_1\">He le\u00eddo y acepto los t\u00e9rminos y condiciones del REGLAMENTO del evento<\/label><\/li><\/ul><\/fieldset><\/div><script>\n\t\t\t\t( function() {\n\t\t\t\t\tconst style = document.createElement( 'style' );\n\t\t\t\t\tstyle.appendChild( document.createTextNode( '#wpforms-1283-field_1-container { position: absolute !important; overflow: hidden !important; display: inline !important; height: 1px !important; width: 1px !important; z-index: -1000 !important; padding: 0 !important; } #wpforms-1283-field_1-container input { visibility: hidden; } #wpforms-conversational-form-page #wpforms-1283-field_1-container label { counter-increment: none; }' ) );\n\t\t\t\t\tdocument.head.appendChild( style );\n\t\t\t\t\tdocument.currentScript?.remove();\n\t\t\t\t} )();\n\t\t\t<\/script><\/div><!-- .wpforms-field-container --><div class=\"wpforms-submit-container\" ><input type=\"hidden\" name=\"wpforms[id]\" value=\"1283\"><input type=\"hidden\" name=\"page_title\" value=\"\"><input type=\"hidden\" name=\"page_url\" value=\"https:\/\/cu4trobikes.es\/index.php\/wp-json\/wp\/v2\/pages\/1290\"><input type=\"hidden\" name=\"url_referer\" value=\"\"><button type=\"submit\" name=\"wpforms[submit]\" id=\"wpforms-submit-1283\" class=\"wpforms-submit\" data-alt-text=\"Enviando...\" data-submit-text=\"Enviar\" aria-live=\"assertive\" value=\"wpforms-submit\">Enviar<\/button><img loading=\"lazy\" decoding=\"async\" src=\"https:\/\/cu4trobikes.es\/wp-content\/plugins\/wpforms\/assets\/images\/submit-spin.svg\" class=\"wpforms-submit-spinner\" style=\"display: none;\" width=\"26\" height=\"26\" alt=\"Cargando\"><\/div><\/form><\/div>  <!-- .wpforms-container -->","protected":false},"excerpt":{"rendered":"<p>Formulario de reservaci\u00f3n: La Sant Cugat Ride 2026Ciclista con bicicleta propia en habitaci\u00f3n individual.Pago total: 3.986,00 \u20ac<\/p>\n","protected":false},"author":1,"featured_media":0,"parent":0,"menu_order":0,"comment_status":"closed","ping_status":"closed","template":"","meta":{"_uag_custom_page_level_css":"","site-sidebar-layout":"default","site-content-layout":"","ast-site-content-layout":"","site-content-style":"default","site-sidebar-style":"default","ast-global-header-display":"","ast-banner-title-visibility":"","ast-main-header-display":"","ast-hfb-above-header-display":"","ast-hfb-below-header-display":"","ast-hfb-mobile-header-display":"","site-post-title":"disabled","ast-breadcrumbs-content":"","ast-featured-img":"","footer-sml-layout":"","theme-transparent-header-meta":"","adv-header-id-meta":"","stick-header-meta":"","header-above-stick-meta":"","header-main-stick-meta":"","header-below-stick-meta":"","astra-migrate-meta-layouts":"","ast-page-background-enabled":"default","ast-page-background-meta":{"desktop":{"background-color":"var(--ast-global-color-4)","background-image":"","background-repeat":"repeat","background-position":"center center","background-size":"auto","background-attachment":"scroll","background-type":"","background-media":"","overlay-type":"","overlay-color":"","overlay-gradient":""},"tablet":{"background-color":"","background-image":"","background-repeat":"repeat","background-position":"center center","background-size":"auto","background-attachment":"scroll","background-type":"","background-media":"","overlay-type":"","overlay-color":"","overlay-gradient":""},"mobile":{"background-color":"","background-image":"","background-repeat":"repeat","background-position":"center center","background-size":"auto","background-attachment":"scroll","background-type":"","background-media":"","overlay-type":"","overlay-color":"","overlay-gradient":""}},"ast-content-background-meta":{"desktop":{"background-color":"var(--ast-global-color-5)","background-image":"","background-repeat":"repeat","background-position":"center center","background-size":"auto","background-attachment":"scroll","background-type":"","background-media":"","overlay-type":"","overlay-color":"","overlay-gradient":""},"tablet":{"background-color":"var(--ast-global-color-5)","background-image":"","background-repeat":"repeat","background-position":"center center","background-size":"auto","background-attachment":"scroll","background-type":"","background-media":"","overlay-type":"","overlay-color":"","overlay-gradient":""},"mobile":{"background-color":"var(--ast-global-color-5)","background-image":"","background-repeat":"repeat","background-position":"center center","background-size":"auto","background-attachment":"scroll","background-type":"","background-media":"","overlay-type":"","overlay-color":"","overlay-gradient":""}},"footnotes":""},"class_list":["post-1290","page","type-page","status-publish","hentry"],"uagb_featured_image_src":{"full":false,"thumbnail":false,"medium":false,"medium_large":false,"large":false,"1536x1536":false,"2048x2048":false,"woocommerce_thumbnail":false,"woocommerce_single":false,"woocommerce_gallery_thumbnail":false},"uagb_author_info":{"display_name":"hectordh","author_link":"https:\/\/cu4trobikes.es\/index.php\/author\/hectordh\/"},"uagb_comment_info":0,"uagb_excerpt":"Formulario de reservaci\u00f3n: La Sant Cugat Ride 2026Ciclista con bicicleta propia en habitaci\u00f3n individual.Pago total: 3.986,00 \u20ac","_links":{"self":[{"href":"https:\/\/cu4trobikes.es\/index.php\/wp-json\/wp\/v2\/pages\/1290","targetHints":{"allow":["GET"]}}],"collection":[{"href":"https:\/\/cu4trobikes.es\/index.php\/wp-json\/wp\/v2\/pages"}],"about":[{"href":"https:\/\/cu4trobikes.es\/index.php\/wp-json\/wp\/v2\/types\/page"}],"author":[{"embeddable":true,"href":"https:\/\/cu4trobikes.es\/index.php\/wp-json\/wp\/v2\/users\/1"}],"replies":[{"embeddable":true,"href":"https:\/\/cu4trobikes.es\/index.php\/wp-json\/wp\/v2\/comments?post=1290"}],"version-history":[{"count":3,"href":"https:\/\/cu4trobikes.es\/index.php\/wp-json\/wp\/v2\/pages\/1290\/revisions"}],"predecessor-version":[{"id":1541,"href":"https:\/\/cu4trobikes.es\/index.php\/wp-json\/wp\/v2\/pages\/1290\/revisions\/1541"}],"wp:attachment":[{"href":"https:\/\/cu4trobikes.es\/index.php\/wp-json\/wp\/v2\/media?parent=1290"}],"curies":[{"name":"wp","href":"https:\/\/api.w.org\/{rel}","templated":true}]}}