{"id":191,"date":"2024-02-01T19:25:38","date_gmt":"2024-02-01T18:25:38","guid":{"rendered":"https:\/\/cu4trobikes.es\/index.php\/carrito\/"},"modified":"2026-02-20T17:50:10","modified_gmt":"2026-02-20T16:50:10","slug":"carrito","status":"publish","type":"page","link":"https:\/\/cu4trobikes.es\/index.php\/carrito\/","title":{"rendered":"Carrito"},"content":{"rendered":"<div data-block-name=\"woocommerce\/cart\" class=\"wp-block-woocommerce-cart alignwide is-loading\"><div data-block-name=\"woocommerce\/filled-cart-block\" class=\"wp-block-woocommerce-filled-cart-block\"><div data-block-name=\"woocommerce\/cart-items-block\" class=\"wp-block-woocommerce-cart-items-block\"><div data-block-name=\"woocommerce\/cart-line-items-block\" class=\"wp-block-woocommerce-cart-line-items-block\"><\/div>\n\n\n<p><strong>\u00bfTodo listo para continuar?<\/strong><br><br>Presiona <strong>&#8220;Finalizar compra&#8221;<\/strong> para pagar las inscripciones o art\u00edculos de tu carrito.<br><br>Si deseas a\u00f1adir m\u00e1s inscripciones o art\u00edculos, elige una opci\u00f3n:<br>&#8211; <strong>Inscribir a otra persona<\/strong>: <a href=\"https:\/\/cu4trobikes.es\/index.php\/lasantcugatride-barcelona\/#ReservaSCR\">Haz clic aqu\u00ed para completar los datos de un nuevo ciclista.<\/a><br>&#8211; <strong>A\u00f1adir otros productos<\/strong>: <a href=\"https:\/\/cu4trobikes.es\/index.php\/tienda\/\">Haz clic aqu\u00ed para ver la tienda.<\/a><br><br><strong>Podr\u00e1s pagar todo junto al final.<\/strong><\/p>\n\n\n<div data-block-name=\"woocommerce\/cart-cross-sells-block\" class=\"wp-block-woocommerce-cart-cross-sells-block\">\n<h2 class=\"wp-block-heading has-large-font-size\">Puede que te interese\u2026<\/h2>\n\n\n<div data-block-name=\"woocommerce\/cart-cross-sells-products-block\" class=\"wp-block-woocommerce-cart-cross-sells-products-block\"><\/div><\/div><\/div>\n\n<div data-block-name=\"woocommerce\/cart-totals-block\" class=\"wp-block-woocommerce-cart-totals-block\"><div data-block-name=\"woocommerce\/cart-order-summary-block\" class=\"wp-block-woocommerce-cart-order-summary-block\"><div data-block-name=\"woocommerce\/cart-order-summary-heading-block\" class=\"wp-block-woocommerce-cart-order-summary-heading-block\"><\/div>\n\n<div data-block-name=\"woocommerce\/cart-order-summary-coupon-form-block\" class=\"wp-block-woocommerce-cart-order-summary-coupon-form-block\"><\/div>\n\n<div data-block-name=\"woocommerce\/cart-order-summary-subtotal-block\" class=\"wp-block-woocommerce-cart-order-summary-subtotal-block\"><\/div>\n\n<div data-block-name=\"woocommerce\/cart-order-summary-fee-block\" class=\"wp-block-woocommerce-cart-order-summary-fee-block\"><\/div>\n\n<div data-block-name=\"woocommerce\/cart-order-summary-discount-block\" class=\"wp-block-woocommerce-cart-order-summary-discount-block\"><\/div>\n\n<div data-block-name=\"woocommerce\/cart-order-summary-shipping-block\" class=\"wp-block-woocommerce-cart-order-summary-shipping-block\"><\/div>\n\n<div data-block-name=\"woocommerce\/cart-order-summary-taxes-block\" class=\"wp-block-woocommerce-cart-order-summary-taxes-block\"><\/div><\/div>\n\n<div data-block-name=\"woocommerce\/cart-express-payment-block\" class=\"wp-block-woocommerce-cart-express-payment-block\"><\/div>\n\n<div data-block-name=\"woocommerce\/proceed-to-checkout-block\" class=\"wp-block-woocommerce-proceed-to-checkout-block\"><\/div>\n\n<div data-block-name=\"woocommerce\/cart-accepted-payment-methods-block\" class=\"wp-block-woocommerce-cart-accepted-payment-methods-block\"><\/div>\n\n\n<p><\/p>\n<\/div><\/div>\n\n<div data-block-name=\"woocommerce\/empty-cart-block\" class=\"wp-block-woocommerce-empty-cart-block\">\n<h2 class=\"wp-block-heading has-text-align-center with-empty-cart-icon wc-block-cart__empty-cart__title\">\u00a1Tu carrito est\u00e1 actualmente vac\u00edo!<\/h2>\n\n\n\n<hr class=\"wp-block-separator has-alpha-channel-opacity is-style-dots\"\/>\n\n\n\n<h2 class=\"wp-block-heading has-text-align-center\">Nuevo en la tienda<\/h2>\n\n\n<div data-block-name=\"woocommerce\/product-new\" data-columns=\"4\" data-rows=\"1\" class=\"wc-block-grid wp-block-product-new wc-block-product-new has-4-columns\"><ul class=\"wc-block-grid__products\"><li class=\"wc-block-grid__product\">\n\t\t\t\t<a href=\"https:\/\/cu4trobikes.es\/index.php\/producto\/madone-sl-6-axs-gen-8\/\" class=\"wc-block-grid__product-link\">\n\t\t\t\t\t\n\t\t\t\t\t<div class=\"wc-block-grid__product-image\"><img loading=\"lazy\" decoding=\"async\" width=\"300\" height=\"225\" src=\"https:\/\/cu4trobikes.es\/wp-content\/uploads\/2024\/07\/MadoneSL6AXS-26-57663-C-Primary-300x225.avif\" class=\"attachment-woocommerce_thumbnail size-woocommerce_thumbnail\" alt=\"Madone SL 6 AXS Gen 8\" srcset=\"https:\/\/cu4trobikes.es\/wp-content\/uploads\/2024\/07\/MadoneSL6AXS-26-57663-C-Primary-300x225.avif 300w, https:\/\/cu4trobikes.es\/wp-content\/uploads\/2024\/07\/MadoneSL6AXS-26-57663-C-Primary-1024x768.avif 1024w, https:\/\/cu4trobikes.es\/wp-content\/uploads\/2024\/07\/MadoneSL6AXS-26-57663-C-Primary-768x576.avif 768w, https:\/\/cu4trobikes.es\/wp-content\/uploads\/2024\/07\/MadoneSL6AXS-26-57663-C-Primary-1536x1152.avif 1536w, https:\/\/cu4trobikes.es\/wp-content\/uploads\/2024\/07\/MadoneSL6AXS-26-57663-C-Primary-600x450.avif 600w, https:\/\/cu4trobikes.es\/wp-content\/uploads\/2024\/07\/MadoneSL6AXS-26-57663-C-Primary.avif 1920w\" sizes=\"auto, (max-width: 300px) 100vw, 300px\" \/><\/div>\n\t\t\t\t\t<div class=\"wc-block-grid__product-title\">Madone SL 6 AXS Gen 8<\/div>\n\t\t\t\t<\/a>\n\t\t\t\t<div class=\"wc-block-grid__product-price price\"><span class=\"woocommerce-Price-amount amount\">4.299,00&nbsp;<span class=\"woocommerce-Price-currencySymbol\">&euro;<\/span><\/span><\/div>\n\t\t\t\t\n\t\t\t\t<div class=\"wp-block-button wc-block-grid__product-add-to-cart\"><a href=\"?add-to-cart=1714\" aria-label=\"Add to cart: &ldquo;Madone SL 6 AXS Gen 8&rdquo;\" data-quantity=\"1\" data-product_id=\"1714\" data-product_sku=\"\" data-price=\"4299\" rel=\"nofollow\" class=\"wp-block-button__link  add_to_cart_button ajax_add_to_cart\">Add to cart<\/a><\/div>\n\t\t\t<\/li><li class=\"wc-block-grid__product\">\n\t\t\t\t<a href=\"https:\/\/cu4trobikes.es\/index.php\/producto\/procaliber-9-6-gen-3\/\" class=\"wc-block-grid__product-link\">\n\t\t\t\t\t\n\t\t\t\t\t<div class=\"wc-block-grid__product-image\"><img loading=\"lazy\" decoding=\"async\" width=\"300\" height=\"225\" src=\"https:\/\/cu4trobikes.es\/wp-content\/uploads\/2026\/02\/Procaliber96-26-57379-A-Primary-300x225.avif\" class=\"attachment-woocommerce_thumbnail size-woocommerce_thumbnail\" alt=\"Procaliber 9.6 Gen 3\" srcset=\"https:\/\/cu4trobikes.es\/wp-content\/uploads\/2026\/02\/Procaliber96-26-57379-A-Primary-300x225.avif 300w, https:\/\/cu4trobikes.es\/wp-content\/uploads\/2026\/02\/Procaliber96-26-57379-A-Primary-1024x768.avif 1024w, https:\/\/cu4trobikes.es\/wp-content\/uploads\/2026\/02\/Procaliber96-26-57379-A-Primary-768x576.avif 768w, https:\/\/cu4trobikes.es\/wp-content\/uploads\/2026\/02\/Procaliber96-26-57379-A-Primary-1536x1152.avif 1536w, https:\/\/cu4trobikes.es\/wp-content\/uploads\/2026\/02\/Procaliber96-26-57379-A-Primary-600x450.avif 600w, https:\/\/cu4trobikes.es\/wp-content\/uploads\/2026\/02\/Procaliber96-26-57379-A-Primary.avif 1920w\" sizes=\"auto, (max-width: 300px) 100vw, 300px\" \/><\/div>\n\t\t\t\t\t<div class=\"wc-block-grid__product-title\">Procaliber 9.6 Gen 3<\/div>\n\t\t\t\t<\/a>\n\t\t\t\t<div class=\"wc-block-grid__product-price price\"><span class=\"woocommerce-Price-amount amount\">2.499,00&nbsp;<span class=\"woocommerce-Price-currencySymbol\">&euro;<\/span><\/span><\/div>\n\t\t\t\t\n\t\t\t\t<div class=\"wp-block-button wc-block-grid__product-add-to-cart\"><a href=\"?add-to-cart=1629\" aria-label=\"Add to cart: &ldquo;Procaliber 9.6 Gen 3&rdquo;\" data-quantity=\"1\" data-product_id=\"1629\" data-product_sku=\"\" data-price=\"2499\" rel=\"nofollow\" class=\"wp-block-button__link  add_to_cart_button ajax_add_to_cart\">Add to cart<\/a><\/div>\n\t\t\t<\/li><li class=\"wc-block-grid__product\">\n\t\t\t\t<a href=\"https:\/\/cu4trobikes.es\/index.php\/producto\/fuel-ex-5-gen-7\/\" class=\"wc-block-grid__product-link\">\n\t\t\t\t\t\n\t\t\t\t\t<div class=\"wc-block-grid__product-image\"><img loading=\"lazy\" decoding=\"async\" width=\"300\" height=\"225\" src=\"https:\/\/cu4trobikes.es\/wp-content\/uploads\/2026\/02\/FuelEX5-26-56310-B-Primary-300x225.avif\" class=\"attachment-woocommerce_thumbnail size-woocommerce_thumbnail\" alt=\"Fuel EX 5 Gen 7\" srcset=\"https:\/\/cu4trobikes.es\/wp-content\/uploads\/2026\/02\/FuelEX5-26-56310-B-Primary-300x225.avif 300w, https:\/\/cu4trobikes.es\/wp-content\/uploads\/2026\/02\/FuelEX5-26-56310-B-Primary-1024x768.avif 1024w, https:\/\/cu4trobikes.es\/wp-content\/uploads\/2026\/02\/FuelEX5-26-56310-B-Primary-768x576.avif 768w, https:\/\/cu4trobikes.es\/wp-content\/uploads\/2026\/02\/FuelEX5-26-56310-B-Primary-1536x1152.avif 1536w, https:\/\/cu4trobikes.es\/wp-content\/uploads\/2026\/02\/FuelEX5-26-56310-B-Primary-600x450.avif 600w, https:\/\/cu4trobikes.es\/wp-content\/uploads\/2026\/02\/FuelEX5-26-56310-B-Primary.avif 1920w\" sizes=\"auto, (max-width: 300px) 100vw, 300px\" \/><\/div>\n\t\t\t\t\t<div class=\"wc-block-grid__product-title\">Fuel EX 5 Gen 7<\/div>\n\t\t\t\t<\/a>\n\t\t\t\t<div class=\"wc-block-grid__product-price price\"><span class=\"woocommerce-Price-amount amount\">2.499,00&nbsp;<span class=\"woocommerce-Price-currencySymbol\">&euro;<\/span><\/span><\/div>\n\t\t\t\t\n\t\t\t\t<div class=\"wp-block-button wc-block-grid__product-add-to-cart\"><a href=\"?add-to-cart=1626\" aria-label=\"Add to cart: &ldquo;Fuel EX 5 Gen 7&rdquo;\" data-quantity=\"1\" data-product_id=\"1626\" data-product_sku=\"\" data-price=\"2499\" rel=\"nofollow\" class=\"wp-block-button__link  add_to_cart_button ajax_add_to_cart\">Add to cart<\/a><\/div>\n\t\t\t<\/li><li class=\"wc-block-grid__product\">\n\t\t\t\t<a href=\"https:\/\/cu4trobikes.es\/index.php\/producto\/checkpoint-alr-4-gen-3\/\" class=\"wc-block-grid__product-link\">\n\t\t\t\t\t\n\t\t\t\t\t<div class=\"wc-block-grid__product-image\"><img loading=\"lazy\" decoding=\"async\" width=\"300\" height=\"225\" src=\"https:\/\/cu4trobikes.es\/wp-content\/uploads\/2026\/02\/CheckpointALR4-26-49973-A-Primary-300x225.avif\" class=\"attachment-woocommerce_thumbnail size-woocommerce_thumbnail\" alt=\"Checkpoint ALR 4 Gen 3\" srcset=\"https:\/\/cu4trobikes.es\/wp-content\/uploads\/2026\/02\/CheckpointALR4-26-49973-A-Primary-300x225.avif 300w, https:\/\/cu4trobikes.es\/wp-content\/uploads\/2026\/02\/CheckpointALR4-26-49973-A-Primary-1024x768.avif 1024w, https:\/\/cu4trobikes.es\/wp-content\/uploads\/2026\/02\/CheckpointALR4-26-49973-A-Primary-768x576.avif 768w, https:\/\/cu4trobikes.es\/wp-content\/uploads\/2026\/02\/CheckpointALR4-26-49973-A-Primary-1536x1152.avif 1536w, https:\/\/cu4trobikes.es\/wp-content\/uploads\/2026\/02\/CheckpointALR4-26-49973-A-Primary-600x450.avif 600w, https:\/\/cu4trobikes.es\/wp-content\/uploads\/2026\/02\/CheckpointALR4-26-49973-A-Primary.avif 1920w\" sizes=\"auto, (max-width: 300px) 100vw, 300px\" \/><\/div>\n\t\t\t\t\t<div class=\"wc-block-grid__product-title\">Checkpoint ALR 4 Gen 3<\/div>\n\t\t\t\t<\/a>\n\t\t\t\t<div class=\"wc-block-grid__product-price price\"><span class=\"woocommerce-Price-amount amount\">1.499,00&nbsp;<span class=\"woocommerce-Price-currencySymbol\">&euro;<\/span><\/span><\/div>\n\t\t\t\t\n\t\t\t\t<div class=\"wp-block-button wc-block-grid__product-add-to-cart\"><a href=\"?add-to-cart=1623\" aria-label=\"Add to cart: &ldquo;Checkpoint ALR 4 Gen 3&rdquo;\" data-quantity=\"1\" data-product_id=\"1623\" data-product_sku=\"\" data-price=\"1499\" rel=\"nofollow\" class=\"wp-block-button__link  add_to_cart_button ajax_add_to_cart\">Add to cart<\/a><\/div>\n\t\t\t<\/li><\/ul><\/div><\/div><\/div>","protected":false},"excerpt":{"rendered":"","protected":false},"author":1,"featured_media":0,"parent":0,"menu_order":0,"comment_status":"closed","ping_status":"closed","template":"","meta":{"_uag_custom_page_level_css":"","site-sidebar-layout":"no-sidebar","site-content-layout":"","ast-site-content-layout":"narrow-width-container","site-content-style":"default","site-sidebar-style":"default","ast-global-header-display":"","ast-banner-title-visibility":"","ast-main-header-display":"","ast-hfb-above-header-display":"","ast-hfb-below-header-display":"","ast-hfb-mobile-header-display":"","site-post-title":"","ast-breadcrumbs-content":"","ast-featured-img":"","footer-sml-layout":"","theme-transparent-header-meta":"","adv-header-id-meta":"","stick-header-meta":"","header-above-stick-meta":"","header-main-stick-meta":"","header-below-stick-meta":"","astra-migrate-meta-layouts":"","ast-page-background-enabled":"default","ast-page-background-meta":{"desktop":{"background-color":"var(--ast-global-color-4)","background-image":"","background-repeat":"repeat","background-position":"center center","background-size":"auto","background-attachment":"scroll","background-type":"","background-media":"","overlay-type":"","overlay-color":"","overlay-gradient":""},"tablet":{"background-color":"","background-image":"","background-repeat":"repeat","background-position":"center center","background-size":"auto","background-attachment":"scroll","background-type":"","background-media":"","overlay-type":"","overlay-color":"","overlay-gradient":""},"mobile":{"background-color":"","background-image":"","background-repeat":"repeat","background-position":"center center","background-size":"auto","background-attachment":"scroll","background-type":"","background-media":"","overlay-type":"","overlay-color":"","overlay-gradient":""}},"ast-content-background-meta":{"desktop":{"background-color":"var(--ast-global-color-5)","background-image":"","background-repeat":"repeat","background-position":"center center","background-size":"auto","background-attachment":"scroll","background-type":"","background-media":"","overlay-type":"","overlay-color":"","overlay-gradient":""},"tablet":{"background-color":"var(--ast-global-color-5)","background-image":"","background-repeat":"repeat","background-position":"center center","background-size":"auto","background-attachment":"scroll","background-type":"","background-media":"","overlay-type":"","overlay-color":"","overlay-gradient":""},"mobile":{"background-color":"var(--ast-global-color-5)","background-image":"","background-repeat":"repeat","background-position":"center center","background-size":"auto","background-attachment":"scroll","background-type":"","background-media":"","overlay-type":"","overlay-color":"","overlay-gradient":""}},"footnotes":""},"class_list":["post-191","page","type-page","status-publish","hentry"],"uagb_featured_image_src":{"full":false,"thumbnail":false,"medium":false,"medium_large":false,"large":false,"1536x1536":false,"2048x2048":false,"woocommerce_thumbnail":false,"woocommerce_single":false,"woocommerce_gallery_thumbnail":false},"uagb_author_info":{"display_name":"hectordh","author_link":"https:\/\/cu4trobikes.es\/index.php\/author\/hectordh\/"},"uagb_comment_info":0,"uagb_excerpt":null,"_links":{"self":[{"href":"https:\/\/cu4trobikes.es\/index.php\/wp-json\/wp\/v2\/pages\/191","targetHints":{"allow":["GET"]}}],"collection":[{"href":"https:\/\/cu4trobikes.es\/index.php\/wp-json\/wp\/v2\/pages"}],"about":[{"href":"https:\/\/cu4trobikes.es\/index.php\/wp-json\/wp\/v2\/types\/page"}],"author":[{"embeddable":true,"href":"https:\/\/cu4trobikes.es\/index.php\/wp-json\/wp\/v2\/users\/1"}],"replies":[{"embeddable":true,"href":"https:\/\/cu4trobikes.es\/index.php\/wp-json\/wp\/v2\/comments?post=191"}],"version-history":[{"count":5,"href":"https:\/\/cu4trobikes.es\/index.php\/wp-json\/wp\/v2\/pages\/191\/revisions"}],"predecessor-version":[{"id":1594,"href":"https:\/\/cu4trobikes.es\/index.php\/wp-json\/wp\/v2\/pages\/191\/revisions\/1594"}],"wp:attachment":[{"href":"https:\/\/cu4trobikes.es\/index.php\/wp-json\/wp\/v2\/media?parent=191"}],"curies":[{"name":"wp","href":"https:\/\/api.w.org\/{rel}","templated":true}]}}