{"id":577,"date":"2025-07-04T13:46:16","date_gmt":"2025-07-04T12:46:16","guid":{"rendered":"https:\/\/cu4trobikes.es\/?page_id=577"},"modified":"2025-07-04T14:09:24","modified_gmt":"2025-07-04T13:09:24","slug":"aviso-legal","status":"publish","type":"page","link":"https:\/\/cu4trobikes.es\/index.php\/aviso-legal\/","title":{"rendered":"Aviso Legal"},"content":{"rendered":"\n<div class=\"wp-block-group color-text has-ast-global-color-1-color has-text-color is-vertical is-layout-flex wp-container-core-group-is-layout-a9815eab wp-block-group-is-layout-flex\" style=\"min-height:0px;margin-top:0;margin-bottom:var(--wp--preset--spacing--50);padding-top:18px;padding-bottom:18px\">\n<p class=\"has-ast-global-color-1-color has-text-color has-large-font-size\"><strong>Aviso Legal<\/strong><\/p>\n\n\n\n<p><strong>Titularidad del sitio web<\/strong><\/p>\n\n\n\n<p>En cumplimiento con el deber de informaci\u00f3n recogido en el art\u00edculo 10 de la Ley 34\/2002, de Servicios de la Sociedad de la Informaci\u00f3n y del Comercio Electr\u00f3nico (LSSI-CE), se informa que este sitio web es propiedad de:<\/p>\n\n\n\n<ul class=\"wp-block-list\">\n<li><strong>Nombre legal<\/strong>: CUATRO BIKES SANT CUGAT S.L.<\/li>\n\n\n\n<li><strong>CIF\/NIF<\/strong>: B56581218<\/li>\n\n\n\n<li><strong>Domicilio social<\/strong>: Av. Cerdanyola n\u00ba 12, CP 08172, Sant Cugat del Vall\u00e8s, Barcelona, Espa\u00f1a<\/li>\n\n\n\n<li><strong>Correo electr\u00f3nico de contacto<\/strong>: <a>hector@cu4trobikes.es<\/a><\/li>\n\n\n\n<li><strong>Tel\u00e9fono de contacto<\/strong>: +34 653 500 117<\/li>\n\n\n\n<li><strong>Dominio web<\/strong>: <a class=\"\" href=\"http:\/\/www.cu4trobikes.es\">www.cu4trobikes.es<\/a><\/li>\n<\/ul>\n\n\n\n<p><strong>Objeto<\/strong><\/p>\n\n\n\n<p>El presente sitio web tiene como finalidad facilitar informaci\u00f3n sobre los productos y servicios ofrecidos por CUATRO BIKES SANT CUGAT S.L., as\u00ed como permitir el contacto con sus clientes o interesados.<\/p>\n\n\n\n<p><strong>Responsabilidad del Usuario<\/strong><\/p>\n\n\n\n<p>El usuario se compromete a hacer un uso adecuado del sitio web y a no emplearlo para realizar actividades il\u00edcitas, ilegales o contrarias a la buena fe y al orden p\u00fablico.<\/p>\n\n\n\n<p><strong>Propiedad intelectual e industrial<\/strong><\/p>\n\n\n\n<p>Todos los contenidos del sitio web (textos, im\u00e1genes, v\u00eddeos, logotipos, dise\u00f1o gr\u00e1fico, c\u00f3digo fuente, etc.) son propiedad de CUATRO BIKES SANT CUGAT S.L. o de terceros que han autorizado su uso, y est\u00e1n protegidos por la normativa de propiedad intelectual e industrial. Queda prohibida su reproducci\u00f3n total o parcial sin autorizaci\u00f3n expresa.<\/p>\n\n\n\n<p><strong>Enlaces externos<\/strong><\/p>\n\n\n\n<p>Este sitio web puede contener enlaces a p\u00e1ginas web de terceros. CUATRO BIKES SANT CUGAT S.L. no se responsabiliza del contenido, informaci\u00f3n o servicios que pudieran aparecer en dichos sitios, que tendr\u00e1n exclusivamente car\u00e1cter informativo.<\/p>\n\n\n\n<p><strong>Modificaciones<\/strong><\/p>\n\n\n\n<p>CUATRO BIKES SANT CUGAT S.L. se reserva el derecho a modificar el presente aviso legal en cualquier momento, adapt\u00e1ndolo a novedades legislativas o cambios en su actividad.<\/p>\n<\/div>\n","protected":false},"excerpt":{"rendered":"<p>Aviso Legal Titularidad del sitio web En cumplimiento con el deber de informaci\u00f3n recogido en el art\u00edculo 10 de la Ley 34\/2002, de Servicios de la Sociedad de la Informaci\u00f3n y del Comercio Electr\u00f3nico (LSSI-CE), se informa que este sitio web es propiedad de: Objeto El presente sitio web tiene como finalidad facilitar informaci\u00f3n sobre &hellip;<\/p>\n<p class=\"read-more\"> <a class=\"\" href=\"https:\/\/cu4trobikes.es\/index.php\/aviso-legal\/\"> <span class=\"screen-reader-text\">Aviso Legal<\/span> Leer m\u00e1s &raquo;<\/a><\/p>\n","protected":false},"author":1,"featured_media":0,"parent":0,"menu_order":0,"comment_status":"closed","ping_status":"closed","template":"","meta":{"_uag_custom_page_level_css":"","site-sidebar-layout":"default","site-content-layout":"","ast-site-content-layout":"","site-content-style":"default","site-sidebar-style":"default","ast-global-header-display":"","ast-banner-title-visibility":"","ast-main-header-display":"","ast-hfb-above-header-display":"","ast-hfb-below-header-display":"","ast-hfb-mobile-header-display":"","site-post-title":"disabled","ast-breadcrumbs-content":"","ast-featured-img":"","footer-sml-layout":"","theme-transparent-header-meta":"","adv-header-id-meta":"","stick-header-meta":"","header-above-stick-meta":"","header-main-stick-meta":"","header-below-stick-meta":"","astra-migrate-meta-layouts":"","ast-page-background-enabled":"default","ast-page-background-meta":{"desktop":{"background-color":"var(--ast-global-color-4)","background-image":"","background-repeat":"repeat","background-position":"center center","background-size":"auto","background-attachment":"scroll","background-type":"","background-media":"","overlay-type":"","overlay-color":"","overlay-gradient":""},"tablet":{"background-color":"","background-image":"","background-repeat":"repeat","background-position":"center center","background-size":"auto","background-attachment":"scroll","background-type":"","background-media":"","overlay-type":"","overlay-color":"","overlay-gradient":""},"mobile":{"background-color":"","background-image":"","background-repeat":"repeat","background-position":"center center","background-size":"auto","background-attachment":"scroll","background-type":"","background-media":"","overlay-type":"","overlay-color":"","overlay-gradient":""}},"ast-content-background-meta":{"desktop":{"background-color":"var(--ast-global-color-5)","background-image":"","background-repeat":"repeat","background-position":"center center","background-size":"auto","background-attachment":"scroll","background-type":"","background-media":"","overlay-type":"","overlay-color":"","overlay-gradient":""},"tablet":{"background-color":"var(--ast-global-color-5)","background-image":"","background-repeat":"repeat","background-position":"center center","background-size":"auto","background-attachment":"scroll","background-type":"","background-media":"","overlay-type":"","overlay-color":"","overlay-gradient":""},"mobile":{"background-color":"var(--ast-global-color-5)","background-image":"","background-repeat":"repeat","background-position":"center center","background-size":"auto","background-attachment":"scroll","background-type":"","background-media":"","overlay-type":"","overlay-color":"","overlay-gradient":""}},"footnotes":""},"class_list":["post-577","page","type-page","status-publish","hentry"],"uagb_featured_image_src":{"full":false,"thumbnail":false,"medium":false,"medium_large":false,"large":false,"1536x1536":false,"2048x2048":false,"woocommerce_thumbnail":false,"woocommerce_single":false,"woocommerce_gallery_thumbnail":false},"uagb_author_info":{"display_name":"hectordh","author_link":"https:\/\/cu4trobikes.es\/index.php\/author\/hectordh\/"},"uagb_comment_info":0,"uagb_excerpt":"Aviso Legal Titularidad del sitio web En cumplimiento con el deber de informaci\u00f3n recogido en el art\u00edculo 10 de la Ley 34\/2002, de Servicios de la Sociedad de la Informaci\u00f3n y del Comercio Electr\u00f3nico (LSSI-CE), se informa que este sitio web es propiedad de: Objeto El presente sitio web tiene como finalidad facilitar informaci\u00f3n sobre&hellip;","_links":{"self":[{"href":"https:\/\/cu4trobikes.es\/index.php\/wp-json\/wp\/v2\/pages\/577","targetHints":{"allow":["GET"]}}],"collection":[{"href":"https:\/\/cu4trobikes.es\/index.php\/wp-json\/wp\/v2\/pages"}],"about":[{"href":"https:\/\/cu4trobikes.es\/index.php\/wp-json\/wp\/v2\/types\/page"}],"author":[{"embeddable":true,"href":"https:\/\/cu4trobikes.es\/index.php\/wp-json\/wp\/v2\/users\/1"}],"replies":[{"embeddable":true,"href":"https:\/\/cu4trobikes.es\/index.php\/wp-json\/wp\/v2\/comments?post=577"}],"version-history":[{"count":10,"href":"https:\/\/cu4trobikes.es\/index.php\/wp-json\/wp\/v2\/pages\/577\/revisions"}],"predecessor-version":[{"id":594,"href":"https:\/\/cu4trobikes.es\/index.php\/wp-json\/wp\/v2\/pages\/577\/revisions\/594"}],"wp:attachment":[{"href":"https:\/\/cu4trobikes.es\/index.php\/wp-json\/wp\/v2\/media?parent=577"}],"curies":[{"name":"wp","href":"https:\/\/api.w.org\/{rel}","templated":true}]}}