{"id":989,"date":"2025-10-26T21:50:45","date_gmt":"2025-10-26T20:50:45","guid":{"rendered":"https:\/\/cu4trobikes.es\/?page_id=989"},"modified":"2025-10-31T10:46:28","modified_gmt":"2025-10-31T09:46:28","slug":"reglamento","status":"publish","type":"page","link":"https:\/\/cu4trobikes.es\/index.php\/reglamento\/","title":{"rendered":"REGLAMENTO"},"content":{"rendered":"\n<h2 class=\"wp-block-heading has-text-align-center\"><strong>REGLAMENTO <\/strong><\/h2>\n\n\n\n<h2 class=\"wp-block-heading has-text-align-center\"><strong>\u201cLA SANT CUGAT RIDE 2026\u201d<\/strong><\/h2>\n\n\n\n<div class=\"wp-block-uagb-container uagb-block-37aacca4 alignfull uagb-is-root-container\"><div class=\"uagb-container-inner-blocks-wrap\">\n<div class=\"wp-block-uagb-buttons uagb-buttons__outer-wrap uagb-btn__default-btn uagb-btn-tablet__default-btn uagb-btn-mobile__default-btn uagb-block-2d3cd6dc\"><div class=\"uagb-buttons__wrap uagb-buttons-layout-wrap \">\n<div class=\"wp-block-uagb-buttons-child uagb-buttons__outer-wrap uagb-block-b53dfad4 wp-block-button\"><div class=\"uagb-button__wrapper\"><a class=\"uagb-buttons-repeater wp-block-button__link\" aria-label=\"\" href=\"https:\/\/cu4trobikes.es\/wp-content\/uploads\/2025\/10\/REGLAMENTOLaSantCugatRide2026.pdf\" rel=\"follow noopener\" target=\"_self\" role=\"button\"><div class=\"uagb-button__link\">Descarga el reglamento.<\/div><\/a><\/div><\/div>\n<\/div><\/div>\n<\/div><\/div>\n\n\n\n<div class=\"wp-block-uagb-container uagb-block-2ff6a472 alignfull uagb-is-root-container\"><div class=\"uagb-container-inner-blocks-wrap\">\n<p style=\"border-radius:0px\">A efecto de poder brindarles a todos los participantes una grata experiencia dentro de la mayor seguridad posible y rodeados de un gran ambiente, exponemos a continuaci\u00f3n las reglas del evento.<\/p>\n\n\n\n<h2 class=\"wp-block-heading has-medium-font-size\"><strong><strong><strong><strong>1 <u>CONCEPTOS Y DEFINICIONES<\/u><\/strong><\/strong><\/strong><\/strong><\/h2>\n\n\n\n<p><strong>1.1 <\/strong>Sant Cugat Ride 2026 o el Evento. Evento cicloturista organizado por Cu4tro Bikes Sant Cugat, S.L., tambi\u00e9n conocido como Cu4tro Bikes.<strong><\/strong><\/p>\n\n\n\n<p><strong>1.2 <\/strong>La organizaci\u00f3n. Comprende al staff de Cu4tro Bikes<\/p>\n\n\n\n<p><strong>1.3<\/strong> P\u00e1gina web. www.cu4trobikes.es<\/p>\n\n\n\n<p><strong>1.4 <\/strong>Ciclista. Participante que se inscribe al evento, rodar\u00e1 las rutas ciclistas y gozar\u00e1 de las atracciones tur\u00edsticas.<\/p>\n\n\n\n<p><strong>1.5 <\/strong>Acompa\u00f1ante. Participante que se inscribe al evento, no rodar\u00e1 las rutas ciclistas, pero s\u00ed disfrutar\u00e1 de las atracciones tur\u00edsticas.<\/p>\n\n\n\n<p><strong>1.6<\/strong> Participante. Ciclistas(s) y\/o acompa\u00f1ante(s).<\/p>\n\n\n\n<p><strong>1.7<\/strong> Rutas ciclistas. Trayectos que se realizar\u00e1n en bicicleta.<\/p>\n\n\n\n<p><strong>1.8<\/strong> Cicloturismo. Se refiere a la actividad recreativa y no competitiva del uso de la bicicleta que combina la actividad f\u00edsica y el turismo.<\/p>\n\n\n\n<p><strong>1.9<\/strong> Atracciones tur\u00edsticas. Lugares atractivos, tur\u00edsticos, culturales, de ocio, etc., que se visitar\u00e1n.<\/p>\n\n\n\n<p><strong>1.10<\/strong> Bienvenida. Reuni\u00f3n que realiza la organizaci\u00f3n con la finalidad de hacer la entrega de paquetes, exponer a los participantes las particularidades del evento y para aclaraci\u00f3n de dudas.<\/p>\n\n\n\n<p><strong>1.11<\/strong> Paquete. Es el conjunto de art\u00edculos del evento que se entregar\u00e1n a cada participante en la bienvenida y entrega de paquetes.<\/p>\n\n\n\n<p><strong>1.12<\/strong> Expulsi\u00f3n. Sanci\u00f3n por parte de la organizaci\u00f3n por la cual el participante deber\u00e1 de abandonar el evento de manera inmediata.<\/p>\n\n\n\n<h2 class=\"wp-block-heading has-medium-font-size\"><strong><strong>2 <u>ASPECTOS GENERALES<\/u><\/strong><\/strong><\/h2>\n\n\n\n<p><strong>2.1 <\/strong>La Sant Cugat Ride 2026 se realizar\u00e1 del 29 de junio al 5 de julio del 2026.<\/p>\n\n\n\n<p><strong>2.2<\/strong> Se trata de un evento cicloturista, por lo que se rodar\u00e1 a velocidades moderadas, se procurar\u00e1 ir en grupo y, de ser necesario, se har\u00e1n paradas de reagrupamiento con la finalidad de llevarlo a cabo con la mayor seguridad posible.<\/p>\n\n\n\n<p><strong>2.3<\/strong> La Sant Cugat Ride 2026 tambi\u00e9n contempla visitar atracciones tur\u00edsticas sin bicicleta, que tambi\u00e9n ser\u00e1n reguladas por la organizaci\u00f3n, en sus horarios, puntos tur\u00edsticos a conocer, restaurantes para comer, etc.<\/p>\n\n\n\n<p><strong>2.4<\/strong> El itinerario de todo el evento se encuentra en la p\u00e1gina web <a href=\"http:\/\/www.cu4trobikes.es\">www.cu4trobikes.es<\/a> y podr\u00e1 ser modificado sin previo aviso en cualquier momento, por lo que es responsabilidad del participante revisarlo justo antes de su inicio. La organizaci\u00f3n podr\u00e1, ya iniciado el evento, modificar parcial o totalmente el itinerario, para lo cual los participantes ser\u00e1n informados oportunamente.<\/p>\n\n\n\n<p><strong>2.5<\/strong> Para poder participar, la persona deber\u00e1 de ser mayor de edad o contar con el permiso de padre o tutor quien se haga responsable de esta y la acompa\u00f1e durante las rutas ciclistas.<\/p>\n\n\n\n<p><strong>2.6<\/strong> Por respeto a todos los participantes y a la log\u00edstica del evento, seremos muy respetuosos de la puntualidad.<\/p>\n\n\n\n<p><strong>2.7<\/strong> El domicilio de Cu4tro Bikes es Av. Cerdanyola 12, local, cp 08172, Sant Cugat del Vall\u00e8s, Barcelona; tel\u00e9fono es 640 98 46 17; correo electr\u00f3nico contacto@cu4trobikes.es.<\/p>\n\n\n\n<h2 class=\"wp-block-heading has-medium-font-size\"><strong><strong><strong>3 <u>INSCRIPCIONES<\/u><\/strong><\/strong><\/strong><\/h2>\n\n\n\n<p><strong>3.1<\/strong> Las inscripciones se podr\u00e1n realizar \u00fanicamente por medio de nuestra p\u00e1gina web www.cu4trobikes.es con tarjeta de cr\u00e9dito o d\u00e9bito, as\u00ed como mediante transferencia bancaria.<\/p>\n\n\n\n<p><strong>3.2<\/strong> Los precios de inscripci\u00f3n se encuentran en la p\u00e1gina web as\u00ed como las escalas de incremento que ir\u00e1n teniendo y lo que incluye a cada participante, sea ciclista o acompa\u00f1ante.<\/p>\n\n\n\n<p><strong>3.3<\/strong> El cupo es limitado a 50 ciclistas. No hay l\u00edmite para acompa\u00f1antes.<\/p>\n\n\n\n<h2 class=\"wp-block-heading has-medium-font-size\"><strong><strong><strong><strong>4 <u>INTRANSFERIBILIDAD Y DEVOLUCIONES<\/u><\/strong><\/strong><\/strong><\/strong><\/h2>\n\n\n\n<p><strong>4.1<\/strong> El participante manifiesta su conformidad en que una vez pagada una inscripci\u00f3n, anticipo o apartado, se entiende como una inscripci\u00f3n definitiva sin posibilidad de devoluci\u00f3n o reembolso, renunciando a cualquier acci\u00f3n legal en contra de la organizaci\u00f3n.<\/p>\n\n\n\n<p><strong>4.2<\/strong> Las inscripciones son personales e intransferibles.<\/p>\n\n\n\n<h2 class=\"wp-block-heading has-medium-font-size\"><strong><strong><strong><strong><strong>5 <u>BIENVENIDA Y ENTREGA DE PAQUETES<\/u><\/strong><\/strong><\/strong><\/strong><\/strong><\/h2>\n\n\n\n<p style=\"margin-right:var(--wp--preset--spacing--20);margin-left:var(--wp--preset--spacing--20)\"><strong>5.1 <\/strong>Se llevar\u00e1 a cabo el lunes 29 de junio del 2026 a las 18:30 hrs.\u00a0 en la terraza del primer piso del Hotel El Sant Cugat, ubicado en C\u00e8sar Martinell 2, 08172, Sant Cugat del Vall\u00e8s, Barcelona y los paquetes ser\u00e1n entregados a los titulares, previa firma indispensable de la responsiva del evento, as\u00ed como la presentaci\u00f3n de una identificaci\u00f3n oficial vigente con fotograf\u00eda. Tambi\u00e9n se explicar\u00e1n los detalles del evento y se aclarar\u00e1n todas las dudas.<\/p>\n\n\n\n<p><strong>5.2<\/strong> El paquete incluir\u00e1 lo siguiente:<\/p>\n\n\n\n<ol class=\"wp-block-list\">\n<li>Chanclas sencillas (Para su uso en la visita a Montserrat).<\/li>\n\n\n\n<li>Mochila de cordones tipo back pack.<\/li>\n\n\n\n<li>Maillot oficial (uso obligatorio etapa Montserrat).<\/li>\n\n\n\n<li>Playera conmemorativa La Sant Cugat Ride.<\/li>\n\n\n\n<li>Playera conmemorativa Tour de France (Para su uso el s\u00e1bado etapa 1 Tour de France).<\/li>\n\n\n\n<li>Bid\u00f3n conmemorativo.<\/li>\n\n\n\n<li>Avituallamiento suficiente para las 3 rutas ciclistas.<\/li>\n<\/ol>\n\n\n\n<h2 class=\"wp-block-heading has-medium-font-size\"><strong><strong><strong><strong><strong><strong><strong><strong><strong><strong><strong>6 <u>JERSEY OFICIAL<\/u><\/strong><\/strong><\/strong><\/strong><\/strong><\/strong><\/strong><\/strong><\/strong><\/strong><\/strong><\/h2>\n\n\n\n<p><strong>6.1 <\/strong>El jersey oficial del evento deber\u00e1n de portarlo durante la etapa 2 \u201cMontserrat\u201d para efectos de organizaci\u00f3n y seguridad del grupo.<\/p>\n\n\n\n<p><strong>6.2<\/strong> La organizaci\u00f3n no se compromete a proporcionar la talla exacta solicitada por los ciclistas que no se inscriban con por lo menos 2 meses previos a la fecha del evento.<\/p>\n\n\n\n<h2 class=\"wp-block-heading has-medium-font-size\"><strong><strong><strong><strong><strong><strong><strong><strong><strong><strong><strong><strong>7 <u>BICICLETA<\/u><\/strong><\/strong><\/strong><\/strong><\/strong><\/strong><\/strong><\/strong><\/strong><\/strong><\/strong><\/strong><\/h2>\n\n\n\n<p><strong>7.1 <\/strong>El participante se compromete a utilizar una bicicleta de carretera en perfecto estado.<strong><\/strong><\/p>\n\n\n\n<p><strong>7.2<\/strong> No est\u00e1 permitido el uso de bicicletas de triatl\u00f3n o contra reloj.<\/p>\n\n\n\n<h2 class=\"wp-block-heading has-medium-font-size\"><strong><strong><strong><strong><strong><strong><strong><strong><strong><strong><strong><strong><strong>8 <u>EQUIPO DE SEGURIDAD Y ACCESORIOS OBLIGATORIOS<\/u><\/strong><\/strong><\/strong><\/strong><\/strong><\/strong><\/strong><\/strong><\/strong><\/strong><\/strong><\/strong><\/strong><\/h2>\n\n\n\n<p><strong>8.1<\/strong> Casco y gafas.<\/p>\n\n\n\n<p><strong>8.2<\/strong> Kit para la reparaci\u00f3n de un pinchazo y alg\u00fan sistema de inflado.<\/p>\n\n\n\n<h2 class=\"wp-block-heading has-medium-font-size\"><strong><strong><strong><strong><strong><strong><strong><strong><strong><strong><strong><strong><strong><strong>9 <u>AVITUALLAMIENTO<\/u><\/strong><\/strong><\/strong><\/strong><\/strong><\/strong><\/strong><\/strong><\/strong><\/strong><\/strong><\/strong><\/strong><\/strong><\/h2>\n\n\n\n<p><strong>9.1<\/strong> El evento proporcionar\u00e1 a los ciclistas dentro del paquete que se entregar\u00e1 en la bienvenida, avituallamiento suficiente para las 3 rutas ciclistas del evento.<\/p>\n\n\n\n<h2 class=\"wp-block-heading has-medium-font-size\"><strong><strong><strong><strong><strong><strong><strong><strong><strong><strong><strong><strong><strong><strong><strong>10 <u>NORMAS AL RODAR<\/u><\/strong><\/strong><\/strong><\/strong><\/strong><\/strong><\/strong><\/strong><\/strong><\/strong><\/strong><\/strong><\/strong><\/strong><\/strong><\/h2>\n\n\n\n<p><strong>10.1 <\/strong>La edad m\u00ednima para poder rodar los tres recorridos del evento son 18 a\u00f1os cumplidos a la fecha del evento; Mayores de 16 podr\u00e1n hacerlo previa autorizaci\u00f3n de padre o tutor y la compa\u00f1\u00eda de un responsable adulto durante dichos recorridos.<\/p>\n\n\n\n<p><strong>10.2 <\/strong>Los ciclistas deber\u00e1n de conducirse con educaci\u00f3n y respeto hacia los dem\u00e1s participantes, organizaci\u00f3n, terceros, autoridades y p\u00fablico en general.<\/p>\n\n\n\n<p><strong>10.3<\/strong> Seremos muy puntuales en los horarios de salida de las rutas ciclistas.<\/p>\n\n\n\n<p><strong>10.4 <\/strong>Los ciclistas utilizar\u00e1n calles, avenidas y carreteras abiertas al tr\u00e1fico, por lo que deber\u00e1n conocer y respetar las normas y se\u00f1ales de tr\u00e1fico, ley de seguridad vial, indicaciones de la organizaci\u00f3n y autoridades, adem\u00e1s de extremar precauciones.<\/p>\n\n\n\n<p><strong>10.5<\/strong> Deber\u00e1n de rodar siempre lo m\u00e1s pegados a la derecha posible, ya sea de uno en uno o de dos en dos cuando la v\u00eda lo permita y la organizaci\u00f3n lo indique.<\/p>\n\n\n\n<p><strong>10.6<\/strong> La ley proh\u00edbe el uso de cualquier tipo de aud\u00edfonos.<\/p>\n\n\n\n<p><strong>10.7 <\/strong>Tirar basura es causa de multa por parte de las autoridades y expulsi\u00f3n inmediata del evento.<\/p>\n\n\n\n<p><strong>10.8<\/strong> La organizaci\u00f3n podr\u00e1 cambiar los tracks, a su criterio, en cualquier momento.<\/p>\n\n\n\n<p><strong>10.9<\/strong> Los ciclistas contar\u00e1n con el apoyo de mec\u00e1nica b\u00e1sica para reparar pinchazos por parte del staff.<\/p>\n\n\n\n<h2 class=\"wp-block-heading has-medium-font-size\"><strong><strong><strong><strong><strong><strong><strong><strong><strong><strong><strong><strong><strong><strong><strong><strong>11 CANCELACI\u00d3N, SUSPENSI\u00d3N O APLAZAMIENTO DEL EVENTO<\/strong><\/strong><\/strong><\/strong><\/strong><\/strong><\/strong><\/strong><\/strong><\/strong><\/strong><\/strong><\/strong><\/strong><\/strong><\/strong><\/h2>\n\n\n\n<p><strong>11.1<\/strong> La organizaci\u00f3n se reserva el derecho para, en caso fortuito, fuerza mayor, u otro motivo que lo justifique (Ej: Causas meteorol\u00f3gicas), cancelar el evento, suspenderlo, o aplazarlo y cambiar la fecha, oblig\u00e1ndose a publicar en los 15 d\u00edas posteriores en su p\u00e1gina web la nueva fecha del mismo.<\/p>\n\n\n\n<h2 class=\"wp-block-heading has-medium-font-size\"><strong><strong><strong><strong><strong><strong><strong><strong><strong><strong><strong><strong><strong><strong><strong><strong><strong>12 <u>DERECHO DE ADMISI\u00d3N Y EXPULSI\u00d3N<\/u><\/strong><\/strong><\/strong><\/strong><\/strong><\/strong><\/strong><\/strong><\/strong><\/strong><\/strong><\/strong><\/strong><\/strong><\/strong><\/strong><\/strong><\/h2>\n\n\n\n<p class=\"has-text-align-left\"><strong>12.1<\/strong> La organizaci\u00f3n, de conformidad con lo establecido en la normativa vigente sobre espect\u00e1culos p\u00fablicos y actividades recreativas, se reserva el derecho de denegar la inscripci\u00f3n al evento o de expulsar del mismo a cualquier persona por incumplir este reglamento, infringir las normas de vialidad, presentarse en estado de embriaguez o bajo los efectos de drogas o sustancias estupefacientes, muestren actitudes violentas, inciten al odio, alteren el orden, provoquen molestias a otras personas, o por alguna otra causa que considere pertinente.<\/p>\n\n\n\n<h2 class=\"wp-block-heading has-medium-font-size\"><strong><strong><strong><strong><strong><strong><strong><strong><strong><strong><strong><strong><strong><strong><strong><strong><strong><strong>13 <u>RESPONSABILIDADES LEGALES Y EXONERACI\u00d3N<\/u><\/strong><\/strong><\/strong><\/strong><\/strong><\/strong><\/strong><\/strong><\/strong><\/strong><\/strong><\/strong><\/strong><\/strong><\/strong><\/strong><\/strong><\/strong><\/h2>\n\n\n\n<p><strong>13.1<\/strong> El participante reconoce conocer los riesgos que implica inscribirse a un evento de esta naturaleza, que se visitar\u00e1n lugares con altitudes altas, que, en su caso, rodar\u00e1n en bicicleta por carreteras que pudieran tener deficiencias y ser peligrosas por m\u00faltiples razones, entre otros riesgos impl\u00edcitos en el itinerario del evento.<\/p>\n\n\n\n<p><strong>13.2<\/strong> El participante manifiesta contar con una excelente condici\u00f3n f\u00edsica, acepta ser el \u00fanico responsable de su estado de salud el cual deber\u00e1 de ser \u00f3ptimo durante el evento y se compromete a realizarse un examen m\u00e9dico previo para garantizarlo.<\/p>\n\n\n\n<p><strong>13.3<\/strong> El participante deber\u00e1 de contar con un seguro de gastos m\u00e9dicos mayores que lo cubra durante todo el evento por cualquier problema de salud o accidente, as\u00ed como de responsabilidad civil.<\/p>\n\n\n\n<p><strong>13.4<\/strong> El participante renuncia a toda acci\u00f3n legal en contra del evento y acepta que la organizaci\u00f3n no ser\u00e1 responsable por ning\u00fan incidente o accidente del que pudiera ser causa o v\u00edctima, problema de salud, gastos o deudas que pudiera contraer durante el evento, da\u00f1os a sus bicicletas o las de terceros, deslindando a Cu4tro Bikes Sant Cugat, S.L. , Sant Cugat Ride 2026, a sus representantes, satff, empleados, patrocinadores, etc., de cualquier responsabilidad legal o de cualquier otra \u00edndole, oblig\u00e1ndose a sacarlos en paz y a salvo y asumiendo todos los costos asociados a ello.<\/p>\n\n\n\n<h2 class=\"wp-block-heading has-medium-font-size\"><strong><strong><strong><strong><strong><strong><strong><strong><strong><strong><strong><strong><strong><strong><strong><strong><strong><strong><strong>14 <u>DERECHOS DE IMAGEN<\/u><\/strong><\/strong><\/strong><\/strong><\/strong><\/strong><\/strong><\/strong><\/strong><\/strong><\/strong><\/strong><\/strong><\/strong><\/strong><\/strong><\/strong><\/strong><\/strong><\/h2>\n\n\n\n<p>El participante al aceptar este reglamento, autoriza a la Sant Cugat Ride 2026 a la fotograf\u00eda, y\/o grabaci\u00f3n total o parcial de su participaci\u00f3n en el evento y da su consentimiento para que puedan utilizar su imagen en la promoci\u00f3n y difusi\u00f3n del evento en todas sus formas (foto, video, redes sociales, internet, radio, prensa, medios de comunicaci\u00f3n, etc.), y cede todos los derechos relativos a su explotaci\u00f3n comercial y publicitaria que consideren oportuno ejecutar, sin derecho por su parte a recibir compensaci\u00f3n econ\u00f3mica alguna. Este art\u00edculo se hace extensible tambi\u00e9n a fotograf\u00edas.<\/p>\n\n\n\n<h2 class=\"wp-block-heading has-medium-font-size\"><strong><strong><strong><strong><strong><strong><strong><strong><strong><strong><strong><strong><strong><strong><strong><strong><strong><strong><strong><strong>15 <u>POL\u00cdTICA DE PRIVACIDAD<\/u><\/strong><\/strong><\/strong><\/strong><\/strong><\/strong><\/strong><\/strong><\/strong><\/strong><\/strong><\/strong><\/strong><\/strong><\/strong><\/strong><\/strong><\/strong><\/strong><\/strong><\/h2>\n\n\n\n<p>La organizaci\u00f3n garantiza el pleno cumplimiento de la Ley Org\u00e1nica de Protecci\u00f3n de Datos Personales y Garant\u00eda de los Derechos Digitales, y el participante queda informado y presta su consentimiento a la incorporaci\u00f3n de sus datos en los ficheros automatizados del organizador y al tratamiento de los mismos para su utilizaci\u00f3n en relaci\u00f3n con la ejecuci\u00f3n de gestiones administrativas, comerciales y de otras actividades propias de La Sant Cugat Ride 2026 y de Cu4tro Bikes Sant Cugat, S.L.<\/p>\n\n\n\n<p>As\u00ed mismo, el participante acepta que la organizaci\u00f3n les env\u00ede informaci\u00f3n sobre noticias, gestiones o servicios relacionados con el evento y\/o Cu4tro Bikes. La aceptaci\u00f3n del participante para que sus datos puedan ser tratados o cedidos de esta forma, tiene siempre car\u00e1cter revocable, sin efectos retroactivos.<\/p>\n\n\n\n<p>El organizador pone a disposici\u00f3n del participante el correo electr\u00f3nico contacto@cu4trobikes.es para poder ejercer su derecho de acceder, rectificar, cancelar u oponerse en cualquier momento.<\/p>\n\n\n\n<h2 class=\"wp-block-heading has-medium-font-size\"><strong><strong><strong><strong><strong><strong><strong><strong><strong><strong><strong><strong><strong><strong><strong><strong><strong><strong><strong><strong><strong>16 <u>ACEPTACI\u00d3N<\/u><\/strong><\/strong><\/strong><\/strong><\/strong><\/strong><\/strong><\/strong><\/strong><\/strong><\/strong><\/strong><\/strong><\/strong><\/strong><\/strong><\/strong><\/strong><\/strong><\/strong><\/strong><\/h2>\n\n\n\n<p><strong>10.1<\/strong>&nbsp;La inscripci\u00f3n al evento, implica que el participante ha le\u00eddo toda la informaci\u00f3n del mismo, as\u00ed como del presente reglamento, aceptando de forma expresa y t\u00e1cita todo lo establecido.<br>&nbsp;<br><strong>10.2<\/strong>&nbsp;El presente reglamento podr\u00eda ser modificado total o parcialmente en cualquier momento, publicando la modificaci\u00f3n en su p\u00e1gina web, siendo responsabilidad de los participantes revisarla peri\u00f3dicamente.<\/p>\n\n\n\n<p><\/p>\n<\/div><\/div>\n","protected":false},"excerpt":{"rendered":"<p>REGLAMENTO \u201cLA SANT CUGAT RIDE 2026\u201d A efecto de poder brindarles a todos los participantes una grata experiencia dentro de la mayor seguridad posible y rodeados de un gran ambiente, exponemos a continuaci\u00f3n las reglas del evento. 1 CONCEPTOS Y DEFINICIONES 1.1 Sant Cugat Ride 2026 o el Evento. Evento cicloturista organizado por Cu4tro Bikes &hellip;<\/p>\n<p class=\"read-more\"> <a class=\"\" href=\"https:\/\/cu4trobikes.es\/index.php\/reglamento\/\"> <span class=\"screen-reader-text\">REGLAMENTO<\/span> Leer m\u00e1s &raquo;<\/a><\/p>\n","protected":false},"author":2,"featured_media":0,"parent":0,"menu_order":0,"comment_status":"closed","ping_status":"closed","template":"","meta":{"_uag_custom_page_level_css":"","site-sidebar-layout":"default","site-content-layout":"","ast-site-content-layout":"","site-content-style":"default","site-sidebar-style":"default","ast-global-header-display":"","ast-banner-title-visibility":"","ast-main-header-display":"","ast-hfb-above-header-display":"","ast-hfb-below-header-display":"","ast-hfb-mobile-header-display":"","site-post-title":"disabled","ast-breadcrumbs-content":"","ast-featured-img":"","footer-sml-layout":"","theme-transparent-header-meta":"","adv-header-id-meta":"","stick-header-meta":"","header-above-stick-meta":"","header-main-stick-meta":"","header-below-stick-meta":"","astra-migrate-meta-layouts":"","ast-page-background-enabled":"default","ast-page-background-meta":{"desktop":{"background-color":"var(--ast-global-color-4)","background-image":"","background-repeat":"repeat","background-position":"center center","background-size":"auto","background-attachment":"scroll","background-type":"","background-media":"","overlay-type":"","overlay-color":"","overlay-gradient":""},"tablet":{"background-color":"","background-image":"","background-repeat":"repeat","background-position":"center center","background-size":"auto","background-attachment":"scroll","background-type":"","background-media":"","overlay-type":"","overlay-color":"","overlay-gradient":""},"mobile":{"background-color":"","background-image":"","background-repeat":"repeat","background-position":"center center","background-size":"auto","background-attachment":"scroll","background-type":"","background-media":"","overlay-type":"","overlay-color":"","overlay-gradient":""}},"ast-content-background-meta":{"desktop":{"background-color":"var(--ast-global-color-5)","background-image":"","background-repeat":"repeat","background-position":"center center","background-size":"auto","background-attachment":"scroll","background-type":"","background-media":"","overlay-type":"","overlay-color":"","overlay-gradient":""},"tablet":{"background-color":"var(--ast-global-color-5)","background-image":"","background-repeat":"repeat","background-position":"center center","background-size":"auto","background-attachment":"scroll","background-type":"","background-media":"","overlay-type":"","overlay-color":"","overlay-gradient":""},"mobile":{"background-color":"var(--ast-global-color-5)","background-image":"","background-repeat":"repeat","background-position":"center center","background-size":"auto","background-attachment":"scroll","background-type":"","background-media":"","overlay-type":"","overlay-color":"","overlay-gradient":""}},"footnotes":""},"class_list":["post-989","page","type-page","status-publish","hentry"],"uagb_featured_image_src":{"full":false,"thumbnail":false,"medium":false,"medium_large":false,"large":false,"1536x1536":false,"2048x2048":false,"woocommerce_thumbnail":false,"woocommerce_single":false,"woocommerce_gallery_thumbnail":false},"uagb_author_info":{"display_name":"maria de los angeles pando tu\u00f1on","author_link":"https:\/\/cu4trobikes.es\/index.php\/author\/angeles-pando\/"},"uagb_comment_info":0,"uagb_excerpt":"REGLAMENTO \u201cLA SANT CUGAT RIDE 2026\u201d A efecto de poder brindarles a todos los participantes una grata experiencia dentro de la mayor seguridad posible y rodeados de un gran ambiente, exponemos a continuaci\u00f3n las reglas del evento. 1 CONCEPTOS Y DEFINICIONES 1.1 Sant Cugat Ride 2026 o el Evento. Evento cicloturista organizado por Cu4tro Bikes&hellip;","_links":{"self":[{"href":"https:\/\/cu4trobikes.es\/index.php\/wp-json\/wp\/v2\/pages\/989","targetHints":{"allow":["GET"]}}],"collection":[{"href":"https:\/\/cu4trobikes.es\/index.php\/wp-json\/wp\/v2\/pages"}],"about":[{"href":"https:\/\/cu4trobikes.es\/index.php\/wp-json\/wp\/v2\/types\/page"}],"author":[{"embeddable":true,"href":"https:\/\/cu4trobikes.es\/index.php\/wp-json\/wp\/v2\/users\/2"}],"replies":[{"embeddable":true,"href":"https:\/\/cu4trobikes.es\/index.php\/wp-json\/wp\/v2\/comments?post=989"}],"version-history":[{"count":7,"href":"https:\/\/cu4trobikes.es\/index.php\/wp-json\/wp\/v2\/pages\/989\/revisions"}],"predecessor-version":[{"id":1086,"href":"https:\/\/cu4trobikes.es\/index.php\/wp-json\/wp\/v2\/pages\/989\/revisions\/1086"}],"wp:attachment":[{"href":"https:\/\/cu4trobikes.es\/index.php\/wp-json\/wp\/v2\/media?parent=989"}],"curies":[{"name":"wp","href":"https:\/\/api.w.org\/{rel}","templated":true}]}}