{"id":1119,"date":"2025-11-04T12:33:07","date_gmt":"2025-11-04T11:33:07","guid":{"rendered":"https:\/\/cu4trobikes.es\/?post_type=product&#038;p=1119"},"modified":"2025-11-04T12:35:41","modified_gmt":"2025-11-04T11:35:41","slug":"madone-sl-7-gen-8","status":"publish","type":"product","link":"https:\/\/cu4trobikes.es\/index.php\/producto\/madone-sl-7-gen-8\/","title":{"rendered":"Madone SL 7 Gen 8"},"content":{"rendered":"<p>La Madone SL 7 Gen 8 es una bicicleta de carretera preparada para la competici\u00f3n y dise\u00f1ada para ofrecerte lo mejor de cada mundo. Es ligera como una pluma, lo cual te permite arrasar en las escaladas, mientras que la geometr\u00eda aerodin\u00e1mica reduce la resistencia en los descensos y el sistema IsoFlow te mantiene c\u00f3modo a lo largo de todo el recorrido. Para ofrecer la mejor combinaci\u00f3n de precio y rendimiento, est\u00e1 fabricada con carbono OCLV Serie 500, un manillar y potencia de dos piezas y una transmisi\u00f3n electr\u00f3nica inal\u00e1mbrica Shimano Ultegra Di2, que permite cambiar de forma impecable, adem\u00e1s de incorporar ruedas de carbono extremadamente ligeras.<\/p>\n<p>Una vez enviado el producto no se aceptan cambios ni devoluciones.<\/p>\n","protected":false},"excerpt":{"rendered":"<p>La Madone SL 7 Gen 8 es una bicicleta de carretera preparada para la competici\u00f3n y dise\u00f1ada para ofrecerte lo mejor de cada mundo. Es ligera como una pluma, lo cual te permite arrasar en las escaladas, mientras que la geometr\u00eda aerodin\u00e1mica reduce la resistencia en los descensos y el sistema IsoFlow te mantiene c\u00f3modo &hellip;<\/p>\n<p class=\"read-more\"> <a class=\"\" href=\"https:\/\/cu4trobikes.es\/index.php\/producto\/madone-sl-7-gen-8\/\"> <span class=\"screen-reader-text\">Madone SL 7 Gen 8<\/span> Leer m\u00e1s &raquo;<\/a><\/p>\n","protected":false},"featured_media":1120,"comment_status":"open","ping_status":"closed","template":"","meta":{"_uag_custom_page_level_css":"","site-sidebar-layout":"default","site-content-layout":"","ast-site-content-layout":"default","site-content-style":"default","site-sidebar-style":"default","ast-global-header-display":"","ast-banner-title-visibility":"","ast-main-header-display":"","ast-hfb-above-header-display":"","ast-hfb-below-header-display":"","ast-hfb-mobile-header-display":"","site-post-title":"","ast-breadcrumbs-content":"","ast-featured-img":"","footer-sml-layout":"","theme-transparent-header-meta":"default","adv-header-id-meta":"","stick-header-meta":"","header-above-stick-meta":"","header-main-stick-meta":"","header-below-stick-meta":"","astra-migrate-meta-layouts":"set","ast-page-background-enabled":"default","ast-page-background-meta":{"desktop":{"background-color":"var(--ast-global-color-4)","background-image":"","background-repeat":"repeat","background-position":"center center","background-size":"auto","background-attachment":"scroll","background-type":"","background-media":"","overlay-type":"","overlay-color":"","overlay-gradient":""},"tablet":{"background-color":"","background-image":"","background-repeat":"repeat","background-position":"center center","background-size":"auto","background-attachment":"scroll","background-type":"","background-media":"","overlay-type":"","overlay-color":"","overlay-gradient":""},"mobile":{"background-color":"","background-image":"","background-repeat":"repeat","background-position":"center center","background-size":"auto","background-attachment":"scroll","background-type":"","background-media":"","overlay-type":"","overlay-color":"","overlay-gradient":""}},"ast-content-background-meta":{"desktop":{"background-color":"var(--ast-global-color-5)","background-image":"","background-repeat":"repeat","background-position":"center center","background-size":"auto","background-attachment":"scroll","background-type":"","background-media":"","overlay-type":"","overlay-color":"","overlay-gradient":""},"tablet":{"background-color":"var(--ast-global-color-5)","background-image":"","background-repeat":"repeat","background-position":"center center","background-size":"auto","background-attachment":"scroll","background-type":"","background-media":"","overlay-type":"","overlay-color":"","overlay-gradient":""},"mobile":{"background-color":"var(--ast-global-color-5)","background-image":"","background-repeat":"repeat","background-position":"center center","background-size":"auto","background-attachment":"scroll","background-type":"","background-media":"","overlay-type":"","overlay-color":"","overlay-gradient":""}}},"product_cat":[23,54],"product_tag":[],"class_list":{"0":"post-1119","1":"product","2":"type-product","3":"status-publish","4":"has-post-thumbnail","6":"product_cat-carretera","7":"product_cat-rebajas","8":"product_shipping_class-bicicletas","9":"desktop-align-center","10":"tablet-align-left","11":"mobile-align-left","13":"first","14":"onbackorder","15":"sale","16":"shipping-taxable","17":"purchasable","18":"product-type-simple"},"uagb_featured_image_src":{"full":["https:\/\/cu4trobikes.es\/wp-content\/uploads\/2025\/11\/MadoneSL7-25-46220-A-Primary.avif",1440,1080,false],"thumbnail":["https:\/\/cu4trobikes.es\/wp-content\/uploads\/2025\/11\/MadoneSL7-25-46220-A-Primary-150x150.avif",150,150,true],"medium":["https:\/\/cu4trobikes.es\/wp-content\/uploads\/2025\/11\/MadoneSL7-25-46220-A-Primary-300x225.avif",300,225,true],"medium_large":["https:\/\/cu4trobikes.es\/wp-content\/uploads\/2025\/11\/MadoneSL7-25-46220-A-Primary-768x576.avif",768,576,true],"large":["https:\/\/cu4trobikes.es\/wp-content\/uploads\/2025\/11\/MadoneSL7-25-46220-A-Primary-1024x768.avif",1024,768,true],"1536x1536":["https:\/\/cu4trobikes.es\/wp-content\/uploads\/2025\/11\/MadoneSL7-25-46220-A-Primary.avif",1440,1080,false],"2048x2048":["https:\/\/cu4trobikes.es\/wp-content\/uploads\/2025\/11\/MadoneSL7-25-46220-A-Primary.avif",1440,1080,false],"woocommerce_thumbnail":["https:\/\/cu4trobikes.es\/wp-content\/uploads\/2025\/11\/MadoneSL7-25-46220-A-Primary-300x225.avif",300,225,true],"woocommerce_single":["https:\/\/cu4trobikes.es\/wp-content\/uploads\/2025\/11\/MadoneSL7-25-46220-A-Primary-600x450.avif",600,450,true],"woocommerce_gallery_thumbnail":["https:\/\/cu4trobikes.es\/wp-content\/uploads\/2025\/11\/MadoneSL7-25-46220-A-Primary-100x100.avif",100,100,true]},"uagb_author_info":{"display_name":"maria de los angeles pando tu\u00f1on","author_link":"https:\/\/cu4trobikes.es\/index.php\/author\/"},"uagb_comment_info":0,"uagb_excerpt":"La Madone SL 7 Gen 8 es una bicicleta de carretera preparada para la competici\u00f3n y dise\u00f1ada para ofrecerte lo mejor de cada mundo. Es ligera como una pluma, lo cual te permite arrasar en las escaladas, mientras que la geometr\u00eda aerodin\u00e1mica reduce la resistencia en los descensos y el sistema IsoFlow te mantiene c\u00f3modo&hellip;","_links":{"self":[{"href":"https:\/\/cu4trobikes.es\/index.php\/wp-json\/wp\/v2\/product\/1119","targetHints":{"allow":["GET"]}}],"collection":[{"href":"https:\/\/cu4trobikes.es\/index.php\/wp-json\/wp\/v2\/product"}],"about":[{"href":"https:\/\/cu4trobikes.es\/index.php\/wp-json\/wp\/v2\/types\/product"}],"replies":[{"embeddable":true,"href":"https:\/\/cu4trobikes.es\/index.php\/wp-json\/wp\/v2\/comments?post=1119"}],"wp:featuredmedia":[{"embeddable":true,"href":"https:\/\/cu4trobikes.es\/index.php\/wp-json\/wp\/v2\/media\/1120"}],"wp:attachment":[{"href":"https:\/\/cu4trobikes.es\/index.php\/wp-json\/wp\/v2\/media?parent=1119"}],"wp:term":[{"taxonomy":"product_cat","embeddable":true,"href":"https:\/\/cu4trobikes.es\/index.php\/wp-json\/wp\/v2\/product_cat?post=1119"},{"taxonomy":"product_tag","embeddable":true,"href":"https:\/\/cu4trobikes.es\/index.php\/wp-json\/wp\/v2\/product_tag?post=1119"}],"curies":[{"name":"wp","href":"https:\/\/api.w.org\/{rel}","templated":true}]}}