{"id":1596,"date":"2026-02-20T17:56:36","date_gmt":"2026-02-20T16:56:36","guid":{"rendered":"https:\/\/cu4trobikes.es\/?post_type=product&#038;p=1596"},"modified":"2026-03-17T12:56:28","modified_gmt":"2026-03-17T11:56:28","slug":"nano-tech-bike-cleaner","status":"publish","type":"product","link":"https:\/\/cu4trobikes.es\/index.php\/producto\/nano-tech-bike-cleaner\/","title":{"rendered":"Nano Tech Bike Cleaner"},"content":{"rendered":"<p>Usando nuestra f\u00f3rmula Nano Tech de \u00faltima generaci\u00f3n, Muc-Off corta la suciedad m\u00e1s r\u00e1pido de lo que puedes decir &#8220;\u00a1OMG!&#8221; independientemente del clima o las condiciones de conducci\u00f3n. Este cl\u00e1sico Limpiador para bicicletas rosa tiene un poder de limpieza incre\u00edble porque contiene Nano Technology revolucionaria que descompone la suciedad a niveles microsc\u00f3picos, mientras que tambi\u00e9n cuida el delicado acabado de tu bici. Debido a que utilizamos los mejores ingredientes y tensioactivos, nuestra f\u00f3rmula Muc-Off es un secreto comercial celosamente guardado.<\/p>\n<p>Es el limpiador m\u00e1s eficaz que existe, y ni siquiera necesita ninguno de esos \u00e1cidos o productos qu\u00edmicos desagradables y peligrosos. De hecho, nuestro limpiador perfectamente rosa es *Biodegradable, no contiene \u00e1cidos, CFC ni disolventes, y es de base alcalina, por lo que puedes limpiar con la conciencia tranquila. Es seguro en todas las superficies, e incluso es compatible con el rotor y las pastillas de freno de disco.<\/p>\n<p>*Solo el contenido es Biodegradable.<\/p>\n","protected":false},"excerpt":{"rendered":"<p>Usando nuestra f\u00f3rmula Nano Tech de \u00faltima generaci\u00f3n, Muc-Off corta la suciedad m\u00e1s r\u00e1pido de lo que puedes decir &#8220;\u00a1OMG!&#8221; independientemente del clima o las condiciones de conducci\u00f3n. Este cl\u00e1sico Limpiador para bicicletas rosa tiene un poder de limpieza incre\u00edble porque contiene Nano Technology revolucionaria que descompone la suciedad a niveles microsc\u00f3picos, mientras que tambi\u00e9n &hellip;<\/p>\n<p class=\"read-more\"> <a class=\"\" href=\"https:\/\/cu4trobikes.es\/index.php\/producto\/nano-tech-bike-cleaner\/\"> <span class=\"screen-reader-text\">Nano Tech Bike Cleaner<\/span> Leer m\u00e1s &raquo;<\/a><\/p>\n","protected":false},"featured_media":1597,"comment_status":"open","ping_status":"closed","template":"","meta":{"_uag_custom_page_level_css":"","site-sidebar-layout":"default","site-content-layout":"","ast-site-content-layout":"default","site-content-style":"default","site-sidebar-style":"default","ast-global-header-display":"","ast-banner-title-visibility":"","ast-main-header-display":"","ast-hfb-above-header-display":"","ast-hfb-below-header-display":"","ast-hfb-mobile-header-display":"","site-post-title":"","ast-breadcrumbs-content":"","ast-featured-img":"","footer-sml-layout":"","theme-transparent-header-meta":"default","adv-header-id-meta":"","stick-header-meta":"","header-above-stick-meta":"","header-main-stick-meta":"","header-below-stick-meta":"","astra-migrate-meta-layouts":"set","ast-page-background-enabled":"default","ast-page-background-meta":{"desktop":{"background-color":"var(--ast-global-color-4)","background-image":"","background-repeat":"repeat","background-position":"center center","background-size":"auto","background-attachment":"scroll","background-type":"","background-media":"","overlay-type":"","overlay-color":"","overlay-gradient":""},"tablet":{"background-color":"","background-image":"","background-repeat":"repeat","background-position":"center center","background-size":"auto","background-attachment":"scroll","background-type":"","background-media":"","overlay-type":"","overlay-color":"","overlay-gradient":""},"mobile":{"background-color":"","background-image":"","background-repeat":"repeat","background-position":"center center","background-size":"auto","background-attachment":"scroll","background-type":"","background-media":"","overlay-type":"","overlay-color":"","overlay-gradient":""}},"ast-content-background-meta":{"desktop":{"background-color":"var(--ast-global-color-5)","background-image":"","background-repeat":"repeat","background-position":"center center","background-size":"auto","background-attachment":"scroll","background-type":"","background-media":"","overlay-type":"","overlay-color":"","overlay-gradient":""},"tablet":{"background-color":"var(--ast-global-color-5)","background-image":"","background-repeat":"repeat","background-position":"center center","background-size":"auto","background-attachment":"scroll","background-type":"","background-media":"","overlay-type":"","overlay-color":"","overlay-gradient":""},"mobile":{"background-color":"var(--ast-global-color-5)","background-image":"","background-repeat":"repeat","background-position":"center center","background-size":"auto","background-attachment":"scroll","background-type":"","background-media":"","overlay-type":"","overlay-color":"","overlay-gradient":""}}},"product_cat":[56,54],"product_tag":[58,57],"class_list":{"0":"post-1596","1":"product","2":"type-product","3":"status-publish","4":"has-post-thumbnail","6":"product_cat-accesorios","7":"product_cat-rebajas","8":"product_tag-limpiador-bicicleta","9":"product_tag-muc-off","10":"product_shipping_class-accesorios","11":"desktop-align-center","12":"tablet-align-left","13":"mobile-align-left","15":"first","16":"instock","17":"sale","18":"shipping-taxable","19":"purchasable","20":"product-type-simple"},"uagb_featured_image_src":{"full":["https:\/\/cu4trobikes.es\/wp-content\/uploads\/2026\/02\/WEB_904-CTJ_NANO_TECH_BIKE_CLEANER_2021_x550_crop_center.webp",550,550,false],"thumbnail":["https:\/\/cu4trobikes.es\/wp-content\/uploads\/2026\/02\/WEB_904-CTJ_NANO_TECH_BIKE_CLEANER_2021_x550_crop_center-150x150.webp",150,150,true],"medium":["https:\/\/cu4trobikes.es\/wp-content\/uploads\/2026\/02\/WEB_904-CTJ_NANO_TECH_BIKE_CLEANER_2021_x550_crop_center-300x300.webp",300,300,true],"medium_large":["https:\/\/cu4trobikes.es\/wp-content\/uploads\/2026\/02\/WEB_904-CTJ_NANO_TECH_BIKE_CLEANER_2021_x550_crop_center.webp",550,550,false],"large":["https:\/\/cu4trobikes.es\/wp-content\/uploads\/2026\/02\/WEB_904-CTJ_NANO_TECH_BIKE_CLEANER_2021_x550_crop_center.webp",550,550,false],"1536x1536":["https:\/\/cu4trobikes.es\/wp-content\/uploads\/2026\/02\/WEB_904-CTJ_NANO_TECH_BIKE_CLEANER_2021_x550_crop_center.webp",550,550,false],"2048x2048":["https:\/\/cu4trobikes.es\/wp-content\/uploads\/2026\/02\/WEB_904-CTJ_NANO_TECH_BIKE_CLEANER_2021_x550_crop_center.webp",550,550,false],"woocommerce_thumbnail":["https:\/\/cu4trobikes.es\/wp-content\/uploads\/2026\/02\/WEB_904-CTJ_NANO_TECH_BIKE_CLEANER_2021_x550_crop_center-300x300.webp",300,300,true],"woocommerce_single":["https:\/\/cu4trobikes.es\/wp-content\/uploads\/2026\/02\/WEB_904-CTJ_NANO_TECH_BIKE_CLEANER_2021_x550_crop_center.webp",550,550,false],"woocommerce_gallery_thumbnail":["https:\/\/cu4trobikes.es\/wp-content\/uploads\/2026\/02\/WEB_904-CTJ_NANO_TECH_BIKE_CLEANER_2021_x550_crop_center-100x100.webp",100,100,true]},"uagb_author_info":{"display_name":"maria de los angeles pando tu\u00f1on","author_link":"https:\/\/cu4trobikes.es\/index.php\/author\/"},"uagb_comment_info":0,"uagb_excerpt":"Usando nuestra f\u00f3rmula Nano Tech de \u00faltima generaci\u00f3n, Muc-Off corta la suciedad m\u00e1s r\u00e1pido de lo que puedes decir &#8220;\u00a1OMG!&#8221; independientemente del clima o las condiciones de conducci\u00f3n. Este cl\u00e1sico Limpiador para bicicletas rosa tiene un poder de limpieza incre\u00edble porque contiene Nano Technology revolucionaria que descompone la suciedad a niveles microsc\u00f3picos, mientras que tambi\u00e9n&hellip;","_links":{"self":[{"href":"https:\/\/cu4trobikes.es\/index.php\/wp-json\/wp\/v2\/product\/1596","targetHints":{"allow":["GET"]}}],"collection":[{"href":"https:\/\/cu4trobikes.es\/index.php\/wp-json\/wp\/v2\/product"}],"about":[{"href":"https:\/\/cu4trobikes.es\/index.php\/wp-json\/wp\/v2\/types\/product"}],"replies":[{"embeddable":true,"href":"https:\/\/cu4trobikes.es\/index.php\/wp-json\/wp\/v2\/comments?post=1596"}],"wp:featuredmedia":[{"embeddable":true,"href":"https:\/\/cu4trobikes.es\/index.php\/wp-json\/wp\/v2\/media\/1597"}],"wp:attachment":[{"href":"https:\/\/cu4trobikes.es\/index.php\/wp-json\/wp\/v2\/media?parent=1596"}],"wp:term":[{"taxonomy":"product_cat","embeddable":true,"href":"https:\/\/cu4trobikes.es\/index.php\/wp-json\/wp\/v2\/product_cat?post=1596"},{"taxonomy":"product_tag","embeddable":true,"href":"https:\/\/cu4trobikes.es\/index.php\/wp-json\/wp\/v2\/product_tag?post=1596"}],"curies":[{"name":"wp","href":"https:\/\/api.w.org\/{rel}","templated":true}]}}