{"id":1598,"date":"2026-02-20T18:34:06","date_gmt":"2026-02-20T17:34:06","guid":{"rendered":"https:\/\/cu4trobikes.es\/?post_type=product&#038;p=1598"},"modified":"2026-02-20T18:34:07","modified_gmt":"2026-02-20T17:34:07","slug":"bio-drivetrain-cleaner","status":"publish","type":"product","link":"https:\/\/cu4trobikes.es\/index.php\/producto\/bio-drivetrain-cleaner\/","title":{"rendered":"Bio Drivetrain Cleaner"},"content":{"rendered":"<p>El Muc-Off Bio Drivetrain Cleaner es la soluci\u00f3n completa para Limpiar el sistema de transmisi\u00f3n que se puede verter en un dispositivo de Limpiar cadenas o rociar directamente sobre los platos, los pi\u00f1ones traseros y los desviadores para Limpiar todo el sistema de transmisi\u00f3n en segundos. Tambi\u00e9n es totalmente Biodegradable* y seguro para el metal, el pl\u00e1stico, la goma y las juntas. Nunca has visto resultados como este. \u00a1Te lo garantizamos! \u00bfPor qu\u00e9 no pruebas a utilizar Bio Drivetrain Cleaner con el Muc-Off X-3 Dirty Chain Machine para conseguir la Limpiar m\u00e1s profunda incluso en las cadenas m\u00e1s sucias?<\/p>\n<p>Atenci\u00f3n: El Limpiador del sistema de transmisi\u00f3n de 750 ml no viene con pulverizador.<\/p>\n<p>*Solo el contenido es Biodegradable.<\/p>\n","protected":false},"excerpt":{"rendered":"<p>El Muc-Off Bio Drivetrain Cleaner es la soluci\u00f3n completa para Limpiar el sistema de transmisi\u00f3n que se puede verter en un dispositivo de Limpiar cadenas o rociar directamente sobre los platos, los pi\u00f1ones traseros y los desviadores para Limpiar todo el sistema de transmisi\u00f3n en segundos. Tambi\u00e9n es totalmente Biodegradable* y seguro para el metal, &hellip;<\/p>\n<p class=\"read-more\"> <a class=\"\" href=\"https:\/\/cu4trobikes.es\/index.php\/producto\/bio-drivetrain-cleaner\/\"> <span class=\"screen-reader-text\">Bio Drivetrain Cleaner<\/span> Leer m\u00e1s &raquo;<\/a><\/p>\n","protected":false},"featured_media":1599,"comment_status":"open","ping_status":"closed","template":"","meta":{"_uag_custom_page_level_css":"","site-sidebar-layout":"default","site-content-layout":"","ast-site-content-layout":"default","site-content-style":"default","site-sidebar-style":"default","ast-global-header-display":"","ast-banner-title-visibility":"","ast-main-header-display":"","ast-hfb-above-header-display":"","ast-hfb-below-header-display":"","ast-hfb-mobile-header-display":"","site-post-title":"","ast-breadcrumbs-content":"","ast-featured-img":"","footer-sml-layout":"","theme-transparent-header-meta":"default","adv-header-id-meta":"","stick-header-meta":"","header-above-stick-meta":"","header-main-stick-meta":"","header-below-stick-meta":"","astra-migrate-meta-layouts":"set","ast-page-background-enabled":"default","ast-page-background-meta":{"desktop":{"background-color":"var(--ast-global-color-4)","background-image":"","background-repeat":"repeat","background-position":"center center","background-size":"auto","background-attachment":"scroll","background-type":"","background-media":"","overlay-type":"","overlay-color":"","overlay-gradient":""},"tablet":{"background-color":"","background-image":"","background-repeat":"repeat","background-position":"center center","background-size":"auto","background-attachment":"scroll","background-type":"","background-media":"","overlay-type":"","overlay-color":"","overlay-gradient":""},"mobile":{"background-color":"","background-image":"","background-repeat":"repeat","background-position":"center center","background-size":"auto","background-attachment":"scroll","background-type":"","background-media":"","overlay-type":"","overlay-color":"","overlay-gradient":""}},"ast-content-background-meta":{"desktop":{"background-color":"var(--ast-global-color-5)","background-image":"","background-repeat":"repeat","background-position":"center center","background-size":"auto","background-attachment":"scroll","background-type":"","background-media":"","overlay-type":"","overlay-color":"","overlay-gradient":""},"tablet":{"background-color":"var(--ast-global-color-5)","background-image":"","background-repeat":"repeat","background-position":"center center","background-size":"auto","background-attachment":"scroll","background-type":"","background-media":"","overlay-type":"","overlay-color":"","overlay-gradient":""},"mobile":{"background-color":"var(--ast-global-color-5)","background-image":"","background-repeat":"repeat","background-position":"center center","background-size":"auto","background-attachment":"scroll","background-type":"","background-media":"","overlay-type":"","overlay-color":"","overlay-gradient":""}}},"product_cat":[56,54],"product_tag":[],"class_list":{"0":"post-1598","1":"product","2":"type-product","3":"status-publish","4":"has-post-thumbnail","6":"product_cat-accesorios","7":"product_cat-rebajas","8":"product_shipping_class-accesorios","9":"desktop-align-center","10":"tablet-align-left","11":"mobile-align-left","13":"first","14":"instock","15":"sale","16":"shipping-taxable","17":"purchasable","18":"product-type-simple"},"uagb_featured_image_src":{"full":["https:\/\/cu4trobikes.es\/wp-content\/uploads\/2026\/02\/Drivetrain_Cleaner_500ml_grey_850x850_crop_center.webp",850,850,false],"thumbnail":["https:\/\/cu4trobikes.es\/wp-content\/uploads\/2026\/02\/Drivetrain_Cleaner_500ml_grey_850x850_crop_center-150x150.webp",150,150,true],"medium":["https:\/\/cu4trobikes.es\/wp-content\/uploads\/2026\/02\/Drivetrain_Cleaner_500ml_grey_850x850_crop_center-300x300.webp",300,300,true],"medium_large":["https:\/\/cu4trobikes.es\/wp-content\/uploads\/2026\/02\/Drivetrain_Cleaner_500ml_grey_850x850_crop_center-768x768.webp",768,768,true],"large":["https:\/\/cu4trobikes.es\/wp-content\/uploads\/2026\/02\/Drivetrain_Cleaner_500ml_grey_850x850_crop_center.webp",850,850,false],"1536x1536":["https:\/\/cu4trobikes.es\/wp-content\/uploads\/2026\/02\/Drivetrain_Cleaner_500ml_grey_850x850_crop_center.webp",850,850,false],"2048x2048":["https:\/\/cu4trobikes.es\/wp-content\/uploads\/2026\/02\/Drivetrain_Cleaner_500ml_grey_850x850_crop_center.webp",850,850,false],"woocommerce_thumbnail":["https:\/\/cu4trobikes.es\/wp-content\/uploads\/2026\/02\/Drivetrain_Cleaner_500ml_grey_850x850_crop_center-300x300.webp",300,300,true],"woocommerce_single":["https:\/\/cu4trobikes.es\/wp-content\/uploads\/2026\/02\/Drivetrain_Cleaner_500ml_grey_850x850_crop_center-600x600.webp",600,600,true],"woocommerce_gallery_thumbnail":["https:\/\/cu4trobikes.es\/wp-content\/uploads\/2026\/02\/Drivetrain_Cleaner_500ml_grey_850x850_crop_center-100x100.webp",100,100,true]},"uagb_author_info":{"display_name":"maria de los angeles pando tu\u00f1on","author_link":"https:\/\/cu4trobikes.es\/index.php\/author\/"},"uagb_comment_info":0,"uagb_excerpt":"El Muc-Off Bio Drivetrain Cleaner es la soluci\u00f3n completa para Limpiar el sistema de transmisi\u00f3n que se puede verter en un dispositivo de Limpiar cadenas o rociar directamente sobre los platos, los pi\u00f1ones traseros y los desviadores para Limpiar todo el sistema de transmisi\u00f3n en segundos. Tambi\u00e9n es totalmente Biodegradable* y seguro para el metal,&hellip;","_links":{"self":[{"href":"https:\/\/cu4trobikes.es\/index.php\/wp-json\/wp\/v2\/product\/1598","targetHints":{"allow":["GET"]}}],"collection":[{"href":"https:\/\/cu4trobikes.es\/index.php\/wp-json\/wp\/v2\/product"}],"about":[{"href":"https:\/\/cu4trobikes.es\/index.php\/wp-json\/wp\/v2\/types\/product"}],"replies":[{"embeddable":true,"href":"https:\/\/cu4trobikes.es\/index.php\/wp-json\/wp\/v2\/comments?post=1598"}],"wp:featuredmedia":[{"embeddable":true,"href":"https:\/\/cu4trobikes.es\/index.php\/wp-json\/wp\/v2\/media\/1599"}],"wp:attachment":[{"href":"https:\/\/cu4trobikes.es\/index.php\/wp-json\/wp\/v2\/media?parent=1598"}],"wp:term":[{"taxonomy":"product_cat","embeddable":true,"href":"https:\/\/cu4trobikes.es\/index.php\/wp-json\/wp\/v2\/product_cat?post=1598"},{"taxonomy":"product_tag","embeddable":true,"href":"https:\/\/cu4trobikes.es\/index.php\/wp-json\/wp\/v2\/product_tag?post=1598"}],"curies":[{"name":"wp","href":"https:\/\/api.w.org\/{rel}","templated":true}]}}