{"id":1608,"date":"2026-02-24T19:07:34","date_gmt":"2026-02-24T18:07:34","guid":{"rendered":"https:\/\/cu4trobikes.es\/?post_type=product&#038;p=1608"},"modified":"2026-02-24T19:07:34","modified_gmt":"2026-02-24T18:07:34","slug":"emonda-alr-5","status":"publish","type":"product","link":"https:\/\/cu4trobikes.es\/index.php\/producto\/emonda-alr-5\/","title":{"rendered":"\u00c9monda ALR 5"},"content":{"rendered":"<p>La \u00c9monda ALR 5 Disc es una bicicleta de carretera de aluminio para competir, superligera y reactiva. El dise\u00f1o avanzado de los tubos Kammtail de aluminio y la geometr\u00eda de competici\u00f3n le dan el aspecto elegante y el manejo de una bicicleta de carbono, con el precio de una de aluminio. Si a lo anterior le sumamos componentes como la transmisi\u00f3n Shimano 105 y los potentes frenos de disco hidr\u00e1ulicos que permiten frenar en todas las condiciones, el resultado es una bicicleta dise\u00f1ada para rendir tanto en las competiciones como en las salidas en grupo.<\/p>\n<p>CONSULTA PREVIAMENTE TALLA Y DISPONIBILIDAD<\/p>\n","protected":false},"excerpt":{"rendered":"<p>La \u00c9monda ALR 5 Disc es una bicicleta de carretera de aluminio para competir, superligera y reactiva. El dise\u00f1o avanzado de los tubos Kammtail de aluminio y la geometr\u00eda de competici\u00f3n le dan el aspecto elegante y el manejo de una bicicleta de carbono, con el precio de una de aluminio. Si a lo anterior &hellip;<\/p>\n<p class=\"read-more\"> <a class=\"\" href=\"https:\/\/cu4trobikes.es\/index.php\/producto\/emonda-alr-5\/\"> <span class=\"screen-reader-text\">\u00c9monda ALR 5<\/span> Leer m\u00e1s &raquo;<\/a><\/p>\n","protected":false},"featured_media":1610,"comment_status":"open","ping_status":"closed","template":"","meta":{"_uag_custom_page_level_css":"","site-sidebar-layout":"default","site-content-layout":"","ast-site-content-layout":"default","site-content-style":"default","site-sidebar-style":"default","ast-global-header-display":"","ast-banner-title-visibility":"","ast-main-header-display":"","ast-hfb-above-header-display":"","ast-hfb-below-header-display":"","ast-hfb-mobile-header-display":"","site-post-title":"","ast-breadcrumbs-content":"","ast-featured-img":"","footer-sml-layout":"","theme-transparent-header-meta":"default","adv-header-id-meta":"","stick-header-meta":"","header-above-stick-meta":"","header-main-stick-meta":"","header-below-stick-meta":"","astra-migrate-meta-layouts":"set","ast-page-background-enabled":"default","ast-page-background-meta":{"desktop":{"background-color":"var(--ast-global-color-4)","background-image":"","background-repeat":"repeat","background-position":"center center","background-size":"auto","background-attachment":"scroll","background-type":"","background-media":"","overlay-type":"","overlay-color":"","overlay-gradient":""},"tablet":{"background-color":"","background-image":"","background-repeat":"repeat","background-position":"center center","background-size":"auto","background-attachment":"scroll","background-type":"","background-media":"","overlay-type":"","overlay-color":"","overlay-gradient":""},"mobile":{"background-color":"","background-image":"","background-repeat":"repeat","background-position":"center center","background-size":"auto","background-attachment":"scroll","background-type":"","background-media":"","overlay-type":"","overlay-color":"","overlay-gradient":""}},"ast-content-background-meta":{"desktop":{"background-color":"var(--ast-global-color-5)","background-image":"","background-repeat":"repeat","background-position":"center center","background-size":"auto","background-attachment":"scroll","background-type":"","background-media":"","overlay-type":"","overlay-color":"","overlay-gradient":""},"tablet":{"background-color":"var(--ast-global-color-5)","background-image":"","background-repeat":"repeat","background-position":"center center","background-size":"auto","background-attachment":"scroll","background-type":"","background-media":"","overlay-type":"","overlay-color":"","overlay-gradient":""},"mobile":{"background-color":"var(--ast-global-color-5)","background-image":"","background-repeat":"repeat","background-position":"center center","background-size":"auto","background-attachment":"scroll","background-type":"","background-media":"","overlay-type":"","overlay-color":"","overlay-gradient":""}}},"product_cat":[23],"product_tag":[],"class_list":{"0":"post-1608","1":"product","2":"type-product","3":"status-publish","4":"has-post-thumbnail","6":"product_cat-carretera","7":"product_shipping_class-bicicletas","8":"desktop-align-center","9":"tablet-align-left","10":"mobile-align-left","12":"first","13":"onbackorder","14":"shipping-taxable","15":"purchasable","16":"product-type-simple"},"uagb_featured_image_src":{"full":["https:\/\/cu4trobikes.es\/wp-content\/uploads\/2026\/02\/EmondaALR5-26-57470-A-Primary.avif",1920,1440,false],"thumbnail":["https:\/\/cu4trobikes.es\/wp-content\/uploads\/2026\/02\/EmondaALR5-26-57470-A-Primary-150x150.avif",150,150,true],"medium":["https:\/\/cu4trobikes.es\/wp-content\/uploads\/2026\/02\/EmondaALR5-26-57470-A-Primary-300x225.avif",300,225,true],"medium_large":["https:\/\/cu4trobikes.es\/wp-content\/uploads\/2026\/02\/EmondaALR5-26-57470-A-Primary-768x576.avif",768,576,true],"large":["https:\/\/cu4trobikes.es\/wp-content\/uploads\/2026\/02\/EmondaALR5-26-57470-A-Primary-1024x768.avif",1024,768,true],"1536x1536":["https:\/\/cu4trobikes.es\/wp-content\/uploads\/2026\/02\/EmondaALR5-26-57470-A-Primary-1536x1152.avif",1536,1152,true],"2048x2048":["https:\/\/cu4trobikes.es\/wp-content\/uploads\/2026\/02\/EmondaALR5-26-57470-A-Primary.avif",1920,1440,false],"woocommerce_thumbnail":["https:\/\/cu4trobikes.es\/wp-content\/uploads\/2026\/02\/EmondaALR5-26-57470-A-Primary-300x225.avif",300,225,true],"woocommerce_single":["https:\/\/cu4trobikes.es\/wp-content\/uploads\/2026\/02\/EmondaALR5-26-57470-A-Primary-600x450.avif",600,450,true],"woocommerce_gallery_thumbnail":["https:\/\/cu4trobikes.es\/wp-content\/uploads\/2026\/02\/EmondaALR5-26-57470-A-Primary-100x100.avif",100,100,true]},"uagb_author_info":{"display_name":"maria de los angeles pando tu\u00f1on","author_link":"https:\/\/cu4trobikes.es\/index.php\/author\/"},"uagb_comment_info":0,"uagb_excerpt":"La \u00c9monda ALR 5 Disc es una bicicleta de carretera de aluminio para competir, superligera y reactiva. El dise\u00f1o avanzado de los tubos Kammtail de aluminio y la geometr\u00eda de competici\u00f3n le dan el aspecto elegante y el manejo de una bicicleta de carbono, con el precio de una de aluminio. Si a lo anterior&hellip;","_links":{"self":[{"href":"https:\/\/cu4trobikes.es\/index.php\/wp-json\/wp\/v2\/product\/1608","targetHints":{"allow":["GET"]}}],"collection":[{"href":"https:\/\/cu4trobikes.es\/index.php\/wp-json\/wp\/v2\/product"}],"about":[{"href":"https:\/\/cu4trobikes.es\/index.php\/wp-json\/wp\/v2\/types\/product"}],"replies":[{"embeddable":true,"href":"https:\/\/cu4trobikes.es\/index.php\/wp-json\/wp\/v2\/comments?post=1608"}],"wp:featuredmedia":[{"embeddable":true,"href":"https:\/\/cu4trobikes.es\/index.php\/wp-json\/wp\/v2\/media\/1610"}],"wp:attachment":[{"href":"https:\/\/cu4trobikes.es\/index.php\/wp-json\/wp\/v2\/media?parent=1608"}],"wp:term":[{"taxonomy":"product_cat","embeddable":true,"href":"https:\/\/cu4trobikes.es\/index.php\/wp-json\/wp\/v2\/product_cat?post=1608"},{"taxonomy":"product_tag","embeddable":true,"href":"https:\/\/cu4trobikes.es\/index.php\/wp-json\/wp\/v2\/product_tag?post=1608"}],"curies":[{"name":"wp","href":"https:\/\/api.w.org\/{rel}","templated":true}]}}