{"id":1611,"date":"2026-02-24T19:09:53","date_gmt":"2026-02-24T18:09:53","guid":{"rendered":"https:\/\/cu4trobikes.es\/?post_type=product&#038;p=1611"},"modified":"2026-02-24T19:09:53","modified_gmt":"2026-02-24T18:09:53","slug":"rail-5-gen-5","status":"publish","type":"product","link":"https:\/\/cu4trobikes.es\/index.php\/producto\/rail-5-gen-5\/","title":{"rendered":"Rail+ 5 Gen 5"},"content":{"rendered":"<p>La Rail+ 5 es una bicicleta el\u00e9ctrica de enduro que ofrece una gran calidad para las aventuras m\u00e1s \u00e9picas. Su robusto cuadro de aluminio Alpha Platinum se combina con un amortiguador RockShox Deluxe Select+ RT y una horquilla Psylo Gold RC (160 mm detr\u00e1s\/delante) para superar los terrenos m\u00e1s exigentes en la monta\u00f1a. La transmisi\u00f3n Shimano Deore de 12 velocidades y los frenos MT4100 de 4 pistones permiten cambiar de marchas de forma precisa y la modulaci\u00f3n de los frenos no resulta excesivamente cara. Adem\u00e1s, incorpora una tija telesc\u00f3pica TranzX y ruedas Bontrager Line TLR 30 tubeless ready para poder superar cualquier obst\u00e1culo.<\/p>\n<p>CONSULTA PREVIAMENTE TALLA Y DISPONIBILIDAD<\/p>\n","protected":false},"excerpt":{"rendered":"<p>La Rail+ 5 es una bicicleta el\u00e9ctrica de enduro que ofrece una gran calidad para las aventuras m\u00e1s \u00e9picas. Su robusto cuadro de aluminio Alpha Platinum se combina con un amortiguador RockShox Deluxe Select+ RT y una horquilla Psylo Gold RC (160 mm detr\u00e1s\/delante) para superar los terrenos m\u00e1s exigentes en la monta\u00f1a. La transmisi\u00f3n &hellip;<\/p>\n<p class=\"read-more\"> <a class=\"\" href=\"https:\/\/cu4trobikes.es\/index.php\/producto\/rail-5-gen-5\/\"> <span class=\"screen-reader-text\">Rail+ 5 Gen 5<\/span> Leer m\u00e1s &raquo;<\/a><\/p>\n","protected":false},"featured_media":1613,"comment_status":"open","ping_status":"closed","template":"","meta":{"_uag_custom_page_level_css":"","site-sidebar-layout":"default","site-content-layout":"","ast-site-content-layout":"default","site-content-style":"default","site-sidebar-style":"default","ast-global-header-display":"","ast-banner-title-visibility":"","ast-main-header-display":"","ast-hfb-above-header-display":"","ast-hfb-below-header-display":"","ast-hfb-mobile-header-display":"","site-post-title":"","ast-breadcrumbs-content":"","ast-featured-img":"","footer-sml-layout":"","theme-transparent-header-meta":"default","adv-header-id-meta":"","stick-header-meta":"","header-above-stick-meta":"","header-main-stick-meta":"","header-below-stick-meta":"","astra-migrate-meta-layouts":"set","ast-page-background-enabled":"default","ast-page-background-meta":{"desktop":{"background-color":"var(--ast-global-color-4)","background-image":"","background-repeat":"repeat","background-position":"center center","background-size":"auto","background-attachment":"scroll","background-type":"","background-media":"","overlay-type":"","overlay-color":"","overlay-gradient":""},"tablet":{"background-color":"","background-image":"","background-repeat":"repeat","background-position":"center center","background-size":"auto","background-attachment":"scroll","background-type":"","background-media":"","overlay-type":"","overlay-color":"","overlay-gradient":""},"mobile":{"background-color":"","background-image":"","background-repeat":"repeat","background-position":"center center","background-size":"auto","background-attachment":"scroll","background-type":"","background-media":"","overlay-type":"","overlay-color":"","overlay-gradient":""}},"ast-content-background-meta":{"desktop":{"background-color":"var(--ast-global-color-5)","background-image":"","background-repeat":"repeat","background-position":"center center","background-size":"auto","background-attachment":"scroll","background-type":"","background-media":"","overlay-type":"","overlay-color":"","overlay-gradient":""},"tablet":{"background-color":"var(--ast-global-color-5)","background-image":"","background-repeat":"repeat","background-position":"center center","background-size":"auto","background-attachment":"scroll","background-type":"","background-media":"","overlay-type":"","overlay-color":"","overlay-gradient":""},"mobile":{"background-color":"var(--ast-global-color-5)","background-image":"","background-repeat":"repeat","background-position":"center center","background-size":"auto","background-attachment":"scroll","background-type":"","background-media":"","overlay-type":"","overlay-color":"","overlay-gradient":""}}},"product_cat":[22],"product_tag":[63,64,62,60,61],"class_list":{"0":"post-1611","1":"product","2":"type-product","3":"status-publish","4":"has-post-thumbnail","6":"product_cat-btt-electrica","7":"product_tag-doble","8":"product_tag-electrica","9":"product_tag-mtb","10":"product_tag-rail","11":"product_tag-trek","12":"product_shipping_class-bicicletas","13":"desktop-align-center","14":"tablet-align-left","15":"mobile-align-left","17":"first","18":"onbackorder","19":"shipping-taxable","20":"purchasable","21":"product-type-simple"},"uagb_featured_image_src":{"full":["https:\/\/cu4trobikes.es\/wp-content\/uploads\/2026\/02\/Rail5-25-48471-A-Primary.avif",1920,1440,false],"thumbnail":["https:\/\/cu4trobikes.es\/wp-content\/uploads\/2026\/02\/Rail5-25-48471-A-Primary-150x150.avif",150,150,true],"medium":["https:\/\/cu4trobikes.es\/wp-content\/uploads\/2026\/02\/Rail5-25-48471-A-Primary-300x225.avif",300,225,true],"medium_large":["https:\/\/cu4trobikes.es\/wp-content\/uploads\/2026\/02\/Rail5-25-48471-A-Primary-768x576.avif",768,576,true],"large":["https:\/\/cu4trobikes.es\/wp-content\/uploads\/2026\/02\/Rail5-25-48471-A-Primary-1024x768.avif",1024,768,true],"1536x1536":["https:\/\/cu4trobikes.es\/wp-content\/uploads\/2026\/02\/Rail5-25-48471-A-Primary-1536x1152.avif",1536,1152,true],"2048x2048":["https:\/\/cu4trobikes.es\/wp-content\/uploads\/2026\/02\/Rail5-25-48471-A-Primary.avif",1920,1440,false],"woocommerce_thumbnail":["https:\/\/cu4trobikes.es\/wp-content\/uploads\/2026\/02\/Rail5-25-48471-A-Primary-300x225.avif",300,225,true],"woocommerce_single":["https:\/\/cu4trobikes.es\/wp-content\/uploads\/2026\/02\/Rail5-25-48471-A-Primary-600x450.avif",600,450,true],"woocommerce_gallery_thumbnail":["https:\/\/cu4trobikes.es\/wp-content\/uploads\/2026\/02\/Rail5-25-48471-A-Primary-100x100.avif",100,100,true]},"uagb_author_info":{"display_name":"maria de los angeles pando tu\u00f1on","author_link":"https:\/\/cu4trobikes.es\/index.php\/author\/"},"uagb_comment_info":0,"uagb_excerpt":"La Rail+ 5 es una bicicleta el\u00e9ctrica de enduro que ofrece una gran calidad para las aventuras m\u00e1s \u00e9picas. Su robusto cuadro de aluminio Alpha Platinum se combina con un amortiguador RockShox Deluxe Select+ RT y una horquilla Psylo Gold RC (160 mm detr\u00e1s\/delante) para superar los terrenos m\u00e1s exigentes en la monta\u00f1a. La transmisi\u00f3n&hellip;","_links":{"self":[{"href":"https:\/\/cu4trobikes.es\/index.php\/wp-json\/wp\/v2\/product\/1611","targetHints":{"allow":["GET"]}}],"collection":[{"href":"https:\/\/cu4trobikes.es\/index.php\/wp-json\/wp\/v2\/product"}],"about":[{"href":"https:\/\/cu4trobikes.es\/index.php\/wp-json\/wp\/v2\/types\/product"}],"replies":[{"embeddable":true,"href":"https:\/\/cu4trobikes.es\/index.php\/wp-json\/wp\/v2\/comments?post=1611"}],"wp:featuredmedia":[{"embeddable":true,"href":"https:\/\/cu4trobikes.es\/index.php\/wp-json\/wp\/v2\/media\/1613"}],"wp:attachment":[{"href":"https:\/\/cu4trobikes.es\/index.php\/wp-json\/wp\/v2\/media?parent=1611"}],"wp:term":[{"taxonomy":"product_cat","embeddable":true,"href":"https:\/\/cu4trobikes.es\/index.php\/wp-json\/wp\/v2\/product_cat?post=1611"},{"taxonomy":"product_tag","embeddable":true,"href":"https:\/\/cu4trobikes.es\/index.php\/wp-json\/wp\/v2\/product_tag?post=1611"}],"curies":[{"name":"wp","href":"https:\/\/api.w.org\/{rel}","templated":true}]}}