{"id":1614,"date":"2026-02-24T19:13:16","date_gmt":"2026-02-24T18:13:16","guid":{"rendered":"https:\/\/cu4trobikes.es\/?post_type=product&#038;p=1614"},"modified":"2026-02-24T19:14:49","modified_gmt":"2026-02-24T18:14:49","slug":"powerfly-fs-4-gen-4","status":"publish","type":"product","link":"https:\/\/cu4trobikes.es\/index.php\/producto\/powerfly-fs-4-gen-4\/","title":{"rendered":"Powerfly FS+ 4 Gen 4"},"content":{"rendered":"<p>La Powerfly FS+ 4 es una bicicleta el\u00e9ctrica de monta\u00f1a de doble suspensi\u00f3n para afrontar aventuras alpinas. Su cuadro de aluminio Alpha Platinum se combina con un paquete de suspensi\u00f3n RockShox Deluxe (120 mm detr\u00e1s, 130 mm delante) para amortiguar los senderos m\u00e1s exigentes, mientras que la transmisi\u00f3n Shimano CUES de 10 velocidades permite cambiar de una forma sencilla y con poco mantenimiento. Los frenos de disco hidr\u00e1ulicos Tektro Gemini SL de 4 pistones te permiten frenar con una gran relaci\u00f3n calidad-precio.<\/p>\n<p>CONSULTA PREVIAMENTE TALLA Y DISPONIBILIDAD<\/p>\n","protected":false},"excerpt":{"rendered":"<p>La Powerfly FS+ 4 es una bicicleta el\u00e9ctrica de monta\u00f1a de doble suspensi\u00f3n para afrontar aventuras alpinas. Su cuadro de aluminio Alpha Platinum se combina con un paquete de suspensi\u00f3n RockShox Deluxe (120 mm detr\u00e1s, 130 mm delante) para amortiguar los senderos m\u00e1s exigentes, mientras que la transmisi\u00f3n Shimano CUES de 10 velocidades permite cambiar &hellip;<\/p>\n<p class=\"read-more\"> <a class=\"\" href=\"https:\/\/cu4trobikes.es\/index.php\/producto\/powerfly-fs-4-gen-4\/\"> <span class=\"screen-reader-text\">Powerfly FS+ 4 Gen 4<\/span> Leer m\u00e1s &raquo;<\/a><\/p>\n","protected":false},"featured_media":1616,"comment_status":"open","ping_status":"closed","template":"","meta":{"_uag_custom_page_level_css":"","site-sidebar-layout":"default","site-content-layout":"","ast-site-content-layout":"default","site-content-style":"default","site-sidebar-style":"default","ast-global-header-display":"","ast-banner-title-visibility":"","ast-main-header-display":"","ast-hfb-above-header-display":"","ast-hfb-below-header-display":"","ast-hfb-mobile-header-display":"","site-post-title":"","ast-breadcrumbs-content":"","ast-featured-img":"","footer-sml-layout":"","theme-transparent-header-meta":"default","adv-header-id-meta":"","stick-header-meta":"","header-above-stick-meta":"","header-main-stick-meta":"","header-below-stick-meta":"","astra-migrate-meta-layouts":"set","ast-page-background-enabled":"default","ast-page-background-meta":{"desktop":{"background-color":"var(--ast-global-color-4)","background-image":"","background-repeat":"repeat","background-position":"center center","background-size":"auto","background-attachment":"scroll","background-type":"","background-media":"","overlay-type":"","overlay-color":"","overlay-gradient":""},"tablet":{"background-color":"","background-image":"","background-repeat":"repeat","background-position":"center center","background-size":"auto","background-attachment":"scroll","background-type":"","background-media":"","overlay-type":"","overlay-color":"","overlay-gradient":""},"mobile":{"background-color":"","background-image":"","background-repeat":"repeat","background-position":"center center","background-size":"auto","background-attachment":"scroll","background-type":"","background-media":"","overlay-type":"","overlay-color":"","overlay-gradient":""}},"ast-content-background-meta":{"desktop":{"background-color":"var(--ast-global-color-5)","background-image":"","background-repeat":"repeat","background-position":"center center","background-size":"auto","background-attachment":"scroll","background-type":"","background-media":"","overlay-type":"","overlay-color":"","overlay-gradient":""},"tablet":{"background-color":"var(--ast-global-color-5)","background-image":"","background-repeat":"repeat","background-position":"center center","background-size":"auto","background-attachment":"scroll","background-type":"","background-media":"","overlay-type":"","overlay-color":"","overlay-gradient":""},"mobile":{"background-color":"var(--ast-global-color-5)","background-image":"","background-repeat":"repeat","background-position":"center center","background-size":"auto","background-attachment":"scroll","background-type":"","background-media":"","overlay-type":"","overlay-color":"","overlay-gradient":""}}},"product_cat":[22],"product_tag":[63,64,62,60,61],"class_list":{"0":"post-1614","1":"product","2":"type-product","3":"status-publish","4":"has-post-thumbnail","6":"product_cat-btt-electrica","7":"product_tag-doble","8":"product_tag-electrica","9":"product_tag-mtb","10":"product_tag-rail","11":"product_tag-trek","12":"product_shipping_class-bicicletas","13":"desktop-align-center","14":"tablet-align-left","15":"mobile-align-left","17":"first","18":"onbackorder","19":"shipping-taxable","20":"purchasable","21":"product-type-simple"},"uagb_featured_image_src":{"full":["https:\/\/cu4trobikes.es\/wp-content\/uploads\/2026\/02\/PowerflyFS4-25-48615-B-Primary.avif",1920,1440,false],"thumbnail":["https:\/\/cu4trobikes.es\/wp-content\/uploads\/2026\/02\/PowerflyFS4-25-48615-B-Primary-150x150.avif",150,150,true],"medium":["https:\/\/cu4trobikes.es\/wp-content\/uploads\/2026\/02\/PowerflyFS4-25-48615-B-Primary-300x225.avif",300,225,true],"medium_large":["https:\/\/cu4trobikes.es\/wp-content\/uploads\/2026\/02\/PowerflyFS4-25-48615-B-Primary-768x576.avif",768,576,true],"large":["https:\/\/cu4trobikes.es\/wp-content\/uploads\/2026\/02\/PowerflyFS4-25-48615-B-Primary-1024x768.avif",1024,768,true],"1536x1536":["https:\/\/cu4trobikes.es\/wp-content\/uploads\/2026\/02\/PowerflyFS4-25-48615-B-Primary-1536x1152.avif",1536,1152,true],"2048x2048":["https:\/\/cu4trobikes.es\/wp-content\/uploads\/2026\/02\/PowerflyFS4-25-48615-B-Primary.avif",1920,1440,false],"woocommerce_thumbnail":["https:\/\/cu4trobikes.es\/wp-content\/uploads\/2026\/02\/PowerflyFS4-25-48615-B-Primary-300x225.avif",300,225,true],"woocommerce_single":["https:\/\/cu4trobikes.es\/wp-content\/uploads\/2026\/02\/PowerflyFS4-25-48615-B-Primary-600x450.avif",600,450,true],"woocommerce_gallery_thumbnail":["https:\/\/cu4trobikes.es\/wp-content\/uploads\/2026\/02\/PowerflyFS4-25-48615-B-Primary-100x100.avif",100,100,true]},"uagb_author_info":{"display_name":"maria de los angeles pando tu\u00f1on","author_link":"https:\/\/cu4trobikes.es\/index.php\/author\/"},"uagb_comment_info":0,"uagb_excerpt":"La Powerfly FS+ 4 es una bicicleta el\u00e9ctrica de monta\u00f1a de doble suspensi\u00f3n para afrontar aventuras alpinas. Su cuadro de aluminio Alpha Platinum se combina con un paquete de suspensi\u00f3n RockShox Deluxe (120 mm detr\u00e1s, 130 mm delante) para amortiguar los senderos m\u00e1s exigentes, mientras que la transmisi\u00f3n Shimano CUES de 10 velocidades permite cambiar&hellip;","_links":{"self":[{"href":"https:\/\/cu4trobikes.es\/index.php\/wp-json\/wp\/v2\/product\/1614","targetHints":{"allow":["GET"]}}],"collection":[{"href":"https:\/\/cu4trobikes.es\/index.php\/wp-json\/wp\/v2\/product"}],"about":[{"href":"https:\/\/cu4trobikes.es\/index.php\/wp-json\/wp\/v2\/types\/product"}],"replies":[{"embeddable":true,"href":"https:\/\/cu4trobikes.es\/index.php\/wp-json\/wp\/v2\/comments?post=1614"}],"wp:featuredmedia":[{"embeddable":true,"href":"https:\/\/cu4trobikes.es\/index.php\/wp-json\/wp\/v2\/media\/1616"}],"wp:attachment":[{"href":"https:\/\/cu4trobikes.es\/index.php\/wp-json\/wp\/v2\/media?parent=1614"}],"wp:term":[{"taxonomy":"product_cat","embeddable":true,"href":"https:\/\/cu4trobikes.es\/index.php\/wp-json\/wp\/v2\/product_cat?post=1614"},{"taxonomy":"product_tag","embeddable":true,"href":"https:\/\/cu4trobikes.es\/index.php\/wp-json\/wp\/v2\/product_tag?post=1614"}],"curies":[{"name":"wp","href":"https:\/\/api.w.org\/{rel}","templated":true}]}}