{"id":1629,"date":"2026-02-24T19:51:29","date_gmt":"2026-02-24T18:51:29","guid":{"rendered":"https:\/\/cu4trobikes.es\/?post_type=product&#038;p=1629"},"modified":"2026-02-24T19:51:29","modified_gmt":"2026-02-24T18:51:29","slug":"procaliber-9-6-gen-3","status":"publish","type":"product","link":"https:\/\/cu4trobikes.es\/index.php\/producto\/procaliber-9-6-gen-3\/","title":{"rendered":"Procaliber 9.6 Gen 3"},"content":{"rendered":"<p>La Procaliber 9.6 es una r\u00edgida de cross-country lista para competir, hecha para volar. Su cuadro de carbono ligero ofrece una conducci\u00f3n suave y eficiente gracias a la tecnolog\u00eda IsoBow, mientras que la horquilla RockShox Reba RL de 120 mm te mantiene r\u00e1pido y en control sobre piedras y ra\u00edces. La transmisi\u00f3n mec\u00e1nica SRAM Eagle 70 asegura cambios precisos en subidas explosivas, y los frenos SRAM DB 6 de 4 pistones aportan una potencia de frenada fiable cuando m\u00e1s importa.<\/p>\n<p>CONSULTA PREVIAMENTE TALLA Y DISPONIBILIDAD<\/p>\n","protected":false},"excerpt":{"rendered":"<p>La Procaliber 9.6 es una r\u00edgida de cross-country lista para competir, hecha para volar. Su cuadro de carbono ligero ofrece una conducci\u00f3n suave y eficiente gracias a la tecnolog\u00eda IsoBow, mientras que la horquilla RockShox Reba RL de 120 mm te mantiene r\u00e1pido y en control sobre piedras y ra\u00edces. La transmisi\u00f3n mec\u00e1nica SRAM Eagle &hellip;<\/p>\n<p class=\"read-more\"> <a class=\"\" href=\"https:\/\/cu4trobikes.es\/index.php\/producto\/procaliber-9-6-gen-3\/\"> <span class=\"screen-reader-text\">Procaliber 9.6 Gen 3<\/span> Leer m\u00e1s &raquo;<\/a><\/p>\n","protected":false},"featured_media":1632,"comment_status":"open","ping_status":"closed","template":"","meta":{"_uag_custom_page_level_css":"","site-sidebar-layout":"default","site-content-layout":"","ast-site-content-layout":"default","site-content-style":"default","site-sidebar-style":"default","ast-global-header-display":"","ast-banner-title-visibility":"","ast-main-header-display":"","ast-hfb-above-header-display":"","ast-hfb-below-header-display":"","ast-hfb-mobile-header-display":"","site-post-title":"","ast-breadcrumbs-content":"","ast-featured-img":"","footer-sml-layout":"","theme-transparent-header-meta":"default","adv-header-id-meta":"","stick-header-meta":"","header-above-stick-meta":"","header-main-stick-meta":"","header-below-stick-meta":"","astra-migrate-meta-layouts":"set","ast-page-background-enabled":"default","ast-page-background-meta":{"desktop":{"background-color":"var(--ast-global-color-4)","background-image":"","background-repeat":"repeat","background-position":"center center","background-size":"auto","background-attachment":"scroll","background-type":"","background-media":"","overlay-type":"","overlay-color":"","overlay-gradient":""},"tablet":{"background-color":"","background-image":"","background-repeat":"repeat","background-position":"center center","background-size":"auto","background-attachment":"scroll","background-type":"","background-media":"","overlay-type":"","overlay-color":"","overlay-gradient":""},"mobile":{"background-color":"","background-image":"","background-repeat":"repeat","background-position":"center center","background-size":"auto","background-attachment":"scroll","background-type":"","background-media":"","overlay-type":"","overlay-color":"","overlay-gradient":""}},"ast-content-background-meta":{"desktop":{"background-color":"var(--ast-global-color-5)","background-image":"","background-repeat":"repeat","background-position":"center center","background-size":"auto","background-attachment":"scroll","background-type":"","background-media":"","overlay-type":"","overlay-color":"","overlay-gradient":""},"tablet":{"background-color":"var(--ast-global-color-5)","background-image":"","background-repeat":"repeat","background-position":"center center","background-size":"auto","background-attachment":"scroll","background-type":"","background-media":"","overlay-type":"","overlay-color":"","overlay-gradient":""},"mobile":{"background-color":"var(--ast-global-color-5)","background-image":"","background-repeat":"repeat","background-position":"center center","background-size":"auto","background-attachment":"scroll","background-type":"","background-media":"","overlay-type":"","overlay-color":"","overlay-gradient":""}}},"product_cat":[25],"product_tag":[68,62,67,61],"class_list":{"0":"post-1629","1":"product","2":"type-product","3":"status-publish","4":"has-post-thumbnail","6":"product_cat-montana","7":"product_tag-carbon","8":"product_tag-mtb","9":"product_tag-procaliber","10":"product_tag-trek","11":"product_shipping_class-bicicletas","12":"desktop-align-center","13":"tablet-align-left","14":"mobile-align-left","16":"first","17":"instock","18":"shipping-taxable","19":"purchasable","20":"product-type-simple"},"uagb_featured_image_src":{"full":["https:\/\/cu4trobikes.es\/wp-content\/uploads\/2026\/02\/Procaliber96-26-57379-A-Primary.avif",1920,1440,false],"thumbnail":["https:\/\/cu4trobikes.es\/wp-content\/uploads\/2026\/02\/Procaliber96-26-57379-A-Primary-150x150.avif",150,150,true],"medium":["https:\/\/cu4trobikes.es\/wp-content\/uploads\/2026\/02\/Procaliber96-26-57379-A-Primary-300x225.avif",300,225,true],"medium_large":["https:\/\/cu4trobikes.es\/wp-content\/uploads\/2026\/02\/Procaliber96-26-57379-A-Primary-768x576.avif",768,576,true],"large":["https:\/\/cu4trobikes.es\/wp-content\/uploads\/2026\/02\/Procaliber96-26-57379-A-Primary-1024x768.avif",1024,768,true],"1536x1536":["https:\/\/cu4trobikes.es\/wp-content\/uploads\/2026\/02\/Procaliber96-26-57379-A-Primary-1536x1152.avif",1536,1152,true],"2048x2048":["https:\/\/cu4trobikes.es\/wp-content\/uploads\/2026\/02\/Procaliber96-26-57379-A-Primary.avif",1920,1440,false],"woocommerce_thumbnail":["https:\/\/cu4trobikes.es\/wp-content\/uploads\/2026\/02\/Procaliber96-26-57379-A-Primary-300x225.avif",300,225,true],"woocommerce_single":["https:\/\/cu4trobikes.es\/wp-content\/uploads\/2026\/02\/Procaliber96-26-57379-A-Primary-600x450.avif",600,450,true],"woocommerce_gallery_thumbnail":["https:\/\/cu4trobikes.es\/wp-content\/uploads\/2026\/02\/Procaliber96-26-57379-A-Primary-100x100.avif",100,100,true]},"uagb_author_info":{"display_name":"maria de los angeles pando tu\u00f1on","author_link":"https:\/\/cu4trobikes.es\/index.php\/author\/"},"uagb_comment_info":0,"uagb_excerpt":"La Procaliber 9.6 es una r\u00edgida de cross-country lista para competir, hecha para volar. Su cuadro de carbono ligero ofrece una conducci\u00f3n suave y eficiente gracias a la tecnolog\u00eda IsoBow, mientras que la horquilla RockShox Reba RL de 120 mm te mantiene r\u00e1pido y en control sobre piedras y ra\u00edces. La transmisi\u00f3n mec\u00e1nica SRAM Eagle&hellip;","_links":{"self":[{"href":"https:\/\/cu4trobikes.es\/index.php\/wp-json\/wp\/v2\/product\/1629","targetHints":{"allow":["GET"]}}],"collection":[{"href":"https:\/\/cu4trobikes.es\/index.php\/wp-json\/wp\/v2\/product"}],"about":[{"href":"https:\/\/cu4trobikes.es\/index.php\/wp-json\/wp\/v2\/types\/product"}],"replies":[{"embeddable":true,"href":"https:\/\/cu4trobikes.es\/index.php\/wp-json\/wp\/v2\/comments?post=1629"}],"wp:featuredmedia":[{"embeddable":true,"href":"https:\/\/cu4trobikes.es\/index.php\/wp-json\/wp\/v2\/media\/1632"}],"wp:attachment":[{"href":"https:\/\/cu4trobikes.es\/index.php\/wp-json\/wp\/v2\/media?parent=1629"}],"wp:term":[{"taxonomy":"product_cat","embeddable":true,"href":"https:\/\/cu4trobikes.es\/index.php\/wp-json\/wp\/v2\/product_cat?post=1629"},{"taxonomy":"product_tag","embeddable":true,"href":"https:\/\/cu4trobikes.es\/index.php\/wp-json\/wp\/v2\/product_tag?post=1629"}],"curies":[{"name":"wp","href":"https:\/\/api.w.org\/{rel}","templated":true}]}}