{"id":232,"date":"2024-02-29T19:38:28","date_gmt":"2024-02-29T18:38:28","guid":{"rendered":"https:\/\/cu4trobikes.es\/?post_type=product&#038;p=232"},"modified":"2025-10-07T09:46:11","modified_gmt":"2025-10-07T08:46:11","slug":"top-fuel-5","status":"publish","type":"product","link":"https:\/\/cu4trobikes.es\/index.php\/producto\/top-fuel-5\/","title":{"rendered":"Top Fuel 8 Gen 4"},"content":{"rendered":"<p>La Top Fuel 8 Gen 4 es una bicicleta de trail de aluminio que ofrece una combinaci\u00f3n perfecta de eficiencia en las escaladas y confianza en los descensos. Presenta un recorrido vers\u00e1til de 130 mm delante y 120 mm detr\u00e1s para superar rocas y ra\u00edces, sin sacrificar potencia en las escaladas. Est\u00e1 fabricada con aluminio ligero Alpha Platinum, lo cual te permite ahorrar dinero para tus viajes, pero incorpora mejoras all\u00ed donde m\u00e1s importan, como una transmisi\u00f3n Shimano XT y SLX de 12 velocidades y una horquilla FOX Rhythm 34.<\/p>\n<p>Una vez enviados los productos no se aceptan cambios ni devoluciones.<\/p>\n","protected":false},"excerpt":{"rendered":"<p>La Top Fuel 8 Gen 4 es una bicicleta de trail de aluminio que ofrece una combinaci\u00f3n perfecta de eficiencia en las escaladas y confianza en los descensos. Presenta un recorrido vers\u00e1til de 130 mm delante y 120 mm detr\u00e1s para superar rocas y ra\u00edces, sin sacrificar potencia en las escaladas. Est\u00e1 fabricada con aluminio &hellip;<\/p>\n<p class=\"read-more\"> <a class=\"\" href=\"https:\/\/cu4trobikes.es\/index.php\/producto\/top-fuel-5\/\"> <span class=\"screen-reader-text\">Top Fuel 8 Gen 4<\/span> Leer m\u00e1s &raquo;<\/a><\/p>\n","protected":false},"featured_media":829,"comment_status":"open","ping_status":"closed","template":"","meta":{"_uag_custom_page_level_css":"","site-sidebar-layout":"default","site-content-layout":"","ast-site-content-layout":"default","site-content-style":"default","site-sidebar-style":"default","ast-global-header-display":"","ast-banner-title-visibility":"","ast-main-header-display":"","ast-hfb-above-header-display":"","ast-hfb-below-header-display":"","ast-hfb-mobile-header-display":"","site-post-title":"","ast-breadcrumbs-content":"","ast-featured-img":"","footer-sml-layout":"","theme-transparent-header-meta":"default","adv-header-id-meta":"","stick-header-meta":"","header-above-stick-meta":"","header-main-stick-meta":"","header-below-stick-meta":"","astra-migrate-meta-layouts":"set","ast-page-background-enabled":"default","ast-page-background-meta":{"desktop":{"background-color":"var(--ast-global-color-4)","background-image":"","background-repeat":"repeat","background-position":"center center","background-size":"auto","background-attachment":"scroll","background-type":"","background-media":"","overlay-type":"","overlay-color":"","overlay-gradient":""},"tablet":{"background-color":"","background-image":"","background-repeat":"repeat","background-position":"center center","background-size":"auto","background-attachment":"scroll","background-type":"","background-media":"","overlay-type":"","overlay-color":"","overlay-gradient":""},"mobile":{"background-color":"","background-image":"","background-repeat":"repeat","background-position":"center center","background-size":"auto","background-attachment":"scroll","background-type":"","background-media":"","overlay-type":"","overlay-color":"","overlay-gradient":""}},"ast-content-background-meta":{"desktop":{"background-color":"var(--ast-global-color-5)","background-image":"","background-repeat":"repeat","background-position":"center center","background-size":"auto","background-attachment":"scroll","background-type":"","background-media":"","overlay-type":"","overlay-color":"","overlay-gradient":""},"tablet":{"background-color":"var(--ast-global-color-5)","background-image":"","background-repeat":"repeat","background-position":"center center","background-size":"auto","background-attachment":"scroll","background-type":"","background-media":"","overlay-type":"","overlay-color":"","overlay-gradient":""},"mobile":{"background-color":"var(--ast-global-color-5)","background-image":"","background-repeat":"repeat","background-position":"center center","background-size":"auto","background-attachment":"scroll","background-type":"","background-media":"","overlay-type":"","overlay-color":"","overlay-gradient":""}}},"product_cat":[25],"product_tag":[],"class_list":{"0":"post-232","1":"product","2":"type-product","3":"status-publish","4":"has-post-thumbnail","6":"product_cat-montana","7":"desktop-align-center","8":"tablet-align-left","9":"mobile-align-left","11":"first","12":"onbackorder","13":"shipping-taxable","14":"purchasable","15":"product-type-simple"},"uagb_featured_image_src":{"full":["https:\/\/cu4trobikes.es\/wp-content\/uploads\/2024\/02\/TopFuel8-25-46143-A-Portrait.avif",1440,1080,false],"thumbnail":["https:\/\/cu4trobikes.es\/wp-content\/uploads\/2024\/02\/TopFuel8-25-46143-A-Portrait-150x150.avif",150,150,true],"medium":["https:\/\/cu4trobikes.es\/wp-content\/uploads\/2024\/02\/TopFuel8-25-46143-A-Portrait-300x225.avif",300,225,true],"medium_large":["https:\/\/cu4trobikes.es\/wp-content\/uploads\/2024\/02\/TopFuel8-25-46143-A-Portrait-768x576.avif",768,576,true],"large":["https:\/\/cu4trobikes.es\/wp-content\/uploads\/2024\/02\/TopFuel8-25-46143-A-Portrait-1024x768.avif",1024,768,true],"1536x1536":["https:\/\/cu4trobikes.es\/wp-content\/uploads\/2024\/02\/TopFuel8-25-46143-A-Portrait.avif",1440,1080,false],"2048x2048":["https:\/\/cu4trobikes.es\/wp-content\/uploads\/2024\/02\/TopFuel8-25-46143-A-Portrait.avif",1440,1080,false],"woocommerce_thumbnail":["https:\/\/cu4trobikes.es\/wp-content\/uploads\/2024\/02\/TopFuel8-25-46143-A-Portrait-300x225.avif",300,225,true],"woocommerce_single":["https:\/\/cu4trobikes.es\/wp-content\/uploads\/2024\/02\/TopFuel8-25-46143-A-Portrait-600x450.avif",600,450,true],"woocommerce_gallery_thumbnail":["https:\/\/cu4trobikes.es\/wp-content\/uploads\/2024\/02\/TopFuel8-25-46143-A-Portrait-100x100.avif",100,100,true]},"uagb_author_info":{"display_name":"hectordh","author_link":"https:\/\/cu4trobikes.es\/index.php\/author\/"},"uagb_comment_info":0,"uagb_excerpt":"La Top Fuel 8 Gen 4 es una bicicleta de trail de aluminio que ofrece una combinaci\u00f3n perfecta de eficiencia en las escaladas y confianza en los descensos. Presenta un recorrido vers\u00e1til de 130 mm delante y 120 mm detr\u00e1s para superar rocas y ra\u00edces, sin sacrificar potencia en las escaladas. Est\u00e1 fabricada con aluminio&hellip;","_links":{"self":[{"href":"https:\/\/cu4trobikes.es\/index.php\/wp-json\/wp\/v2\/product\/232","targetHints":{"allow":["GET"]}}],"collection":[{"href":"https:\/\/cu4trobikes.es\/index.php\/wp-json\/wp\/v2\/product"}],"about":[{"href":"https:\/\/cu4trobikes.es\/index.php\/wp-json\/wp\/v2\/types\/product"}],"replies":[{"embeddable":true,"href":"https:\/\/cu4trobikes.es\/index.php\/wp-json\/wp\/v2\/comments?post=232"}],"wp:featuredmedia":[{"embeddable":true,"href":"https:\/\/cu4trobikes.es\/index.php\/wp-json\/wp\/v2\/media\/829"}],"wp:attachment":[{"href":"https:\/\/cu4trobikes.es\/index.php\/wp-json\/wp\/v2\/media?parent=232"}],"wp:term":[{"taxonomy":"product_cat","embeddable":true,"href":"https:\/\/cu4trobikes.es\/index.php\/wp-json\/wp\/v2\/product_cat?post=232"},{"taxonomy":"product_tag","embeddable":true,"href":"https:\/\/cu4trobikes.es\/index.php\/wp-json\/wp\/v2\/product_tag?post=232"}],"curies":[{"name":"wp","href":"https:\/\/api.w.org\/{rel}","templated":true}]}}