{"id":247,"date":"2024-05-22T11:21:29","date_gmt":"2024-05-22T10:21:29","guid":{"rendered":"https:\/\/cu4trobikes.es\/?post_type=product&#038;p=247"},"modified":"2026-03-23T16:09:48","modified_gmt":"2026-03-23T15:09:48","slug":"powerfly-fs7-gen-3","status":"publish","type":"product","link":"https:\/\/cu4trobikes.es\/index.php\/producto\/powerfly-fs7-gen-3\/","title":{"rendered":"Powerfly FS7 Gen 3 Talla L"},"content":{"rendered":"<p>La Powerfly FS 7 es una bicicleta el\u00e9ctrica de monta\u00f1a de doble suspensi\u00f3n preparada para darlo todo. Su potente sistema el\u00e9ctrico Bosch te permite afrontar subidas pronunciadas con m\u00e1s facilidad, y recorrer rutas m\u00e1s largas y m\u00e1s exigentes. El mando remoto LED con sistema inteligente y la pantalla Kiox se sincronizan con la aplicaci\u00f3n eBike Flow para hacer un seguimiento de la actividad, navegar y tener conectividad Bluetooth durante el recorrido, y la configuraci\u00f3n de la suspensi\u00f3n de alto rendimiento aporta eficiencia y suavidad en los terrenos m\u00e1s exigentes.<\/p>\n<p>Recorrido 100mm<\/p>\n<p>Bater\u00eda Bosch 625W<\/p>\n<p>12 speeds<\/p>\n","protected":false},"excerpt":{"rendered":"<p>La Powerfly FS 7 es una bicicleta el\u00e9ctrica de monta\u00f1a de doble suspensi\u00f3n preparada para darlo todo. Su potente sistema el\u00e9ctrico Bosch te permite afrontar subidas pronunciadas con m\u00e1s facilidad, y recorrer rutas m\u00e1s largas y m\u00e1s exigentes. El mando remoto LED con sistema inteligente y la pantalla Kiox se sincronizan con la aplicaci\u00f3n eBike &hellip;<\/p>\n<p class=\"read-more\"> <a class=\"\" href=\"https:\/\/cu4trobikes.es\/index.php\/producto\/powerfly-fs7-gen-3\/\"> <span class=\"screen-reader-text\">Powerfly FS7 Gen 3 Talla L<\/span> Leer m\u00e1s &raquo;<\/a><\/p>\n","protected":false},"featured_media":543,"comment_status":"open","ping_status":"closed","template":"","meta":{"_uag_custom_page_level_css":"","site-sidebar-layout":"default","site-content-layout":"","ast-site-content-layout":"default","site-content-style":"default","site-sidebar-style":"default","ast-global-header-display":"","ast-banner-title-visibility":"","ast-main-header-display":"","ast-hfb-above-header-display":"","ast-hfb-below-header-display":"","ast-hfb-mobile-header-display":"","site-post-title":"","ast-breadcrumbs-content":"","ast-featured-img":"","footer-sml-layout":"","theme-transparent-header-meta":"default","adv-header-id-meta":"","stick-header-meta":"","header-above-stick-meta":"","header-main-stick-meta":"","header-below-stick-meta":"","astra-migrate-meta-layouts":"set","ast-page-background-enabled":"default","ast-page-background-meta":{"desktop":{"background-color":"var(--ast-global-color-4)","background-image":"","background-repeat":"repeat","background-position":"center center","background-size":"auto","background-attachment":"scroll","background-type":"","background-media":"","overlay-type":"","overlay-color":"","overlay-gradient":""},"tablet":{"background-color":"","background-image":"","background-repeat":"repeat","background-position":"center center","background-size":"auto","background-attachment":"scroll","background-type":"","background-media":"","overlay-type":"","overlay-color":"","overlay-gradient":""},"mobile":{"background-color":"","background-image":"","background-repeat":"repeat","background-position":"center center","background-size":"auto","background-attachment":"scroll","background-type":"","background-media":"","overlay-type":"","overlay-color":"","overlay-gradient":""}},"ast-content-background-meta":{"desktop":{"background-color":"var(--ast-global-color-5)","background-image":"","background-repeat":"repeat","background-position":"center center","background-size":"auto","background-attachment":"scroll","background-type":"","background-media":"","overlay-type":"","overlay-color":"","overlay-gradient":""},"tablet":{"background-color":"var(--ast-global-color-5)","background-image":"","background-repeat":"repeat","background-position":"center center","background-size":"auto","background-attachment":"scroll","background-type":"","background-media":"","overlay-type":"","overlay-color":"","overlay-gradient":""},"mobile":{"background-color":"var(--ast-global-color-5)","background-image":"","background-repeat":"repeat","background-position":"center center","background-size":"auto","background-attachment":"scroll","background-type":"","background-media":"","overlay-type":"","overlay-color":"","overlay-gradient":""}}},"product_cat":[22,54],"product_tag":[],"class_list":{"0":"post-247","1":"product","2":"type-product","3":"status-publish","4":"has-post-thumbnail","6":"product_cat-btt-electrica","7":"product_cat-rebajas","8":"product_shipping_class-bicicletas","9":"desktop-align-center","10":"tablet-align-left","11":"mobile-align-left","13":"first","14":"instock","15":"sale","16":"sold-individually","17":"shipping-taxable","18":"purchasable","19":"product-type-simple"},"uagb_featured_image_src":{"full":["https:\/\/cu4trobikes.es\/wp-content\/uploads\/2024\/05\/PowerFly.png",1920,1440,false],"thumbnail":["https:\/\/cu4trobikes.es\/wp-content\/uploads\/2024\/05\/PowerFly-150x150.png",150,150,true],"medium":["https:\/\/cu4trobikes.es\/wp-content\/uploads\/2024\/05\/PowerFly-300x225.png",300,225,true],"medium_large":["https:\/\/cu4trobikes.es\/wp-content\/uploads\/2024\/05\/PowerFly-768x576.png",768,576,true],"large":["https:\/\/cu4trobikes.es\/wp-content\/uploads\/2024\/05\/PowerFly-1024x768.png",1024,768,true],"1536x1536":["https:\/\/cu4trobikes.es\/wp-content\/uploads\/2024\/05\/PowerFly-1536x1152.png",1536,1152,true],"2048x2048":["https:\/\/cu4trobikes.es\/wp-content\/uploads\/2024\/05\/PowerFly.png",1920,1440,false],"woocommerce_thumbnail":["https:\/\/cu4trobikes.es\/wp-content\/uploads\/2024\/05\/PowerFly-300x225.png",300,225,true],"woocommerce_single":["https:\/\/cu4trobikes.es\/wp-content\/uploads\/2024\/05\/PowerFly-600x450.png",600,450,true],"woocommerce_gallery_thumbnail":["https:\/\/cu4trobikes.es\/wp-content\/uploads\/2024\/05\/PowerFly-100x100.png",100,100,true]},"uagb_author_info":{"display_name":"hectordh","author_link":"https:\/\/cu4trobikes.es\/index.php\/author\/"},"uagb_comment_info":0,"uagb_excerpt":"La Powerfly FS 7 es una bicicleta el\u00e9ctrica de monta\u00f1a de doble suspensi\u00f3n preparada para darlo todo. Su potente sistema el\u00e9ctrico Bosch te permite afrontar subidas pronunciadas con m\u00e1s facilidad, y recorrer rutas m\u00e1s largas y m\u00e1s exigentes. El mando remoto LED con sistema inteligente y la pantalla Kiox se sincronizan con la aplicaci\u00f3n eBike&hellip;","_links":{"self":[{"href":"https:\/\/cu4trobikes.es\/index.php\/wp-json\/wp\/v2\/product\/247","targetHints":{"allow":["GET"]}}],"collection":[{"href":"https:\/\/cu4trobikes.es\/index.php\/wp-json\/wp\/v2\/product"}],"about":[{"href":"https:\/\/cu4trobikes.es\/index.php\/wp-json\/wp\/v2\/types\/product"}],"replies":[{"embeddable":true,"href":"https:\/\/cu4trobikes.es\/index.php\/wp-json\/wp\/v2\/comments?post=247"}],"wp:featuredmedia":[{"embeddable":true,"href":"https:\/\/cu4trobikes.es\/index.php\/wp-json\/wp\/v2\/media\/543"}],"wp:attachment":[{"href":"https:\/\/cu4trobikes.es\/index.php\/wp-json\/wp\/v2\/media?parent=247"}],"wp:term":[{"taxonomy":"product_cat","embeddable":true,"href":"https:\/\/cu4trobikes.es\/index.php\/wp-json\/wp\/v2\/product_cat?post=247"},{"taxonomy":"product_tag","embeddable":true,"href":"https:\/\/cu4trobikes.es\/index.php\/wp-json\/wp\/v2\/product_tag?post=247"}],"curies":[{"name":"wp","href":"https:\/\/api.w.org\/{rel}","templated":true}]}}