{"id":297,"date":"2024-05-23T11:14:23","date_gmt":"2024-05-23T10:14:23","guid":{"rendered":"https:\/\/cu4trobikes.es\/?post_type=product&#038;p=297"},"modified":"2025-10-06T11:59:57","modified_gmt":"2025-10-06T10:59:57","slug":"procaliber-6","status":"publish","type":"product","link":"https:\/\/cu4trobikes.es\/index.php\/producto\/procaliber-6\/","title":{"rendered":"Procaliber 6"},"content":{"rendered":"<p>La Procaliber 6 es una bicicleta de XC dise\u00f1ada para rodar por singletracks y circuitos complicados. Es una bicicleta preparada para competici\u00f3n, pero accesible gracias a una geometr\u00eda moderna dise\u00f1ada para afrontar curvas r\u00e1pidas y secciones complicadas por senderos, y que a la vez hace que est\u00e9s preparado para esprintar en las subidas. Una transmisi\u00f3n Shimano de 12 velocidades y una horquilla RockShox de 120 mm ponen la guinda del pastel y ofrecen la comodidad que necesitas para absorber los impactos.<\/p>\n<p>Una vez enviados los productos no se aceptan cambios ni devoluciones.<\/p>\n","protected":false},"excerpt":{"rendered":"<p>La Procaliber 6 es una bicicleta de XC dise\u00f1ada para rodar por singletracks y circuitos complicados. Es una bicicleta preparada para competici\u00f3n, pero accesible gracias a una geometr\u00eda moderna dise\u00f1ada para afrontar curvas r\u00e1pidas y secciones complicadas por senderos, y que a la vez hace que est\u00e9s preparado para esprintar en las subidas. Una transmisi\u00f3n &hellip;<\/p>\n<p class=\"read-more\"> <a class=\"\" href=\"https:\/\/cu4trobikes.es\/index.php\/producto\/procaliber-6\/\"> <span class=\"screen-reader-text\">Procaliber 6<\/span> Leer m\u00e1s &raquo;<\/a><\/p>\n","protected":false},"featured_media":299,"comment_status":"open","ping_status":"closed","template":"","meta":{"_uag_custom_page_level_css":"","site-sidebar-layout":"default","site-content-layout":"","ast-site-content-layout":"default","site-content-style":"default","site-sidebar-style":"default","ast-global-header-display":"","ast-banner-title-visibility":"","ast-main-header-display":"","ast-hfb-above-header-display":"","ast-hfb-below-header-display":"","ast-hfb-mobile-header-display":"","site-post-title":"","ast-breadcrumbs-content":"","ast-featured-img":"","footer-sml-layout":"","theme-transparent-header-meta":"default","adv-header-id-meta":"","stick-header-meta":"","header-above-stick-meta":"","header-main-stick-meta":"","header-below-stick-meta":"","astra-migrate-meta-layouts":"set","ast-page-background-enabled":"default","ast-page-background-meta":{"desktop":{"background-color":"var(--ast-global-color-4)","background-image":"","background-repeat":"repeat","background-position":"center center","background-size":"auto","background-attachment":"scroll","background-type":"","background-media":"","overlay-type":"","overlay-color":"","overlay-gradient":""},"tablet":{"background-color":"","background-image":"","background-repeat":"repeat","background-position":"center center","background-size":"auto","background-attachment":"scroll","background-type":"","background-media":"","overlay-type":"","overlay-color":"","overlay-gradient":""},"mobile":{"background-color":"","background-image":"","background-repeat":"repeat","background-position":"center center","background-size":"auto","background-attachment":"scroll","background-type":"","background-media":"","overlay-type":"","overlay-color":"","overlay-gradient":""}},"ast-content-background-meta":{"desktop":{"background-color":"var(--ast-global-color-5)","background-image":"","background-repeat":"repeat","background-position":"center center","background-size":"auto","background-attachment":"scroll","background-type":"","background-media":"","overlay-type":"","overlay-color":"","overlay-gradient":""},"tablet":{"background-color":"var(--ast-global-color-5)","background-image":"","background-repeat":"repeat","background-position":"center center","background-size":"auto","background-attachment":"scroll","background-type":"","background-media":"","overlay-type":"","overlay-color":"","overlay-gradient":""},"mobile":{"background-color":"var(--ast-global-color-5)","background-image":"","background-repeat":"repeat","background-position":"center center","background-size":"auto","background-attachment":"scroll","background-type":"","background-media":"","overlay-type":"","overlay-color":"","overlay-gradient":""}}},"product_cat":[25],"product_tag":[],"class_list":{"0":"post-297","1":"product","2":"type-product","3":"status-publish","4":"has-post-thumbnail","6":"product_cat-montana","7":"desktop-align-center","8":"tablet-align-left","9":"mobile-align-left","11":"first","12":"instock","13":"shipping-taxable","14":"purchasable","15":"product-type-simple"},"uagb_featured_image_src":{"full":["https:\/\/cu4trobikes.es\/wp-content\/uploads\/2024\/05\/Procaliber6-24-41615-A-Primary.webp",1440,1080,false],"thumbnail":["https:\/\/cu4trobikes.es\/wp-content\/uploads\/2024\/05\/Procaliber6-24-41615-A-Primary-150x150.webp",150,150,true],"medium":["https:\/\/cu4trobikes.es\/wp-content\/uploads\/2024\/05\/Procaliber6-24-41615-A-Primary-300x225.webp",300,225,true],"medium_large":["https:\/\/cu4trobikes.es\/wp-content\/uploads\/2024\/05\/Procaliber6-24-41615-A-Primary-768x576.webp",768,576,true],"large":["https:\/\/cu4trobikes.es\/wp-content\/uploads\/2024\/05\/Procaliber6-24-41615-A-Primary-1024x768.webp",1024,768,true],"1536x1536":["https:\/\/cu4trobikes.es\/wp-content\/uploads\/2024\/05\/Procaliber6-24-41615-A-Primary.webp",1440,1080,false],"2048x2048":["https:\/\/cu4trobikes.es\/wp-content\/uploads\/2024\/05\/Procaliber6-24-41615-A-Primary.webp",1440,1080,false],"woocommerce_thumbnail":["https:\/\/cu4trobikes.es\/wp-content\/uploads\/2024\/05\/Procaliber6-24-41615-A-Primary-300x225.webp",300,225,true],"woocommerce_single":["https:\/\/cu4trobikes.es\/wp-content\/uploads\/2024\/05\/Procaliber6-24-41615-A-Primary-600x450.webp",600,450,true],"woocommerce_gallery_thumbnail":["https:\/\/cu4trobikes.es\/wp-content\/uploads\/2024\/05\/Procaliber6-24-41615-A-Primary-100x100.webp",100,100,true]},"uagb_author_info":{"display_name":"hectordh","author_link":"https:\/\/cu4trobikes.es\/index.php\/author\/"},"uagb_comment_info":0,"uagb_excerpt":"La Procaliber 6 es una bicicleta de XC dise\u00f1ada para rodar por singletracks y circuitos complicados. Es una bicicleta preparada para competici\u00f3n, pero accesible gracias a una geometr\u00eda moderna dise\u00f1ada para afrontar curvas r\u00e1pidas y secciones complicadas por senderos, y que a la vez hace que est\u00e9s preparado para esprintar en las subidas. Una transmisi\u00f3n&hellip;","_links":{"self":[{"href":"https:\/\/cu4trobikes.es\/index.php\/wp-json\/wp\/v2\/product\/297","targetHints":{"allow":["GET"]}}],"collection":[{"href":"https:\/\/cu4trobikes.es\/index.php\/wp-json\/wp\/v2\/product"}],"about":[{"href":"https:\/\/cu4trobikes.es\/index.php\/wp-json\/wp\/v2\/types\/product"}],"replies":[{"embeddable":true,"href":"https:\/\/cu4trobikes.es\/index.php\/wp-json\/wp\/v2\/comments?post=297"}],"wp:featuredmedia":[{"embeddable":true,"href":"https:\/\/cu4trobikes.es\/index.php\/wp-json\/wp\/v2\/media\/299"}],"wp:attachment":[{"href":"https:\/\/cu4trobikes.es\/index.php\/wp-json\/wp\/v2\/media?parent=297"}],"wp:term":[{"taxonomy":"product_cat","embeddable":true,"href":"https:\/\/cu4trobikes.es\/index.php\/wp-json\/wp\/v2\/product_cat?post=297"},{"taxonomy":"product_tag","embeddable":true,"href":"https:\/\/cu4trobikes.es\/index.php\/wp-json\/wp\/v2\/product_tag?post=297"}],"curies":[{"name":"wp","href":"https:\/\/api.w.org\/{rel}","templated":true}]}}