{"id":392,"date":"2024-07-05T09:54:12","date_gmt":"2024-07-05T08:54:12","guid":{"rendered":"https:\/\/cu4trobikes.es\/?post_type=product&#038;p=392"},"modified":"2026-02-24T19:55:09","modified_gmt":"2026-02-24T18:55:09","slug":"dahon-mariner-8-plata","status":"publish","type":"product","link":"https:\/\/cu4trobikes.es\/index.php\/producto\/dahon-mariner-8-plata\/","title":{"rendered":"Dahon Mariner HIT D6"},"content":{"rendered":"<p>La Dahon HIT D6 es una bicicleta plegable robusta y econ\u00f3mica para el uso urbano se pliega r\u00e1pidamente a 65x34x82 cm para f\u00e1cil transporte y almacenamiento tiene un cambio Shimano Tourney de 6 velocidades y pesa solo 11.5kg con una capacidad m\u00e1xima de 105 kg incluye guardabarros y portabultos.<\/p>\n<table>\n<tbody>\n<tr>\n<th class=\"catalog_item_carstit\" colspan=\"2\">Especificaciones<\/th>\n<\/tr>\n<tr>\n<th>Marca<\/th>\n<td>Dahon<\/td>\n<\/tr>\n<tr>\n<th>Modelo<\/th>\n<td>Hit<\/td>\n<\/tr>\n<tr>\n<th>Modelo<\/th>\n<td>Hit<\/td>\n<\/tr>\n<tr>\n<th>Producto<\/th>\n<td>Bicicleta<\/td>\n<\/tr>\n<tr>\n<th>Talla<\/th>\n<td>Unisex<\/td>\n<\/tr>\n<tr>\n<th>Tija de sill\u00edn<\/th>\n<td>Leechi Custom 6061 33.9 580mm.<\/td>\n<\/tr>\n<tr>\n<th>Tija manillar<\/th>\n<td>DAHON Radius Aluminio<\/td>\n<\/tr>\n<tr>\n<th>Horquilla<\/th>\n<td>Rigida, Acero Hi-Teen<\/td>\n<\/tr>\n<tr>\n<th>Llantas<\/th>\n<td>20<\/td>\n<\/tr>\n<tr>\n<th>Cuadro<\/th>\n<td>Aluminio<\/td>\n<\/tr>\n<tr>\n<th>Platos y bielas<\/th>\n<td>170mm 52T<\/td>\n<\/tr>\n<tr>\n<th>Cambio<\/th>\n<td>DAHON Custom RD-M200 6V<\/td>\n<\/tr>\n<tr>\n<th>Frenos<\/th>\n<td>Winzip Smooth and Powerful110mm<\/td>\n<\/tr>\n<tr>\n<th>Sillin<\/th>\n<td>DAHON Ergo Comfort<\/td>\n<\/tr>\n<tr>\n<th>Pi\u00f1on cassette<\/th>\n<td>SHIMANO 14-28<\/td>\n<\/tr>\n<tr>\n<th>Cubierta<\/th>\n<td>DAHON Custom, C1635, 20&#215;1.75<\/td>\n<\/tr>\n<tr>\n<th>Velocidades<\/th>\n<td>6<\/td>\n<\/tr>\n<tr>\n<th>Altura (cm)<\/th>\n<td>145-185cm<\/td>\n<\/tr>\n<tr>\n<th>Tecnolog\u00eda<\/th>\n<td>Plegable Visegrip<\/td>\n<\/tr>\n<tr>\n<th>Guardabarros y portaequipajes?<\/th>\n<td>S\u00ed<\/td>\n<\/tr>\n<tr>\n<th>Color<\/th>\n<td>Negro<\/td>\n<\/tr>\n<tr>\n<th>Peso en gramos (\u00b13%)<\/th>\n<td>12.07<\/td>\n<\/tr>\n<tr>\n<th>Peso en kilogramos (\u00b13%)<\/th>\n<td>12.07<\/td>\n<\/tr>\n<tr>\n<th>EAN\/UPC<\/th>\n<td>8430495409439<\/td>\n<\/tr>\n<\/tbody>\n<\/table>\n<p>CONSULTA DISPONIBILIDAD ANTES DE COMPRAR.<\/p>\n","protected":false},"excerpt":{"rendered":"<p>La Dahon HIT D6 es una bicicleta plegable robusta y econ\u00f3mica para el uso urbano se pliega r\u00e1pidamente a 65x34x82 cm para f\u00e1cil transporte y almacenamiento tiene un cambio Shimano Tourney de 6 velocidades y pesa solo 11.5kg con una capacidad m\u00e1xima de 105 kg incluye guardabarros y portabultos. Especificaciones Marca Dahon Modelo Hit Modelo &hellip;<\/p>\n<p class=\"read-more\"> <a class=\"\" href=\"https:\/\/cu4trobikes.es\/index.php\/producto\/dahon-mariner-8-plata\/\"> <span class=\"screen-reader-text\">Dahon Mariner HIT D6<\/span> Leer m\u00e1s &raquo;<\/a><\/p>\n","protected":false},"featured_media":1567,"comment_status":"open","ping_status":"closed","template":"","meta":{"_uag_custom_page_level_css":"","site-sidebar-layout":"default","site-content-layout":"","ast-site-content-layout":"default","site-content-style":"default","site-sidebar-style":"default","ast-global-header-display":"","ast-banner-title-visibility":"","ast-main-header-display":"","ast-hfb-above-header-display":"","ast-hfb-below-header-display":"","ast-hfb-mobile-header-display":"","site-post-title":"","ast-breadcrumbs-content":"","ast-featured-img":"","footer-sml-layout":"","theme-transparent-header-meta":"default","adv-header-id-meta":"","stick-header-meta":"","header-above-stick-meta":"","header-main-stick-meta":"","header-below-stick-meta":"","astra-migrate-meta-layouts":"set","ast-page-background-enabled":"default","ast-page-background-meta":{"desktop":{"background-color":"var(--ast-global-color-4)","background-image":"","background-repeat":"repeat","background-position":"center center","background-size":"auto","background-attachment":"scroll","background-type":"","background-media":"","overlay-type":"","overlay-color":"","overlay-gradient":""},"tablet":{"background-color":"","background-image":"","background-repeat":"repeat","background-position":"center center","background-size":"auto","background-attachment":"scroll","background-type":"","background-media":"","overlay-type":"","overlay-color":"","overlay-gradient":""},"mobile":{"background-color":"","background-image":"","background-repeat":"repeat","background-position":"center center","background-size":"auto","background-attachment":"scroll","background-type":"","background-media":"","overlay-type":"","overlay-color":"","overlay-gradient":""}},"ast-content-background-meta":{"desktop":{"background-color":"var(--ast-global-color-5)","background-image":"","background-repeat":"repeat","background-position":"center center","background-size":"auto","background-attachment":"scroll","background-type":"","background-media":"","overlay-type":"","overlay-color":"","overlay-gradient":""},"tablet":{"background-color":"var(--ast-global-color-5)","background-image":"","background-repeat":"repeat","background-position":"center center","background-size":"auto","background-attachment":"scroll","background-type":"","background-media":"","overlay-type":"","overlay-color":"","overlay-gradient":""},"mobile":{"background-color":"var(--ast-global-color-5)","background-image":"","background-repeat":"repeat","background-position":"center center","background-size":"auto","background-attachment":"scroll","background-type":"","background-media":"","overlay-type":"","overlay-color":"","overlay-gradient":""}}},"product_cat":[39],"product_tag":[],"class_list":{"0":"post-392","1":"product","2":"type-product","3":"status-publish","4":"has-post-thumbnail","6":"product_cat-urbana-plegable","7":"product_shipping_class-bicicletas","8":"desktop-align-center","9":"tablet-align-left","10":"mobile-align-left","12":"first","13":"instock","14":"sold-individually","15":"shipping-taxable","16":"purchasable","17":"product-type-simple"},"uagb_featured_image_src":{"full":["https:\/\/cu4trobikes.es\/wp-content\/uploads\/2024\/07\/057803_1z-scaled.jpg",2560,1707,false],"thumbnail":["https:\/\/cu4trobikes.es\/wp-content\/uploads\/2024\/07\/057803_1z-150x150.jpg",150,150,true],"medium":["https:\/\/cu4trobikes.es\/wp-content\/uploads\/2024\/07\/057803_1z-300x200.jpg",300,200,true],"medium_large":["https:\/\/cu4trobikes.es\/wp-content\/uploads\/2024\/07\/057803_1z-768x512.jpg",768,512,true],"large":["https:\/\/cu4trobikes.es\/wp-content\/uploads\/2024\/07\/057803_1z-1024x683.jpg",1024,683,true],"1536x1536":["https:\/\/cu4trobikes.es\/wp-content\/uploads\/2024\/07\/057803_1z-1536x1024.jpg",1536,1024,true],"2048x2048":["https:\/\/cu4trobikes.es\/wp-content\/uploads\/2024\/07\/057803_1z-2048x1365.jpg",2048,1365,true],"woocommerce_thumbnail":["https:\/\/cu4trobikes.es\/wp-content\/uploads\/2024\/07\/057803_1z-300x200.jpg",300,200,true],"woocommerce_single":["https:\/\/cu4trobikes.es\/wp-content\/uploads\/2024\/07\/057803_1z-600x400.jpg",600,400,true],"woocommerce_gallery_thumbnail":["https:\/\/cu4trobikes.es\/wp-content\/uploads\/2024\/07\/057803_1z-100x100.jpg",100,100,true]},"uagb_author_info":{"display_name":"hectordh","author_link":"https:\/\/cu4trobikes.es\/index.php\/author\/"},"uagb_comment_info":2,"uagb_excerpt":"La Dahon HIT D6 es una bicicleta plegable robusta y econ\u00f3mica para el uso urbano se pliega r\u00e1pidamente a 65x34x82 cm para f\u00e1cil transporte y almacenamiento tiene un cambio Shimano Tourney de 6 velocidades y pesa solo 11.5kg con una capacidad m\u00e1xima de 105 kg incluye guardabarros y portabultos. Especificaciones Marca Dahon Modelo Hit Modelo&hellip;","_links":{"self":[{"href":"https:\/\/cu4trobikes.es\/index.php\/wp-json\/wp\/v2\/product\/392","targetHints":{"allow":["GET"]}}],"collection":[{"href":"https:\/\/cu4trobikes.es\/index.php\/wp-json\/wp\/v2\/product"}],"about":[{"href":"https:\/\/cu4trobikes.es\/index.php\/wp-json\/wp\/v2\/types\/product"}],"replies":[{"embeddable":true,"href":"https:\/\/cu4trobikes.es\/index.php\/wp-json\/wp\/v2\/comments?post=392"}],"wp:featuredmedia":[{"embeddable":true,"href":"https:\/\/cu4trobikes.es\/index.php\/wp-json\/wp\/v2\/media\/1567"}],"wp:attachment":[{"href":"https:\/\/cu4trobikes.es\/index.php\/wp-json\/wp\/v2\/media?parent=392"}],"wp:term":[{"taxonomy":"product_cat","embeddable":true,"href":"https:\/\/cu4trobikes.es\/index.php\/wp-json\/wp\/v2\/product_cat?post=392"},{"taxonomy":"product_tag","embeddable":true,"href":"https:\/\/cu4trobikes.es\/index.php\/wp-json\/wp\/v2\/product_tag?post=392"}],"curies":[{"name":"wp","href":"https:\/\/api.w.org\/{rel}","templated":true}]}}