{"id":405,"date":"2024-07-05T10:18:34","date_gmt":"2024-07-05T09:18:34","guid":{"rendered":"https:\/\/cu4trobikes.es\/?post_type=product&#038;p=405"},"modified":"2025-10-08T10:32:39","modified_gmt":"2025-10-08T09:32:39","slug":"procaliber-8","status":"publish","type":"product","link":"https:\/\/cu4trobikes.es\/index.php\/producto\/procaliber-8\/","title":{"rendered":"Procaliber 8"},"content":{"rendered":"<p>La Procaliber 8 es una bicicleta de XC dise\u00f1ada para rodar por singletracks y circuitos complicados. Es una bicicleta preparada para competici\u00f3n, pero accesible gracias a una geometr\u00eda moderna dise\u00f1ada para afrontar curvas r\u00e1pidas y secciones complicadas por senderos, y que a la vez hace que est\u00e9s preparado para esprintar en las subidas. Una transmisi\u00f3n Shimano SLX y XT de 12 velocidades, una horquilla RockShox Recon Gold de 120 mm ponen la guinda del pastel y ofrecen la comodidad que necesitas para absorber los impactos.<\/p>\n<p>Una vez enviados los productos no se aceptan cambios ni devoluciones.<\/p>\n","protected":false},"excerpt":{"rendered":"<p>La Procaliber 8 es una bicicleta de XC dise\u00f1ada para rodar por singletracks y circuitos complicados. Se desenvuelve con confianza en la fina l\u00ednea que separa la competici\u00f3n del precio asequible, con un cuadro de aluminio fabricado con una geometr\u00eda moderna para afrontar las curvas r\u00e1pidas y los tramos accidentados de los senderos, a la vez que te mantiene preparado para esprintar en las subidas. Una transmisi\u00f3n Shimano SLX y XT de 12 velocidades y una horquilla RockShox Recon Gold de 120 mm ponen la guinda del pastel y ofrecen la comodidad que necesitas para absorber los impactos.<\/p>\n<p>Una vez enviados los productos no se aceptan cambios ni devoluciones.<\/p>\n","protected":false},"featured_media":819,"comment_status":"open","ping_status":"closed","template":"","meta":{"_uag_custom_page_level_css":"","site-sidebar-layout":"default","site-content-layout":"","ast-site-content-layout":"default","site-content-style":"default","site-sidebar-style":"default","ast-global-header-display":"","ast-banner-title-visibility":"","ast-main-header-display":"","ast-hfb-above-header-display":"","ast-hfb-below-header-display":"","ast-hfb-mobile-header-display":"","site-post-title":"","ast-breadcrumbs-content":"","ast-featured-img":"","footer-sml-layout":"","theme-transparent-header-meta":"default","adv-header-id-meta":"","stick-header-meta":"","header-above-stick-meta":"","header-main-stick-meta":"","header-below-stick-meta":"","astra-migrate-meta-layouts":"set","ast-page-background-enabled":"default","ast-page-background-meta":{"desktop":{"background-color":"var(--ast-global-color-4)","background-image":"","background-repeat":"repeat","background-position":"center center","background-size":"auto","background-attachment":"scroll","background-type":"","background-media":"","overlay-type":"","overlay-color":"","overlay-gradient":""},"tablet":{"background-color":"","background-image":"","background-repeat":"repeat","background-position":"center center","background-size":"auto","background-attachment":"scroll","background-type":"","background-media":"","overlay-type":"","overlay-color":"","overlay-gradient":""},"mobile":{"background-color":"","background-image":"","background-repeat":"repeat","background-position":"center center","background-size":"auto","background-attachment":"scroll","background-type":"","background-media":"","overlay-type":"","overlay-color":"","overlay-gradient":""}},"ast-content-background-meta":{"desktop":{"background-color":"var(--ast-global-color-5)","background-image":"","background-repeat":"repeat","background-position":"center center","background-size":"auto","background-attachment":"scroll","background-type":"","background-media":"","overlay-type":"","overlay-color":"","overlay-gradient":""},"tablet":{"background-color":"var(--ast-global-color-5)","background-image":"","background-repeat":"repeat","background-position":"center center","background-size":"auto","background-attachment":"scroll","background-type":"","background-media":"","overlay-type":"","overlay-color":"","overlay-gradient":""},"mobile":{"background-color":"var(--ast-global-color-5)","background-image":"","background-repeat":"repeat","background-position":"center center","background-size":"auto","background-attachment":"scroll","background-type":"","background-media":"","overlay-type":"","overlay-color":"","overlay-gradient":""}}},"product_cat":[25],"product_tag":[],"class_list":{"0":"post-405","1":"product","2":"type-product","3":"status-publish","4":"has-post-thumbnail","6":"product_cat-montana","7":"desktop-align-center","8":"tablet-align-left","9":"mobile-align-left","11":"first","12":"instock","13":"shipping-taxable","14":"purchasable","15":"product-type-simple"},"uagb_featured_image_src":{"full":["https:\/\/cu4trobikes.es\/wp-content\/uploads\/2024\/07\/Procaliber8-26-57370-A-Portrait.avif",1440,1080,false],"thumbnail":["https:\/\/cu4trobikes.es\/wp-content\/uploads\/2024\/07\/Procaliber8-26-57370-A-Portrait-150x150.avif",150,150,true],"medium":["https:\/\/cu4trobikes.es\/wp-content\/uploads\/2024\/07\/Procaliber8-26-57370-A-Portrait-300x225.avif",300,225,true],"medium_large":["https:\/\/cu4trobikes.es\/wp-content\/uploads\/2024\/07\/Procaliber8-26-57370-A-Portrait-768x576.avif",768,576,true],"large":["https:\/\/cu4trobikes.es\/wp-content\/uploads\/2024\/07\/Procaliber8-26-57370-A-Portrait-1024x768.avif",1024,768,true],"1536x1536":["https:\/\/cu4trobikes.es\/wp-content\/uploads\/2024\/07\/Procaliber8-26-57370-A-Portrait.avif",1440,1080,false],"2048x2048":["https:\/\/cu4trobikes.es\/wp-content\/uploads\/2024\/07\/Procaliber8-26-57370-A-Portrait.avif",1440,1080,false],"woocommerce_thumbnail":["https:\/\/cu4trobikes.es\/wp-content\/uploads\/2024\/07\/Procaliber8-26-57370-A-Portrait-300x225.avif",300,225,true],"woocommerce_single":["https:\/\/cu4trobikes.es\/wp-content\/uploads\/2024\/07\/Procaliber8-26-57370-A-Portrait-600x450.avif",600,450,true],"woocommerce_gallery_thumbnail":["https:\/\/cu4trobikes.es\/wp-content\/uploads\/2024\/07\/Procaliber8-26-57370-A-Portrait-100x100.avif",100,100,true]},"uagb_author_info":{"display_name":"hectordh","author_link":"https:\/\/cu4trobikes.es\/index.php\/author\/"},"uagb_comment_info":1,"uagb_excerpt":"La Procaliber 8 es una bicicleta de XC dise\u00f1ada para rodar por singletracks y circuitos complicados. Se desenvuelve con confianza en la fina l\u00ednea que separa la competici\u00f3n del precio asequible, con un cuadro de aluminio fabricado con una geometr\u00eda moderna para afrontar las curvas r\u00e1pidas y los tramos accidentados de los senderos, a la&hellip;","_links":{"self":[{"href":"https:\/\/cu4trobikes.es\/index.php\/wp-json\/wp\/v2\/product\/405","targetHints":{"allow":["GET"]}}],"collection":[{"href":"https:\/\/cu4trobikes.es\/index.php\/wp-json\/wp\/v2\/product"}],"about":[{"href":"https:\/\/cu4trobikes.es\/index.php\/wp-json\/wp\/v2\/types\/product"}],"replies":[{"embeddable":true,"href":"https:\/\/cu4trobikes.es\/index.php\/wp-json\/wp\/v2\/comments?post=405"}],"wp:featuredmedia":[{"embeddable":true,"href":"https:\/\/cu4trobikes.es\/index.php\/wp-json\/wp\/v2\/media\/819"}],"wp:attachment":[{"href":"https:\/\/cu4trobikes.es\/index.php\/wp-json\/wp\/v2\/media?parent=405"}],"wp:term":[{"taxonomy":"product_cat","embeddable":true,"href":"https:\/\/cu4trobikes.es\/index.php\/wp-json\/wp\/v2\/product_cat?post=405"},{"taxonomy":"product_tag","embeddable":true,"href":"https:\/\/cu4trobikes.es\/index.php\/wp-json\/wp\/v2\/product_tag?post=405"}],"curies":[{"name":"wp","href":"https:\/\/api.w.org\/{rel}","templated":true}]}}