{"id":548,"date":"2025-01-24T19:55:39","date_gmt":"2025-01-24T18:55:39","guid":{"rendered":"https:\/\/cu4trobikes.es\/?post_type=product&#038;p=548"},"modified":"2025-10-07T09:57:17","modified_gmt":"2025-10-07T08:57:17","slug":"trek-marlin-7","status":"publish","type":"product","link":"https:\/\/cu4trobikes.es\/index.php\/producto\/trek-marlin-7\/","title":{"rendered":"Trek Marlin 7 Gen 3"},"content":{"rendered":"<p>La Marlin 7 es la compa\u00f1era perfecta para los senderos y para rodar por cualquier terreno gracias a la confianza que inspira su geometr\u00eda de trail. Ofrece el equilibrio perfecto entre precio y rendimiento, con una horquilla de suspensi\u00f3n RockShox que te permite superar con velocidad las piedras y los baches de los caminos, y el amplio rango de desarrollos de la transmisi\u00f3n SRAM NX Eagle de 12 velocidades.<\/p>\n<p>Una vez enviado el producto no se aceptan cambios ni devoluciones.<\/p>\n","protected":false},"excerpt":{"rendered":"<p>La Marlin 7 es la compa\u00f1era perfecta para los senderos y para rodar por cualquier terreno gracias a la confianza que inspira su geometr\u00eda de trail. Ofrece el equilibrio perfecto entre precio y rendimiento, con una horquilla de suspensi\u00f3n RockShox que te permite superar con velocidad las piedras y los baches de los caminos, y &hellip;<\/p>\n<p class=\"read-more\"> <a class=\"\" href=\"https:\/\/cu4trobikes.es\/index.php\/producto\/trek-marlin-7\/\"> <span class=\"screen-reader-text\">Trek Marlin 7 Gen 3<\/span> Leer m\u00e1s &raquo;<\/a><\/p>\n","protected":false},"featured_media":808,"comment_status":"open","ping_status":"closed","template":"","meta":{"_uag_custom_page_level_css":"","site-sidebar-layout":"default","site-content-layout":"","ast-site-content-layout":"default","site-content-style":"default","site-sidebar-style":"default","ast-global-header-display":"","ast-banner-title-visibility":"","ast-main-header-display":"","ast-hfb-above-header-display":"","ast-hfb-below-header-display":"","ast-hfb-mobile-header-display":"","site-post-title":"","ast-breadcrumbs-content":"","ast-featured-img":"","footer-sml-layout":"","theme-transparent-header-meta":"default","adv-header-id-meta":"","stick-header-meta":"","header-above-stick-meta":"","header-main-stick-meta":"","header-below-stick-meta":"","astra-migrate-meta-layouts":"set","ast-page-background-enabled":"default","ast-page-background-meta":{"desktop":{"background-color":"var(--ast-global-color-4)","background-image":"","background-repeat":"repeat","background-position":"center center","background-size":"auto","background-attachment":"scroll","background-type":"","background-media":"","overlay-type":"","overlay-color":"","overlay-gradient":""},"tablet":{"background-color":"","background-image":"","background-repeat":"repeat","background-position":"center center","background-size":"auto","background-attachment":"scroll","background-type":"","background-media":"","overlay-type":"","overlay-color":"","overlay-gradient":""},"mobile":{"background-color":"","background-image":"","background-repeat":"repeat","background-position":"center center","background-size":"auto","background-attachment":"scroll","background-type":"","background-media":"","overlay-type":"","overlay-color":"","overlay-gradient":""}},"ast-content-background-meta":{"desktop":{"background-color":"var(--ast-global-color-5)","background-image":"","background-repeat":"repeat","background-position":"center center","background-size":"auto","background-attachment":"scroll","background-type":"","background-media":"","overlay-type":"","overlay-color":"","overlay-gradient":""},"tablet":{"background-color":"var(--ast-global-color-5)","background-image":"","background-repeat":"repeat","background-position":"center center","background-size":"auto","background-attachment":"scroll","background-type":"","background-media":"","overlay-type":"","overlay-color":"","overlay-gradient":""},"mobile":{"background-color":"var(--ast-global-color-5)","background-image":"","background-repeat":"repeat","background-position":"center center","background-size":"auto","background-attachment":"scroll","background-type":"","background-media":"","overlay-type":"","overlay-color":"","overlay-gradient":""}}},"product_cat":[25],"product_tag":[],"class_list":{"0":"post-548","1":"product","2":"type-product","3":"status-publish","4":"has-post-thumbnail","6":"product_cat-montana","7":"desktop-align-center","8":"tablet-align-left","9":"mobile-align-left","11":"first","12":"instock","13":"featured","14":"shipping-taxable","15":"purchasable","16":"product-type-simple"},"uagb_featured_image_src":{"full":["https:\/\/cu4trobikes.es\/wp-content\/uploads\/2025\/01\/Marlin7-26-57367-C-Portrait.avif",1440,1080,false],"thumbnail":["https:\/\/cu4trobikes.es\/wp-content\/uploads\/2025\/01\/Marlin7-26-57367-C-Portrait-150x150.avif",150,150,true],"medium":["https:\/\/cu4trobikes.es\/wp-content\/uploads\/2025\/01\/Marlin7-26-57367-C-Portrait-300x225.avif",300,225,true],"medium_large":["https:\/\/cu4trobikes.es\/wp-content\/uploads\/2025\/01\/Marlin7-26-57367-C-Portrait-768x576.avif",768,576,true],"large":["https:\/\/cu4trobikes.es\/wp-content\/uploads\/2025\/01\/Marlin7-26-57367-C-Portrait-1024x768.avif",1024,768,true],"1536x1536":["https:\/\/cu4trobikes.es\/wp-content\/uploads\/2025\/01\/Marlin7-26-57367-C-Portrait.avif",1440,1080,false],"2048x2048":["https:\/\/cu4trobikes.es\/wp-content\/uploads\/2025\/01\/Marlin7-26-57367-C-Portrait.avif",1440,1080,false],"woocommerce_thumbnail":["https:\/\/cu4trobikes.es\/wp-content\/uploads\/2025\/01\/Marlin7-26-57367-C-Portrait-300x225.avif",300,225,true],"woocommerce_single":["https:\/\/cu4trobikes.es\/wp-content\/uploads\/2025\/01\/Marlin7-26-57367-C-Portrait-600x450.avif",600,450,true],"woocommerce_gallery_thumbnail":["https:\/\/cu4trobikes.es\/wp-content\/uploads\/2025\/01\/Marlin7-26-57367-C-Portrait-100x100.avif",100,100,true]},"uagb_author_info":{"display_name":"hectordh","author_link":"https:\/\/cu4trobikes.es\/index.php\/author\/"},"uagb_comment_info":0,"uagb_excerpt":"La Marlin 7 es la compa\u00f1era perfecta para los senderos y para rodar por cualquier terreno gracias a la confianza que inspira su geometr\u00eda de trail. Ofrece el equilibrio perfecto entre precio y rendimiento, con una horquilla de suspensi\u00f3n RockShox que te permite superar con velocidad las piedras y los baches de los caminos, y&hellip;","_links":{"self":[{"href":"https:\/\/cu4trobikes.es\/index.php\/wp-json\/wp\/v2\/product\/548","targetHints":{"allow":["GET"]}}],"collection":[{"href":"https:\/\/cu4trobikes.es\/index.php\/wp-json\/wp\/v2\/product"}],"about":[{"href":"https:\/\/cu4trobikes.es\/index.php\/wp-json\/wp\/v2\/types\/product"}],"replies":[{"embeddable":true,"href":"https:\/\/cu4trobikes.es\/index.php\/wp-json\/wp\/v2\/comments?post=548"}],"wp:featuredmedia":[{"embeddable":true,"href":"https:\/\/cu4trobikes.es\/index.php\/wp-json\/wp\/v2\/media\/808"}],"wp:attachment":[{"href":"https:\/\/cu4trobikes.es\/index.php\/wp-json\/wp\/v2\/media?parent=548"}],"wp:term":[{"taxonomy":"product_cat","embeddable":true,"href":"https:\/\/cu4trobikes.es\/index.php\/wp-json\/wp\/v2\/product_cat?post=548"},{"taxonomy":"product_tag","embeddable":true,"href":"https:\/\/cu4trobikes.es\/index.php\/wp-json\/wp\/v2\/product_tag?post=548"}],"curies":[{"name":"wp","href":"https:\/\/api.w.org\/{rel}","templated":true}]}}