{"id":863,"date":"2025-10-08T10:37:42","date_gmt":"2025-10-08T09:37:42","guid":{"rendered":"https:\/\/cu4trobikes.es\/?post_type=product&#038;p=863"},"modified":"2026-02-20T16:26:51","modified_gmt":"2026-02-20T15:26:51","slug":"marlin-6-gen-3-2025","status":"publish","type":"product","link":"https:\/\/cu4trobikes.es\/index.php\/producto\/marlin-6-gen-3-2025\/","title":{"rendered":"Marlin 6 Gen 3 2025"},"content":{"rendered":"<p>La Marlin 6 es la bicicleta ideal para mejorar tus habilidades en los senderos. La geometr\u00eda del cuadro m\u00e1s relajada facilita el control en los descensos, mientras que la horquilla de suspensi\u00f3n absorbe los baches de los senderos. Los soportes integrados para el portabultos y la pata de cabra hacen que sea muy f\u00e1cil incorporar accesorios.<br \/>\nSuspensi\u00f3n 100mm<br \/>\n10 Speeds<\/p>\n<p>Una vez enviados los productos no se aceptan cambios ni devoluciones.<\/p>\n","protected":false},"excerpt":{"rendered":"<p>La Marlin 6 es la bicicleta ideal para mejorar tus habilidades en los senderos. La geometr\u00eda del cuadro m\u00e1s relajada facilita el control en los descensos, mientras que la horquilla de suspensi\u00f3n absorbe los baches de los senderos. Los soportes integrados para el portabultos y la pata de cabra hacen que sea muy f\u00e1cil incorporar &hellip;<\/p>\n<p class=\"read-more\"> <a class=\"\" href=\"https:\/\/cu4trobikes.es\/index.php\/producto\/marlin-6-gen-3-2025\/\"> <span class=\"screen-reader-text\">Marlin 6 Gen 3 2025<\/span> Leer m\u00e1s &raquo;<\/a><\/p>\n","protected":false},"featured_media":292,"comment_status":"open","ping_status":"closed","template":"","meta":{"_uag_custom_page_level_css":"","site-sidebar-layout":"default","site-content-layout":"","ast-site-content-layout":"default","site-content-style":"default","site-sidebar-style":"default","ast-global-header-display":"","ast-banner-title-visibility":"","ast-main-header-display":"","ast-hfb-above-header-display":"","ast-hfb-below-header-display":"","ast-hfb-mobile-header-display":"","site-post-title":"","ast-breadcrumbs-content":"","ast-featured-img":"","footer-sml-layout":"","theme-transparent-header-meta":"default","adv-header-id-meta":"","stick-header-meta":"","header-above-stick-meta":"","header-main-stick-meta":"","header-below-stick-meta":"","astra-migrate-meta-layouts":"set","ast-page-background-enabled":"default","ast-page-background-meta":{"desktop":{"background-color":"var(--ast-global-color-4)","background-image":"","background-repeat":"repeat","background-position":"center center","background-size":"auto","background-attachment":"scroll","background-type":"","background-media":"","overlay-type":"","overlay-color":"","overlay-gradient":""},"tablet":{"background-color":"","background-image":"","background-repeat":"repeat","background-position":"center center","background-size":"auto","background-attachment":"scroll","background-type":"","background-media":"","overlay-type":"","overlay-color":"","overlay-gradient":""},"mobile":{"background-color":"","background-image":"","background-repeat":"repeat","background-position":"center center","background-size":"auto","background-attachment":"scroll","background-type":"","background-media":"","overlay-type":"","overlay-color":"","overlay-gradient":""}},"ast-content-background-meta":{"desktop":{"background-color":"var(--ast-global-color-5)","background-image":"","background-repeat":"repeat","background-position":"center center","background-size":"auto","background-attachment":"scroll","background-type":"","background-media":"","overlay-type":"","overlay-color":"","overlay-gradient":""},"tablet":{"background-color":"var(--ast-global-color-5)","background-image":"","background-repeat":"repeat","background-position":"center center","background-size":"auto","background-attachment":"scroll","background-type":"","background-media":"","overlay-type":"","overlay-color":"","overlay-gradient":""},"mobile":{"background-color":"var(--ast-global-color-5)","background-image":"","background-repeat":"repeat","background-position":"center center","background-size":"auto","background-attachment":"scroll","background-type":"","background-media":"","overlay-type":"","overlay-color":"","overlay-gradient":""}}},"product_cat":[25,54],"product_tag":[],"class_list":{"0":"post-863","1":"product","2":"type-product","3":"status-publish","4":"has-post-thumbnail","6":"product_cat-montana","7":"product_cat-rebajas","8":"desktop-align-center","9":"tablet-align-left","10":"mobile-align-left","12":"first","13":"instock","14":"sale","15":"sold-individually","16":"shipping-taxable","17":"purchasable","18":"product-type-simple"},"uagb_featured_image_src":{"full":["https:\/\/cu4trobikes.es\/wp-content\/uploads\/2024\/05\/Marlin6-24-40962-C-Primary.webp",1440,1080,false],"thumbnail":["https:\/\/cu4trobikes.es\/wp-content\/uploads\/2024\/05\/Marlin6-24-40962-C-Primary-150x150.webp",150,150,true],"medium":["https:\/\/cu4trobikes.es\/wp-content\/uploads\/2024\/05\/Marlin6-24-40962-C-Primary-300x225.webp",300,225,true],"medium_large":["https:\/\/cu4trobikes.es\/wp-content\/uploads\/2024\/05\/Marlin6-24-40962-C-Primary-768x576.webp",768,576,true],"large":["https:\/\/cu4trobikes.es\/wp-content\/uploads\/2024\/05\/Marlin6-24-40962-C-Primary-1024x768.webp",1024,768,true],"1536x1536":["https:\/\/cu4trobikes.es\/wp-content\/uploads\/2024\/05\/Marlin6-24-40962-C-Primary.webp",1440,1080,false],"2048x2048":["https:\/\/cu4trobikes.es\/wp-content\/uploads\/2024\/05\/Marlin6-24-40962-C-Primary.webp",1440,1080,false],"woocommerce_thumbnail":["https:\/\/cu4trobikes.es\/wp-content\/uploads\/2024\/05\/Marlin6-24-40962-C-Primary-300x225.webp",300,225,true],"woocommerce_single":["https:\/\/cu4trobikes.es\/wp-content\/uploads\/2024\/05\/Marlin6-24-40962-C-Primary-600x450.webp",600,450,true],"woocommerce_gallery_thumbnail":["https:\/\/cu4trobikes.es\/wp-content\/uploads\/2024\/05\/Marlin6-24-40962-C-Primary-100x100.webp",100,100,true]},"uagb_author_info":{"display_name":"maria de los angeles pando tu\u00f1on","author_link":"https:\/\/cu4trobikes.es\/index.php\/author\/"},"uagb_comment_info":0,"uagb_excerpt":"La Marlin 6 es la bicicleta ideal para mejorar tus habilidades en los senderos. La geometr\u00eda del cuadro m\u00e1s relajada facilita el control en los descensos, mientras que la horquilla de suspensi\u00f3n absorbe los baches de los senderos. Los soportes integrados para el portabultos y la pata de cabra hacen que sea muy f\u00e1cil incorporar&hellip;","_links":{"self":[{"href":"https:\/\/cu4trobikes.es\/index.php\/wp-json\/wp\/v2\/product\/863","targetHints":{"allow":["GET"]}}],"collection":[{"href":"https:\/\/cu4trobikes.es\/index.php\/wp-json\/wp\/v2\/product"}],"about":[{"href":"https:\/\/cu4trobikes.es\/index.php\/wp-json\/wp\/v2\/types\/product"}],"replies":[{"embeddable":true,"href":"https:\/\/cu4trobikes.es\/index.php\/wp-json\/wp\/v2\/comments?post=863"}],"wp:featuredmedia":[{"embeddable":true,"href":"https:\/\/cu4trobikes.es\/index.php\/wp-json\/wp\/v2\/media\/292"}],"wp:attachment":[{"href":"https:\/\/cu4trobikes.es\/index.php\/wp-json\/wp\/v2\/media?parent=863"}],"wp:term":[{"taxonomy":"product_cat","embeddable":true,"href":"https:\/\/cu4trobikes.es\/index.php\/wp-json\/wp\/v2\/product_cat?post=863"},{"taxonomy":"product_tag","embeddable":true,"href":"https:\/\/cu4trobikes.es\/index.php\/wp-json\/wp\/v2\/product_tag?post=863"}],"curies":[{"name":"wp","href":"https:\/\/api.w.org\/{rel}","templated":true}]}}