{"id":875,"date":"2025-10-08T11:23:05","date_gmt":"2025-10-08T10:23:05","guid":{"rendered":"https:\/\/cu4trobikes.es\/?post_type=product&#038;p=875"},"modified":"2025-11-06T18:27:13","modified_gmt":"2025-11-06T17:27:13","slug":"marlin-5-gen-3-2025","status":"publish","type":"product","link":"https:\/\/cu4trobikes.es\/index.php\/producto\/marlin-5-gen-3-2025\/","title":{"rendered":"Marlin 5 Gen 3"},"content":{"rendered":"<p>La Marlin 5 es una bicicleta preparada para trail, ideal para las aventuras del d\u00eda a d\u00eda, ya sea por senderos o fuera de ellos. Tiene un cuadro preparado para los senderos con una horquilla de suspensi\u00f3n, cambio Shimano CUES de 9 velocidades, y los soportes para portabultos y para pata de cabra la convierten en la elecci\u00f3n ideal para los ciclistas de trail, o para aquellos que buscan una bicicleta c\u00f3moda y estable para moverse por la ciudad con la resistencia de una aut\u00e9ntica bicicleta de monta\u00f1a.<\/p>\n","protected":false},"excerpt":{"rendered":"<p>La Marlin 5 es una bicicleta preparada para trail, ideal para las aventuras del d\u00eda a d\u00eda, ya sea por senderos o fuera de ellos. Tiene un cuadro preparado para los senderos con una horquilla de suspensi\u00f3n, cambio Shimano CUES de 9 velocidades, y los soportes para portabultos y para pata de cabra la convierten &hellip;<\/p>\n<p class=\"read-more\"> <a class=\"\" href=\"https:\/\/cu4trobikes.es\/index.php\/producto\/marlin-5-gen-3-2025\/\"> <span class=\"screen-reader-text\">Marlin 5 Gen 3<\/span> Leer m\u00e1s &raquo;<\/a><\/p>\n","protected":false},"featured_media":878,"comment_status":"open","ping_status":"closed","template":"","meta":{"_uag_custom_page_level_css":"","site-sidebar-layout":"default","site-content-layout":"","ast-site-content-layout":"default","site-content-style":"default","site-sidebar-style":"default","ast-global-header-display":"","ast-banner-title-visibility":"","ast-main-header-display":"","ast-hfb-above-header-display":"","ast-hfb-below-header-display":"","ast-hfb-mobile-header-display":"","site-post-title":"","ast-breadcrumbs-content":"","ast-featured-img":"","footer-sml-layout":"","theme-transparent-header-meta":"default","adv-header-id-meta":"","stick-header-meta":"","header-above-stick-meta":"","header-main-stick-meta":"","header-below-stick-meta":"","astra-migrate-meta-layouts":"set","ast-page-background-enabled":"default","ast-page-background-meta":{"desktop":{"background-color":"var(--ast-global-color-4)","background-image":"","background-repeat":"repeat","background-position":"center center","background-size":"auto","background-attachment":"scroll","background-type":"","background-media":"","overlay-type":"","overlay-color":"","overlay-gradient":""},"tablet":{"background-color":"","background-image":"","background-repeat":"repeat","background-position":"center center","background-size":"auto","background-attachment":"scroll","background-type":"","background-media":"","overlay-type":"","overlay-color":"","overlay-gradient":""},"mobile":{"background-color":"","background-image":"","background-repeat":"repeat","background-position":"center center","background-size":"auto","background-attachment":"scroll","background-type":"","background-media":"","overlay-type":"","overlay-color":"","overlay-gradient":""}},"ast-content-background-meta":{"desktop":{"background-color":"var(--ast-global-color-5)","background-image":"","background-repeat":"repeat","background-position":"center center","background-size":"auto","background-attachment":"scroll","background-type":"","background-media":"","overlay-type":"","overlay-color":"","overlay-gradient":""},"tablet":{"background-color":"var(--ast-global-color-5)","background-image":"","background-repeat":"repeat","background-position":"center center","background-size":"auto","background-attachment":"scroll","background-type":"","background-media":"","overlay-type":"","overlay-color":"","overlay-gradient":""},"mobile":{"background-color":"var(--ast-global-color-5)","background-image":"","background-repeat":"repeat","background-position":"center center","background-size":"auto","background-attachment":"scroll","background-type":"","background-media":"","overlay-type":"","overlay-color":"","overlay-gradient":""}}},"product_cat":[25],"product_tag":[],"class_list":{"0":"post-875","1":"product","2":"type-product","3":"status-publish","4":"has-post-thumbnail","6":"product_cat-montana","7":"product_shipping_class-bicicletas","8":"desktop-align-center","9":"tablet-align-left","10":"mobile-align-left","12":"first","13":"instock","14":"shipping-taxable","15":"purchasable","16":"product-type-simple"},"uagb_featured_image_src":{"full":["https:\/\/cu4trobikes.es\/wp-content\/uploads\/2025\/10\/Marlin5-26-57363-C-Portrait.avif",1440,1080,false],"thumbnail":["https:\/\/cu4trobikes.es\/wp-content\/uploads\/2025\/10\/Marlin5-26-57363-C-Portrait-150x150.avif",150,150,true],"medium":["https:\/\/cu4trobikes.es\/wp-content\/uploads\/2025\/10\/Marlin5-26-57363-C-Portrait-300x225.avif",300,225,true],"medium_large":["https:\/\/cu4trobikes.es\/wp-content\/uploads\/2025\/10\/Marlin5-26-57363-C-Portrait-768x576.avif",768,576,true],"large":["https:\/\/cu4trobikes.es\/wp-content\/uploads\/2025\/10\/Marlin5-26-57363-C-Portrait-1024x768.avif",1024,768,true],"1536x1536":["https:\/\/cu4trobikes.es\/wp-content\/uploads\/2025\/10\/Marlin5-26-57363-C-Portrait.avif",1440,1080,false],"2048x2048":["https:\/\/cu4trobikes.es\/wp-content\/uploads\/2025\/10\/Marlin5-26-57363-C-Portrait.avif",1440,1080,false],"woocommerce_thumbnail":["https:\/\/cu4trobikes.es\/wp-content\/uploads\/2025\/10\/Marlin5-26-57363-C-Portrait-300x225.avif",300,225,true],"woocommerce_single":["https:\/\/cu4trobikes.es\/wp-content\/uploads\/2025\/10\/Marlin5-26-57363-C-Portrait-600x450.avif",600,450,true],"woocommerce_gallery_thumbnail":["https:\/\/cu4trobikes.es\/wp-content\/uploads\/2025\/10\/Marlin5-26-57363-C-Portrait-100x100.avif",100,100,true]},"uagb_author_info":{"display_name":"maria de los angeles pando tu\u00f1on","author_link":"https:\/\/cu4trobikes.es\/index.php\/author\/"},"uagb_comment_info":0,"uagb_excerpt":"La Marlin 5 es una bicicleta preparada para trail, ideal para las aventuras del d\u00eda a d\u00eda, ya sea por senderos o fuera de ellos. Tiene un cuadro preparado para los senderos con una horquilla de suspensi\u00f3n, cambio Shimano CUES de 9 velocidades, y los soportes para portabultos y para pata de cabra la convierten&hellip;","_links":{"self":[{"href":"https:\/\/cu4trobikes.es\/index.php\/wp-json\/wp\/v2\/product\/875","targetHints":{"allow":["GET"]}}],"collection":[{"href":"https:\/\/cu4trobikes.es\/index.php\/wp-json\/wp\/v2\/product"}],"about":[{"href":"https:\/\/cu4trobikes.es\/index.php\/wp-json\/wp\/v2\/types\/product"}],"replies":[{"embeddable":true,"href":"https:\/\/cu4trobikes.es\/index.php\/wp-json\/wp\/v2\/comments?post=875"}],"wp:featuredmedia":[{"embeddable":true,"href":"https:\/\/cu4trobikes.es\/index.php\/wp-json\/wp\/v2\/media\/878"}],"wp:attachment":[{"href":"https:\/\/cu4trobikes.es\/index.php\/wp-json\/wp\/v2\/media?parent=875"}],"wp:term":[{"taxonomy":"product_cat","embeddable":true,"href":"https:\/\/cu4trobikes.es\/index.php\/wp-json\/wp\/v2\/product_cat?post=875"},{"taxonomy":"product_tag","embeddable":true,"href":"https:\/\/cu4trobikes.es\/index.php\/wp-json\/wp\/v2\/product_tag?post=875"}],"curies":[{"name":"wp","href":"https:\/\/api.w.org\/{rel}","templated":true}]}}